{"id":1157,"date":"2020-11-19T10:58:40","date_gmt":"2020-11-19T09:58:40","guid":{"rendered":"https:\/\/domfesasl.com\/en\/?page_id=1157"},"modified":"2022-09-21T13:25:20","modified_gmt":"2022-09-21T11:25:20","slug":"security-access-for-loading-and-unloading","status":"publish","type":"page","link":"https:\/\/domfesasl.com\/en\/security-access-for-loading-and-unloading\/","title":{"rendered":"Security access for loading and unloading"},"content":{"rendered":"<p>[et_pb_section fb_built=&#8221;1&#8243; _builder_version=&#8221;4.16&#8243; custom_margin=&#8221;-58px|||||&#8221; top_divider_color=&#8221;#b3b3b3&#8243; top_divider_height=&#8221;40px&#8221; bottom_divider_color=&#8221;#b3b3b3&#8243; bottom_divider_height=&#8221;40px&#8221; border_width_top=&#8221;10px&#8221; border_color_top=&#8221;#b3b3b3&#8243; global_colors_info=&#8221;{}&#8221;][et_pb_row _builder_version=&#8221;4.16&#8243; global_colors_info=&#8221;{}&#8221;][et_pb_column type=&#8221;4_4&#8243; _builder_version=&#8221;4.16&#8243; global_colors_info=&#8221;{}&#8221;][et_pb_text _builder_version=&#8221;4.16&#8243; header_font=&#8221;Arial||||||||&#8221; header_font_size=&#8221;44px&#8221; global_colors_info=&#8221;{}&#8221;]<\/p>\n<h1 style=\"text-align: center;\">Security gateway access<\/h1>\n<p>[\/et_pb_text][\/et_pb_column][\/et_pb_row][et_pb_row column_structure=&#8221;1_2,1_2&#8243; _builder_version=&#8221;4.16&#8243; custom_margin=&#8221;-10px|auto|-30px|auto||&#8221; global_colors_info=&#8221;{}&#8221;][et_pb_column type=&#8221;1_2&#8243; _builder_version=&#8221;4.16&#8243; global_colors_info=&#8221;{}&#8221;][et_pb_code _builder_version=&#8221;4.18.0&#8243; _module_preset=&#8221;default&#8221; hover_enabled=&#8221;0&#8243; sticky_enabled=&#8221;0&#8243;]<iframe loading=\"lazy\" width=\"560\" height=\"315\" src=\"https:\/\/www.youtube.com\/embed\/wUywRi_nfqQ?rel=0\" title=\"YouTube video player\" frameborder=\"0\" allow=\"accelerometer; autoplay; clipboard-write; encrypted-media; gyroscope; picture-in-picture\" allowfullscreen><\/iframe>[\/et_pb_code][et_pb_image src=&#8221;https:\/\/domfesasl.com\/wp-content\/uploads\/2020\/11\/SEGURIDAD-DE-CARGA-Y-DESCARGA-800x600px.jpg&#8221; title_text=&#8221;SEGURIDAD-DE-CARGA-Y-DESCARGA-800x600px&#8221; _builder_version=&#8221;4.16&#8243; global_colors_info=&#8221;{}&#8221;][\/et_pb_image][et_pb_image src=&#8221;https:\/\/domfesasl.com\/wp-content\/uploads\/2020\/11\/SEGURIDAD-DE-CARGA-Y-DESCARGA2-800x600px.jpg&#8221; alt=&#8221;Acceso de seguridad de carga y descarga&#8221; title_text=&#8221;SEGURIDAD-DE-CARGA-Y-DESCARGA2-800x600px&#8221; _builder_version=&#8221;4.16&#8243; global_colors_info=&#8221;{}&#8221;][\/et_pb_image][\/et_pb_column][et_pb_column type=&#8221;1_2&#8243; _builder_version=&#8221;4.16&#8243; global_colors_info=&#8221;{}&#8221;][et_pb_text _builder_version=&#8221;4.16&#8243; text_font=&#8221;Arial||||||||&#8221; text_font_size=&#8221;16px&#8221; custom_margin=&#8221;||5px|||&#8221; global_colors_info=&#8221;{}&#8221;]<\/p>\n<p>At Domfesa we have developed an innovative accessibility system with high technical security features.<\/p>\n<p>The prevention of occupational risks is fundamental in the industry, which is why our R+D department has designed an access-passage system with a series of electronic devices that guarantee the safety and well-being of the operator who has to carry out an activity in a complex access area at all times. This system also includes a life line system that provides greater safety and protection.<\/p>\n<p>The security gateway system designed and manufactured by Domfesa provides absolute security, control, functionality and protection.<\/p>\n<p>[\/et_pb_text][\/et_pb_column][\/et_pb_row][et_pb_row _builder_version=&#8221;4.16&#8243; _module_preset=&#8221;default&#8221; locked=&#8221;off&#8221; global_colors_info=&#8221;{}&#8221;][et_pb_column type=&#8221;4_4&#8243; _builder_version=&#8221;4.16&#8243; _module_preset=&#8221;default&#8221; global_colors_info=&#8221;{}&#8221;][et_pb_button button_url=&#8221;https:\/\/domfesasl.com\/en\/wp-content\/uploads\/sites\/2\/2020\/11\/Security-gateway-accesses.pdf&#8221; url_new_window=&#8221;on&#8221; button_text=&#8221;Security gateway access. Download PDF&#8221; button_alignment=&#8221;center&#8221; _builder_version=&#8221;4.16&#8243; custom_button=&#8221;on&#8221; button_text_color=&#8221;#ffffff&#8221; button_bg_color=&#8221;#1312F1&#8243; button_border_width=&#8221;0px&#8221; button_border_color=&#8221;#b3b3b3&#8243; button_font=&#8221;Arial||||||||&#8221; button_icon=&#8221;&#xe03c;||divi||400&#8243; custom_margin=&#8221;13px|||||&#8221; global_colors_info=&#8221;{}&#8221;][\/et_pb_button][\/et_pb_column][\/et_pb_row][\/et_pb_section]<\/p>\n","protected":false},"excerpt":{"rendered":"<p>Security gateway accessAt Domfesa we have developed an innovative accessibility system with high technical security features. The prevention of occupational risks is fundamental in the industry, which is why our R+D department has designed an access-passage system with a series of electronic devices that guarantee the safety and well-being of the operator who has to [&hellip;]<\/p>\n","protected":false},"author":2,"featured_media":0,"parent":0,"menu_order":0,"comment_status":"closed","ping_status":"closed","template":"","meta":{"_et_pb_use_builder":"on","_et_pb_old_content":"[et_pb_section fb_built=\"1\" _builder_version=\"4.4.5\" custom_margin=\"-58px|||||\" top_divider_color=\"#b3b3b3\" top_divider_height=\"40px\" bottom_divider_color=\"#b3b3b3\" bottom_divider_height=\"40px\" border_width_top=\"10px\" border_color_top=\"#b3b3b3\"][et_pb_row _builder_version=\"3.28\"][et_pb_column type=\"4_4\" _builder_version=\"3.28\"][et_pb_text _builder_version=\"4.6.1\" header_font=\"Arial||||||||\" header_font_size=\"44px\"]<h1 style=\"text-align: center;\">Accesos pasarela de seguridad<\/h1>[\/et_pb_text][\/et_pb_column][\/et_pb_row][et_pb_row column_structure=\"1_2,1_2\" _builder_version=\"3.28\" custom_margin=\"-10px|auto|-30px|auto||\"][et_pb_column type=\"1_2\" _builder_version=\"3.28\"][et_pb_image src=\"https:\/\/domfesasl.com\/wp-content\/uploads\/2020\/11\/SEGURIDAD-DE-CARGA-Y-DESCARGA-800x600px.jpg\" title_text=\"SEGURIDAD-DE-CARGA-Y-DESCARGA-800x600px\" _builder_version=\"4.6.1\"][\/et_pb_image][et_pb_image src=\"https:\/\/domfesasl.com\/wp-content\/uploads\/2020\/11\/SEGURIDAD-DE-CARGA-Y-DESCARGA2-800x600px.jpg\" alt=\"Acceso de seguridad de carga y descarga\" title_text=\"SEGURIDAD-DE-CARGA-Y-DESCARGA2-800x600px\" _builder_version=\"4.6.1\"][\/et_pb_image][\/et_pb_column][et_pb_column type=\"1_2\" _builder_version=\"3.28\"][et_pb_text _builder_version=\"4.6.1\" text_font=\"Arial||||||||\" text_font_size=\"16px\" custom_margin=\"||5px|||\"]<p>En Domfesa hemos desarrollado un sistema de accesibilidad innovador y de altas caracter\u00edsticas t\u00e9cnicas de seguridad.<\/p>\r\n<p>La prevenci\u00f3n de riesgos laborales es fundamental en la industria, es por ellos que nuestro departamento de I+D ha dise\u00f1ado un sistema de acceso-pasarela con una serie de dispositivos electr\u00f3nicos que garantizan en todo momento la seguridad y bienestar del operario\/a que tiene que llevar a cabo una actividad en una zona de acceso complejo. Este sistema adem\u00e1s, contempla un sistema de l\u00ednea de vida que proporciona una mayor seguridad y protecci\u00f3n.<\/p>\r\n<p>El sistema de pasarelas de seguridad dise\u00f1ado y fabricado por Domfesa facilita una absoluta seguridad, control, funcionalidad y protecci\u00f3n.<\/p>[\/et_pb_text][\/et_pb_column][\/et_pb_row][et_pb_row _builder_version=\"4.6.1\" _module_preset=\"default\" locked=\"off\"][et_pb_column type=\"4_4\" _builder_version=\"4.6.1\" _module_preset=\"default\"][et_pb_button button_url=\"https:\/\/domfesasl.com\/wp-content\/uploads\/2020\/11\/Accesos-pasarela-de-seguridad.pdf\" url_new_window=\"on\" button_text=\"Accesos pasarela de seguridad. Descargar PDF\" button_alignment=\"center\" _builder_version=\"4.6.1\" custom_button=\"on\" button_text_color=\"#ffffff\" button_bg_color=\"#1312F1\" button_border_width=\"0px\" button_border_color=\"#b3b3b3\" button_font=\"Arial||||||||\" button_icon=\"%%180%%\" custom_margin=\"13px|||||\"][\/et_pb_button][\/et_pb_column][\/et_pb_row][\/et_pb_section]","_et_gb_content_width":"","footnotes":""},"class_list":["post-1157","page","type-page","status-publish","hentry"],"yoast_head":"<!-- This site is optimized with the Yoast SEO Premium plugin v20.10 (Yoast SEO v25.4) - https:\/\/yoast.com\/wordpress\/plugins\/seo\/ -->\n<title>Security access for loading and unloading - Domfesa<\/title>\n<meta name=\"description\" content=\"At Domfesa we have developed an innovative accessibility system with high technical security features. The prevention of occupational risks.\" \/>\n<meta name=\"robots\" content=\"index, follow, max-snippet:-1, max-image-preview:large, max-video-preview:-1\" \/>\n<link rel=\"canonical\" href=\"https:\/\/domfesasl.com\/en\/security-access-for-loading-and-unloading\/\" \/>\n<meta property=\"og:locale\" content=\"en_GB\" \/>\n<meta property=\"og:type\" content=\"article\" \/>\n<meta property=\"og:title\" content=\"Security access for loading and unloading\" \/>\n<meta property=\"og:description\" content=\"At Domfesa we have developed an innovative accessibility system with high technical security features. The prevention of occupational risks.\" \/>\n<meta property=\"og:url\" content=\"https:\/\/domfesasl.com\/en\/security-access-for-loading-and-unloading\/\" \/>\n<meta property=\"og:site_name\" content=\"Industrial Machinery and Boilermaking\" \/>\n<meta property=\"article:modified_time\" content=\"2022-09-21T11:25:20+00:00\" \/>\n<meta name=\"twitter:card\" content=\"summary_large_image\" \/>\n<meta name=\"twitter:label1\" content=\"Estimated reading time\" \/>\n\t<meta name=\"twitter:data1\" content=\"2 minutes\" \/>\n<script type=\"application\/ld+json\" class=\"yoast-schema-graph\">{\"@context\":\"https:\/\/schema.org\",\"@graph\":[{\"@type\":\"WebPage\",\"@id\":\"https:\/\/domfesasl.com\/en\/security-access-for-loading-and-unloading\/\",\"url\":\"https:\/\/domfesasl.com\/en\/security-access-for-loading-and-unloading\/\",\"name\":\"Security access for loading and unloading - Domfesa\",\"isPartOf\":{\"@id\":\"https:\/\/domfesasl.com\/en\/#website\"},\"datePublished\":\"2020-11-19T09:58:40+00:00\",\"dateModified\":\"2022-09-21T11:25:20+00:00\",\"description\":\"At Domfesa we have developed an innovative accessibility system with high technical security features. The prevention of occupational risks.\",\"breadcrumb\":{\"@id\":\"https:\/\/domfesasl.com\/en\/security-access-for-loading-and-unloading\/#breadcrumb\"},\"inLanguage\":\"en-GB\",\"potentialAction\":[{\"@type\":\"ReadAction\",\"target\":[\"https:\/\/domfesasl.com\/en\/security-access-for-loading-and-unloading\/\"]}]},{\"@type\":\"BreadcrumbList\",\"@id\":\"https:\/\/domfesasl.com\/en\/security-access-for-loading-and-unloading\/#breadcrumb\",\"itemListElement\":[{\"@type\":\"ListItem\",\"position\":1,\"name\":\"Portada\",\"item\":\"https:\/\/domfesasl.com\/en\/\"},{\"@type\":\"ListItem\",\"position\":2,\"name\":\"Security access for loading and unloading\"}]},{\"@type\":\"WebSite\",\"@id\":\"https:\/\/domfesasl.com\/en\/#website\",\"url\":\"https:\/\/domfesasl.com\/en\/\",\"name\":\"Industrial Machinery and Boilermaking\",\"description\":\"Domfesa is a company that designs and manufactures INDUSTRIAL MACHINERY and BOILERING\",\"potentialAction\":[{\"@type\":\"SearchAction\",\"target\":{\"@type\":\"EntryPoint\",\"urlTemplate\":\"https:\/\/domfesasl.com\/en\/?s={search_term_string}\"},\"query-input\":{\"@type\":\"PropertyValueSpecification\",\"valueRequired\":true,\"valueName\":\"search_term_string\"}}],\"inLanguage\":\"en-GB\"}]}<\/script>\n<!-- \/ Yoast SEO Premium plugin. -->","yoast_head_json":{"title":"Security access for loading and unloading - Domfesa","description":"At Domfesa we have developed an innovative accessibility system with high technical security features. The prevention of occupational risks.","robots":{"index":"index","follow":"follow","max-snippet":"max-snippet:-1","max-image-preview":"max-image-preview:large","max-video-preview":"max-video-preview:-1"},"canonical":"https:\/\/domfesasl.com\/en\/security-access-for-loading-and-unloading\/","og_locale":"en_GB","og_type":"article","og_title":"Security access for loading and unloading","og_description":"At Domfesa we have developed an innovative accessibility system with high technical security features. The prevention of occupational risks.","og_url":"https:\/\/domfesasl.com\/en\/security-access-for-loading-and-unloading\/","og_site_name":"Industrial Machinery and Boilermaking","article_modified_time":"2022-09-21T11:25:20+00:00","twitter_card":"summary_large_image","twitter_misc":{"Estimated reading time":"2 minutes"},"schema":{"@context":"https:\/\/schema.org","@graph":[{"@type":"WebPage","@id":"https:\/\/domfesasl.com\/en\/security-access-for-loading-and-unloading\/","url":"https:\/\/domfesasl.com\/en\/security-access-for-loading-and-unloading\/","name":"Security access for loading and unloading - Domfesa","isPartOf":{"@id":"https:\/\/domfesasl.com\/en\/#website"},"datePublished":"2020-11-19T09:58:40+00:00","dateModified":"2022-09-21T11:25:20+00:00","description":"At Domfesa we have developed an innovative accessibility system with high technical security features. The prevention of occupational risks.","breadcrumb":{"@id":"https:\/\/domfesasl.com\/en\/security-access-for-loading-and-unloading\/#breadcrumb"},"inLanguage":"en-GB","potentialAction":[{"@type":"ReadAction","target":["https:\/\/domfesasl.com\/en\/security-access-for-loading-and-unloading\/"]}]},{"@type":"BreadcrumbList","@id":"https:\/\/domfesasl.com\/en\/security-access-for-loading-and-unloading\/#breadcrumb","itemListElement":[{"@type":"ListItem","position":1,"name":"Portada","item":"https:\/\/domfesasl.com\/en\/"},{"@type":"ListItem","position":2,"name":"Security access for loading and unloading"}]},{"@type":"WebSite","@id":"https:\/\/domfesasl.com\/en\/#website","url":"https:\/\/domfesasl.com\/en\/","name":"Industrial Machinery and Boilermaking","description":"Domfesa is a company that designs and manufactures INDUSTRIAL MACHINERY and BOILERING","potentialAction":[{"@type":"SearchAction","target":{"@type":"EntryPoint","urlTemplate":"https:\/\/domfesasl.com\/en\/?s={search_term_string}"},"query-input":{"@type":"PropertyValueSpecification","valueRequired":true,"valueName":"search_term_string"}}],"inLanguage":"en-GB"}]}},"_links":{"self":[{"href":"https:\/\/domfesasl.com\/en\/wp-json\/wp\/v2\/pages\/1157","targetHints":{"allow":["GET"]}}],"collection":[{"href":"https:\/\/domfesasl.com\/en\/wp-json\/wp\/v2\/pages"}],"about":[{"href":"https:\/\/domfesasl.com\/en\/wp-json\/wp\/v2\/types\/page"}],"author":[{"embeddable":true,"href":"https:\/\/domfesasl.com\/en\/wp-json\/wp\/v2\/users\/2"}],"replies":[{"embeddable":true,"href":"https:\/\/domfesasl.com\/en\/wp-json\/wp\/v2\/comments?post=1157"}],"version-history":[{"count":5,"href":"https:\/\/domfesasl.com\/en\/wp-json\/wp\/v2\/pages\/1157\/revisions"}],"predecessor-version":[{"id":1358,"href":"https:\/\/domfesasl.com\/en\/wp-json\/wp\/v2\/pages\/1157\/revisions\/1358"}],"wp:attachment":[{"href":"https:\/\/domfesasl.com\/en\/wp-json\/wp\/v2\/media?parent=1157"}],"curies":[{"name":"wp","href":"https:\/\/api.w.org\/{rel}","templated":true}]}}