{"id":1207,"date":"2020-11-24T12:39:19","date_gmt":"2020-11-24T11:39:19","guid":{"rendered":"https:\/\/domfesasl.com\/en\/?page_id=1207"},"modified":"2024-03-27T19:54:49","modified_gmt":"2024-03-27T18:54:49","slug":"researcher-development-innovation","status":"publish","type":"page","link":"https:\/\/domfesasl.com\/en\/researcher-development-innovation\/","title":{"rendered":"RESEARCH, DEVELOPMENT AND INNOVATION"},"content":{"rendered":"<p>[et_pb_section fb_built=&#8221;1&#8243; disabled_on=&#8221;on|off|off&#8221; _builder_version=&#8221;4.24.2&#8243; background_color=&#8221;#FFFFFF&#8221; background_enable_image=&#8221;off&#8221; custom_margin=&#8221;||0px||false|false&#8221; custom_padding=&#8221;||||false|false&#8221; locked=&#8221;off&#8221; global_colors_info=&#8221;{}&#8221;][et_pb_row _builder_version=&#8221;4.16&#8243; _module_preset=&#8221;default&#8221; global_colors_info=&#8221;{}&#8221;][et_pb_column type=&#8221;4_4&#8243; _builder_version=&#8221;4.16&#8243; _module_preset=&#8221;default&#8221; global_colors_info=&#8221;{}&#8221;][et_pb_text _builder_version=&#8221;4.24.2&#8243; _module_preset=&#8221;default&#8221; header_font_size=&#8221;19px&#8221; header_2_text_color=&#8221;#1729f2&#8243; header_2_font_size=&#8221;80px&#8221; global_colors_info=&#8221;{}&#8221;]<\/p>\n<h2 style=\"text-align: center;\">I+D+i<\/h2>\n<p>[\/et_pb_text][\/et_pb_column][\/et_pb_row][\/et_pb_section][et_pb_section fb_built=&#8221;1&#8243; module_id=&#8221;clientes&#8221; _builder_version=&#8221;4.24.2&#8243; _module_preset=&#8221;default&#8221; background_color=&#8221;#1729f2&#8243; custom_margin=&#8221;0px||0px||false|false&#8221; custom_padding=&#8221;0px||0px||false|false&#8221; custom_css_main_element=&#8221;.windows-projects-team .et_pb_team_member_image:before {||position: absolute;||content: %22%22;||background-color: rgba(117,183,119, 0.8);||width: 100%;||height: 100%;||top: 100%;||opacity: 0;||transition: all .4s ease-in-out;||}||.windows-projects-team:hover .et_pb_team_member_image:before{||top:0%!important;||opacity:1!important;||transition: all .4s ease-in-out;||}||.testiname{||color:#fff;||font-family:%22Kurale%22;||font-size:25px;||font-weight:bold;||}||@media screen and (max-width: 980px) and (min-width: 768px) {||.windows-projects-team .et_pb_team_member_description {||display: block!important;||}||}||@media screen and (max-width:980px) {||.et_pb_slide_content {||font-size: 16px!important;||font-weight: 400;||}||}||.windows-projects-team .et_pb_team_member_image img {||width: 100%!important;||}&#8221; border_color_top=&#8221;#b3b3b3&#8243; locked=&#8221;off&#8221; global_colors_info=&#8221;{}&#8221;][et_pb_row _builder_version=&#8221;4.24.2&#8243; _module_preset=&#8221;default&#8221; background_color=&#8221;RGBA(255,255,255,0)&#8221; custom_padding=&#8221;43px|||||&#8221; global_colors_info=&#8221;{}&#8221;][et_pb_column type=&#8221;4_4&#8243; _builder_version=&#8221;4.16&#8243; _module_preset=&#8221;default&#8221; global_colors_info=&#8221;{}&#8221;][et_pb_text _builder_version=&#8221;4.24.2&#8243; _module_preset=&#8221;default&#8221; header_text_color=&#8221;#FFFFFF&#8221; header_2_font=&#8221;|600|||||||&#8221; header_2_text_color=&#8221;#1429f2&#8243; header_2_font_size=&#8221;24px&#8221; background_color=&#8221;#FFFFFF&#8221; module_alignment=&#8221;center&#8221; height=&#8221;30px&#8221; custom_margin=&#8221;||||false|false&#8221; custom_padding=&#8221;4px||30px||false|false&#8221; hover_enabled=&#8221;0&#8243; locked=&#8221;off&#8221; global_colors_info=&#8221;{}&#8221; sticky_enabled=&#8221;0&#8243;]<\/p>\n<h2 style=\"text-align: center;\">RESEARCH, DEVELOPMENT AND INNOVATION<\/h2>\n<p>[\/et_pb_text][et_pb_text _builder_version=&#8221;4.24.2&#8243; _module_preset=&#8221;default&#8221; text_text_color=&#8221;#FFFFFF&#8221; text_font_size=&#8221;16px&#8221; text_line_height=&#8221;1.4em&#8221; header_font_size=&#8221;36px&#8221; header_line_height=&#8221;1.9em&#8221; header_2_font_size=&#8221;36px&#8221; header_2_line_height=&#8221;2.5em&#8221; background_color=&#8221;RGBA(255,255,255,0)&#8221; custom_margin=&#8221;||9px|||&#8221; hover_enabled=&#8221;0&#8243; global_colors_info=&#8221;{}&#8221; sticky_enabled=&#8221;0&#8243;]<\/p>\n<p>At Domfesa we are deeply committed to research and technological development. Products that are increasingly efficient, sustainable and safe.<\/p>\n<p>Our team develops manufacturing processes, design and innovative industrial machinery, which represent significant advances in quality, efficiency and sustainability for our customers.<\/p>\n<p>With industrialised processes and designs in such a changing world, the vision and pillar on which our team of professionals is based is, without doubt, innovation and excellence.<\/p>\n<p>We adapt to the new functionalities of the technological market, with market studies in the sector that the client needs, diagnosis of the sustainability of the project and viability in all the aspects that are involved in it; only with the purpose of offering completely avant-garde engineering solutions that adjust to the needs that are presented.<\/p>\n<p>[\/et_pb_text][\/et_pb_column][\/et_pb_row][\/et_pb_section][et_pb_section fb_built=&#8221;1&#8243; _builder_version=&#8221;4.24.2&#8243; _module_preset=&#8221;default&#8221; background_color=&#8221;#1729f2&#8243; custom_margin=&#8221;0px|0px|0px|0px|false|false&#8221; custom_padding=&#8221;0px||0px||false|false&#8221; border_width_top=&#8221;2px&#8221; border_color_top=&#8221;#FFFFFF&#8221; global_colors_info=&#8221;{}&#8221;][et_pb_row _builder_version=&#8221;4.23.1&#8243; _module_preset=&#8221;default&#8221; locked=&#8221;off&#8221; global_colors_info=&#8221;{}&#8221;][et_pb_column type=&#8221;4_4&#8243; _builder_version=&#8221;4.23.1&#8243; _module_preset=&#8221;default&#8221; global_colors_info=&#8221;{}&#8221;][et_pb_text _builder_version=&#8221;4.24.2&#8243; _module_preset=&#8221;default&#8221; header_text_color=&#8221;#FFFFFF&#8221; header_2_font=&#8221;|600|||||||&#8221; header_2_text_color=&#8221;#1429f2&#8243; header_2_font_size=&#8221;24px&#8221; background_color=&#8221;#FFFFFF&#8221; height=&#8221;25px&#8221; custom_margin=&#8221;11px|||||&#8221; hover_enabled=&#8221;0&#8243; global_colors_info=&#8221;{}&#8221; sticky_enabled=&#8221;0&#8243;]<\/p>\n<h2 style=\"text-align: center;\">TURNING EQUIPMENT<\/h2>\n<p>[\/et_pb_text][et_pb_text _builder_version=&#8221;4.24.2&#8243; _module_preset=&#8221;default&#8221; text_text_color=&#8221;#FFFFFF&#8221; text_font_size=&#8221;16px&#8221; text_line_height=&#8221;1.4em&#8221; header_font_size=&#8221;36px&#8221; header_line_height=&#8221;1.9em&#8221; header_2_font_size=&#8221;36px&#8221; header_2_line_height=&#8221;2.5em&#8221; background_color=&#8221;RGBA(255,255,255,0)&#8221; custom_margin=&#8221;||9px|||&#8221; custom_padding=&#8221;0px|||||&#8221; hover_enabled=&#8221;0&#8243; global_colors_info=&#8221;{}&#8221; sticky_enabled=&#8221;0&#8243;]<\/p>\n<p>DOMFESA, S.L.&#8217;s 1GEN-VOLBLU turner has been calculated, designed and manufactured to satisfy the highest expectations of our customers: reliability, safety, resistance and versatility.<\/p>\n<p>A turning machine is a device conceived and designed to speed up, facilitate and improve industrial lifting and loading processes.<\/p>\n<p>This machine has been designed by our R+D+i department to unload boxes of by-products into lorries or spaces duly prepared for this purpose. Both for lifting and unloading. Wirelessly operated, with Domfesa server app, sustainable, durable, avant-garde and safe.<\/p>\n<p>The turning machine is essential to optimise production, facilitate work and increase safety and care in one of the most complex parts of the industry.<\/p>\n<p>&nbsp;<\/p>\n<p>[\/et_pb_text][et_pb_code _builder_version=&#8221;4.24.2&#8243; _module_preset=&#8221;default&#8221; locked=&#8221;off&#8221; global_colors_info=&#8221;{}&#8221;]<iframe loading=\"lazy\" width=\"1280\" height=\"725\" src=\"https:\/\/www.youtube.com\/embed\/6HjMtZI3IrI?rel=0\" title=\"Volteador 1 GEN VOLBLU de DOMFESA\" frameborder=\"0\" allow=\"accelerometer; autoplay; clipboard-write; encrypted-media; gyroscope; picture-in-picture; web-share\" referrerpolicy=\"strict-origin-when-cross-origin\" allowfullscreen><\/iframe>[\/et_pb_code][\/et_pb_column][\/et_pb_row][\/et_pb_section]<\/p>\n","protected":false},"excerpt":{"rendered":"<p>I+D+iRESEARCH, DEVELOPMENT AND INNOVATIONAt Domfesa we are deeply committed to research and technological development. Products that are increasingly efficient, sustainable and safe. Our team develops manufacturing processes, design and innovative industrial machinery, which represent significant advances in quality, efficiency and sustainability for our customers. With industrialised processes and designs in such a changing world, the [&hellip;]<\/p>\n","protected":false},"author":2,"featured_media":0,"parent":0,"menu_order":0,"comment_status":"closed","ping_status":"closed","template":"","meta":{"_et_pb_use_builder":"on","_et_pb_old_content":"<p>[et_pb_section fb_built=\"1\" disabled_on=\"on|off|off\" _builder_version=\"4.7.3\" background_color=\"#0c71c3\" background_enable_image=\"off\" custom_margin=\"||0px||false|false\" custom_padding=\"||||false|false\" locked=\"off\"][et_pb_row _builder_version=\"4.7.3\" _module_preset=\"default\"][et_pb_column type=\"4_4\" _builder_version=\"4.7.3\" _module_preset=\"default\"][et_pb_text _builder_version=\"4.7.3\" _module_preset=\"default\" header_font_size=\"19px\" header_2_text_color=\"#ffffff\" header_2_font_size=\"50px\"]<\/p><h2 style=\"text-align: center;\">I+D+i<\/h2><p>[\/et_pb_text][\/et_pb_column][\/et_pb_row][\/et_pb_section][et_pb_section fb_built=\"1\" module_id=\"clientes\" _builder_version=\"4.7.3\" _module_preset=\"default\" background_color=\"#ffffff\" custom_padding=\"0px|||||\" custom_css_main_element=\".windows-projects-team .et_pb_team_member_image:before {||position: absolute;||content: %22%22;||background-color: rgba(117,183,119, 0.8);||width: 100%;||height: 100%;||top: 100%;||opacity: 0;||transition: all .4s ease-in-out;||}||.windows-projects-team:hover .et_pb_team_member_image:before{||top:0%!important;||opacity:1!important;||transition: all .4s ease-in-out;||}||.testiname{||color:#fff;||font-family:%22Kurale%22;||font-size:25px;||font-weight:bold;||}||@media screen and (max-width: 980px) and (min-width: 768px) {||.windows-projects-team .et_pb_team_member_description {||display: block!important;||}||}||@media screen and (max-width:980px) {||.et_pb_slide_content {||font-size: 16px!important;||font-weight: 400;||}||}||.windows-projects-team .et_pb_team_member_image img {||width: 100%!important;||}\" border_width_top=\"10px\" border_color_top=\"#b3b3b3\" locked=\"off\"][et_pb_row _builder_version=\"4.7.3\" _module_preset=\"default\"][et_pb_column type=\"4_4\" _builder_version=\"4.7.3\" _module_preset=\"default\"][et_pb_text _builder_version=\"4.7.3\" _module_preset=\"default\" text_font_size=\"16px\" text_line_height=\"2em\" header_2_font_size=\"36px\" header_2_line_height=\"2.5em\" custom_margin=\"||74px|||\"]<\/p><h2 style=\"text-align: center;\">INVESTIGACI\u00d3N, DESARROLLO E INNOVACI\u00d3N<\/h2><p style=\"margin-bottom: 12.0pt; text-align: justify; line-height: 15.0pt; background: white;\"><span style=\"font-size: 10.5pt; font-family: 'Verdana',sans-serif; color: #444444;\">En Domfesa apostamos profundamente por la investigaci\u00f3n y el desarrollo tecnol\u00f3gico. Productos cada vez m\u00e1s eficientes, sostenibles y seguros.<\/span><\/p><p style=\"margin-bottom: 12.0pt; text-align: justify; line-height: 15.0pt; background: white;\"><span style=\"font-size: 10.5pt; font-family: 'Verdana',sans-serif; color: #444444;\">Nuestro equipo desarrolla procesos de fabricaci\u00f3n, dise\u00f1o y maquinaria industrial novedosa, que representan avances significativos en calidad, eficiencia y sostenibilidad para con nuestros clientes.<\/span><\/p><p style=\"margin-bottom: 12.0pt; text-align: justify; line-height: 15.0pt; background: white;\"><span style=\"font-size: 10.5pt; font-family: 'Verdana',sans-serif; color: #444444;\">Con procesos y dise\u00f1os industrializados en un mundo tan cambiante, la visi\u00f3n y pilar que fundamenta a nuestro equipo de profesionales es, sin duda, la innovaci\u00f3n y la excelencia.<\/span><\/p><p style=\"margin-bottom: 12.0pt; text-align: justify; line-height: 15.0pt; background: white;\"><span style=\"font-size: 10.5pt; font-family: 'Verdana',sans-serif; color: #444444;\">Nos adaptamos a las nuevas funcionalidades del mercado tecnol\u00f3gico, con estudios de mercado en el sector que el cliente necesite, diagnosis de la sostenibilidad del proyecto y viabilidad en todos los aspectos que se vean implicados en \u00e9ste; solo con el fin de ofrecer soluciones de ingenier\u00eda completamente vanguardistas que se ajusten a las necesidades que se presenten. <\/span><\/p><p>[\/et_pb_text][\/et_pb_column][\/et_pb_row][\/et_pb_section]<\/p>","_et_gb_content_width":"","footnotes":""},"class_list":["post-1207","page","type-page","status-publish","hentry"],"yoast_head":"<!-- This site is optimized with the Yoast SEO Premium plugin v20.10 (Yoast SEO v25.4) - https:\/\/yoast.com\/wordpress\/plugins\/seo\/ -->\n<title>Research, development and innovation - Domfesa S.L.<\/title>\n<meta name=\"description\" content=\"RESEARCH, DEVELOPMENT AND INNOVATION. Domfesa we are deeply committed to research and technological development.\" \/>\n<meta name=\"robots\" content=\"index, follow, max-snippet:-1, max-image-preview:large, max-video-preview:-1\" \/>\n<link rel=\"canonical\" href=\"https:\/\/domfesasl.com\/en\/researcher-development-innovation\/\" \/>\n<meta property=\"og:locale\" content=\"en_GB\" \/>\n<meta property=\"og:type\" content=\"article\" \/>\n<meta property=\"og:title\" content=\"RESEARCH, DEVELOPMENT AND INNOVATION\" \/>\n<meta property=\"og:description\" content=\"RESEARCH, DEVELOPMENT AND INNOVATION. Domfesa we are deeply committed to research and technological development.\" \/>\n<meta property=\"og:url\" content=\"https:\/\/domfesasl.com\/en\/researcher-development-innovation\/\" \/>\n<meta property=\"og:site_name\" content=\"Industrial Machinery and Boilermaking\" \/>\n<meta property=\"article:modified_time\" content=\"2024-03-27T18:54:49+00:00\" \/>\n<meta name=\"twitter:card\" content=\"summary_large_image\" \/>\n<meta name=\"twitter:label1\" content=\"Estimated reading time\" \/>\n\t<meta name=\"twitter:data1\" content=\"4 minutes\" \/>\n<script type=\"application\/ld+json\" class=\"yoast-schema-graph\">{\"@context\":\"https:\/\/schema.org\",\"@graph\":[{\"@type\":\"WebPage\",\"@id\":\"https:\/\/domfesasl.com\/en\/researcher-development-innovation\/\",\"url\":\"https:\/\/domfesasl.com\/en\/researcher-development-innovation\/\",\"name\":\"Research, development and innovation - Domfesa S.L.\",\"isPartOf\":{\"@id\":\"https:\/\/domfesasl.com\/en\/#website\"},\"datePublished\":\"2020-11-24T11:39:19+00:00\",\"dateModified\":\"2024-03-27T18:54:49+00:00\",\"description\":\"RESEARCH, DEVELOPMENT AND INNOVATION. Domfesa we are deeply committed to research and technological development.\",\"breadcrumb\":{\"@id\":\"https:\/\/domfesasl.com\/en\/researcher-development-innovation\/#breadcrumb\"},\"inLanguage\":\"en-GB\",\"potentialAction\":[{\"@type\":\"ReadAction\",\"target\":[\"https:\/\/domfesasl.com\/en\/researcher-development-innovation\/\"]}]},{\"@type\":\"BreadcrumbList\",\"@id\":\"https:\/\/domfesasl.com\/en\/researcher-development-innovation\/#breadcrumb\",\"itemListElement\":[{\"@type\":\"ListItem\",\"position\":1,\"name\":\"Portada\",\"item\":\"https:\/\/domfesasl.com\/en\/\"},{\"@type\":\"ListItem\",\"position\":2,\"name\":\"RESEARCH, DEVELOPMENT AND INNOVATION\"}]},{\"@type\":\"WebSite\",\"@id\":\"https:\/\/domfesasl.com\/en\/#website\",\"url\":\"https:\/\/domfesasl.com\/en\/\",\"name\":\"Industrial Machinery and Boilermaking\",\"description\":\"Domfesa is a company that designs and manufactures INDUSTRIAL MACHINERY and BOILERING\",\"potentialAction\":[{\"@type\":\"SearchAction\",\"target\":{\"@type\":\"EntryPoint\",\"urlTemplate\":\"https:\/\/domfesasl.com\/en\/?s={search_term_string}\"},\"query-input\":{\"@type\":\"PropertyValueSpecification\",\"valueRequired\":true,\"valueName\":\"search_term_string\"}}],\"inLanguage\":\"en-GB\"}]}<\/script>\n<!-- \/ Yoast SEO Premium plugin. -->","yoast_head_json":{"title":"Research, development and innovation - Domfesa S.L.","description":"RESEARCH, DEVELOPMENT AND INNOVATION. Domfesa we are deeply committed to research and technological development.","robots":{"index":"index","follow":"follow","max-snippet":"max-snippet:-1","max-image-preview":"max-image-preview:large","max-video-preview":"max-video-preview:-1"},"canonical":"https:\/\/domfesasl.com\/en\/researcher-development-innovation\/","og_locale":"en_GB","og_type":"article","og_title":"RESEARCH, DEVELOPMENT AND INNOVATION","og_description":"RESEARCH, DEVELOPMENT AND INNOVATION. Domfesa we are deeply committed to research and technological development.","og_url":"https:\/\/domfesasl.com\/en\/researcher-development-innovation\/","og_site_name":"Industrial Machinery and Boilermaking","article_modified_time":"2024-03-27T18:54:49+00:00","twitter_card":"summary_large_image","twitter_misc":{"Estimated reading time":"4 minutes"},"schema":{"@context":"https:\/\/schema.org","@graph":[{"@type":"WebPage","@id":"https:\/\/domfesasl.com\/en\/researcher-development-innovation\/","url":"https:\/\/domfesasl.com\/en\/researcher-development-innovation\/","name":"Research, development and innovation - Domfesa S.L.","isPartOf":{"@id":"https:\/\/domfesasl.com\/en\/#website"},"datePublished":"2020-11-24T11:39:19+00:00","dateModified":"2024-03-27T18:54:49+00:00","description":"RESEARCH, DEVELOPMENT AND INNOVATION. Domfesa we are deeply committed to research and technological development.","breadcrumb":{"@id":"https:\/\/domfesasl.com\/en\/researcher-development-innovation\/#breadcrumb"},"inLanguage":"en-GB","potentialAction":[{"@type":"ReadAction","target":["https:\/\/domfesasl.com\/en\/researcher-development-innovation\/"]}]},{"@type":"BreadcrumbList","@id":"https:\/\/domfesasl.com\/en\/researcher-development-innovation\/#breadcrumb","itemListElement":[{"@type":"ListItem","position":1,"name":"Portada","item":"https:\/\/domfesasl.com\/en\/"},{"@type":"ListItem","position":2,"name":"RESEARCH, DEVELOPMENT AND INNOVATION"}]},{"@type":"WebSite","@id":"https:\/\/domfesasl.com\/en\/#website","url":"https:\/\/domfesasl.com\/en\/","name":"Industrial Machinery and Boilermaking","description":"Domfesa is a company that designs and manufactures INDUSTRIAL MACHINERY and BOILERING","potentialAction":[{"@type":"SearchAction","target":{"@type":"EntryPoint","urlTemplate":"https:\/\/domfesasl.com\/en\/?s={search_term_string}"},"query-input":{"@type":"PropertyValueSpecification","valueRequired":true,"valueName":"search_term_string"}}],"inLanguage":"en-GB"}]}},"_links":{"self":[{"href":"https:\/\/domfesasl.com\/en\/wp-json\/wp\/v2\/pages\/1207","targetHints":{"allow":["GET"]}}],"collection":[{"href":"https:\/\/domfesasl.com\/en\/wp-json\/wp\/v2\/pages"}],"about":[{"href":"https:\/\/domfesasl.com\/en\/wp-json\/wp\/v2\/types\/page"}],"author":[{"embeddable":true,"href":"https:\/\/domfesasl.com\/en\/wp-json\/wp\/v2\/users\/2"}],"replies":[{"embeddable":true,"href":"https:\/\/domfesasl.com\/en\/wp-json\/wp\/v2\/comments?post=1207"}],"version-history":[{"count":7,"href":"https:\/\/domfesasl.com\/en\/wp-json\/wp\/v2\/pages\/1207\/revisions"}],"predecessor-version":[{"id":1638,"href":"https:\/\/domfesasl.com\/en\/wp-json\/wp\/v2\/pages\/1207\/revisions\/1638"}],"wp:attachment":[{"href":"https:\/\/domfesasl.com\/en\/wp-json\/wp\/v2\/media?parent=1207"}],"curies":[{"name":"wp","href":"https:\/\/api.w.org\/{rel}","templated":true}]}}