{"id":1216,"date":"2020-11-24T12:51:05","date_gmt":"2020-11-24T11:51:05","guid":{"rendered":"https:\/\/domfesasl.com\/en\/?page_id=1216"},"modified":"2024-03-04T18:27:18","modified_gmt":"2024-03-04T17:27:18","slug":"company","status":"publish","type":"page","link":"https:\/\/domfesasl.com\/en\/company\/","title":{"rendered":"Company"},"content":{"rendered":"<p>[et_pb_section fb_built=&#8221;1&#8243; disabled_on=&#8221;off|on|on&#8221; _builder_version=&#8221;4.16&#8243; background_image=&#8221;https:\/\/domfesasl.com\/en\/wp-content\/uploads\/sites\/2\/2024\/03\/empresa-400x400px.jpg&#8221; custom_padding=&#8221;||89px|||&#8221; locked=&#8221;off&#8221; global_colors_info=&#8221;{}&#8221;][et_pb_row _builder_version=&#8221;4.16&#8243; _module_preset=&#8221;default&#8221; global_colors_info=&#8221;{}&#8221;][et_pb_column type=&#8221;4_4&#8243; _builder_version=&#8221;4.16&#8243; _module_preset=&#8221;default&#8221; global_colors_info=&#8221;{}&#8221;][et_pb_blurb _builder_version=&#8221;4.16&#8243; _module_preset=&#8221;default&#8221; global_colors_info=&#8221;{}&#8221;][\/et_pb_blurb][\/et_pb_column][\/et_pb_row][et_pb_row _builder_version=&#8221;4.16&#8243; _module_preset=&#8221;default&#8221; global_colors_info=&#8221;{}&#8221;][et_pb_column type=&#8221;4_4&#8243; _builder_version=&#8221;4.16&#8243; _module_preset=&#8221;default&#8221; global_colors_info=&#8221;{}&#8221;][et_pb_blurb _builder_version=&#8221;4.16&#8243; _module_preset=&#8221;default&#8221; global_colors_info=&#8221;{}&#8221;][\/et_pb_blurb][\/et_pb_column][\/et_pb_row][\/et_pb_section][et_pb_section fb_built=&#8221;1&#8243; disabled_on=&#8221;on|off|off&#8221; _builder_version=&#8221;4.16&#8243; background_image=&#8221;https:\/\/domfesasl.com\/en\/wp-content\/uploads\/sites\/2\/2024\/03\/empresa-1600x500px.jpg&#8221; custom_margin=&#8221;0px||0px||false|false&#8221; custom_padding=&#8221;300px||300px||false|false&#8221; locked=&#8221;off&#8221; global_colors_info=&#8221;{}&#8221;][\/et_pb_section][et_pb_section fb_built=&#8221;1&#8243; module_id=&#8221;empresa&#8221; _builder_version=&#8221;4.24.2&#8243; background_color=&#8221;#1729f2&#8243; custom_margin=&#8221;0px||||false|false&#8221; custom_padding=&#8221;0px||||false|false&#8221; locked=&#8221;off&#8221; global_colors_info=&#8221;{}&#8221;][et_pb_row _builder_version=&#8221;4.24.2&#8243; _module_preset=&#8221;default&#8221; custom_padding=&#8221;40px|||||&#8221; global_colors_info=&#8221;{}&#8221;][et_pb_column type=&#8221;4_4&#8243; _builder_version=&#8221;4.24.2&#8243; _module_preset=&#8221;default&#8221; global_colors_info=&#8221;{}&#8221;][et_pb_text _builder_version=&#8221;4.24.2&#8243; header_font=&#8221;Arial|600||on|||||&#8221; header_text_color=&#8221;#1429f2&#8243; header_font_size=&#8221;24px&#8221; header_line_height=&#8221;1.1em&#8221; header_2_font_size=&#8221;47px&#8221; background_color=&#8221;#FFFFFF&#8221; custom_margin=&#8221;0px||||false|false&#8221; custom_padding=&#8221;8px||0px||false|false&#8221; locked=&#8221;off&#8221; global_colors_info=&#8221;{}&#8221;]<\/p>\n<h1 style=\"text-align: center;\">Industrial machinery and boilermaking company &#8211; Domfesa s.l<\/h1>\n<p>[\/et_pb_text][\/et_pb_column][\/et_pb_row][et_pb_row _builder_version=&#8221;4.16&#8243; custom_margin=&#8221;-14px|auto||auto||&#8221; global_colors_info=&#8221;{}&#8221;][et_pb_column type=&#8221;4_4&#8243; _builder_version=&#8221;4.16&#8243; global_colors_info=&#8221;{}&#8221;][et_pb_text _builder_version=&#8221;4.24.2&#8243; text_text_color=&#8221;#FFFFFF&#8221; header_line_height=&#8221;1.5em&#8221; header_2_font_size=&#8221;36px&#8221; header_2_line_height=&#8221;1.6em&#8221; header_3_font_size=&#8221;29px&#8221; header_3_line_height=&#8221;2em&#8221; text_orientation=&#8221;justified&#8221; custom_margin=&#8221;-13px|||||&#8221; global_colors_info=&#8221;{}&#8221;]<\/p>\n<p>Domfesa is a company that designs and manufactures <strong> INDUSTRIAL MACHINERY <\/strong> and <strong> BOILERY<\/strong> with a solid experience in the manufacture of machinery for a wide range of sectors such as: processing\/rendering of animal meat by-products, slaughterhouses, animal feed factories, metal and paper recycling, chemical, pharmaceutical, mining, flour mills, agriculture etc&#8230; as well as the accessories for them, with a wide range of products: conveyors, presses, elevators, modular belts, hoppers, choppers, distributors, scrapers, loading and unloading options, heavy boilermaking, etc&#8230; All in carbon steel , stainless steel or anti wear.<\/p>\n<p>Domfesa has an R+D department that designs, manufactures and researches every day to achieve an increasingly efficient machinery, seeking to guarantee the most suitable design for the specific function it must perform. This department is at your disposal.<\/p>\n<p>We design, calculate, represent and manufacture by means of 3D drawing any type of project. We are specialists in representing factory plants in 3D, being able to visualize the different options that the client has choosing the most optimal one. Thanks to this service the client can ask for an exact evaluation and budget of the work to be done, evaluating details such as risks, heights, necessary cranes, etc.<\/p>\n<p>We collaborate with auxiliary companies in the same sector, which makes our production capacity even greater.<\/p>\n<p><u>After Sales and Spare Parts Department:<\/u><\/p>\n<p>Domfesa has spare parts for each and every one of the different components of each <strong> INDUSTRIAL MACHINERY <\/strong>(all of them documented and coded).<\/p>\n<p>We have a wide stock of spare parts and can guarantee a quick replacement of any component.<\/p>\n<p>Once a sale, assembly or repair service has been carried out, we maintain a close relationship with the customer to assess their degree of satisfaction.<\/p>\n<p>We have facilities equipped with modern machinery for the development of cutting, bending, profile bending, punching, machining, development and layout of <strong>CALDERERIA<\/strong>, welding in general and transformation of all types of metals.<\/p>\n<p>The personalized treatment to our customers and the level of involvement in the projects in which Domfesa participates is what makes us different.<\/p>\n<p>[\/et_pb_text][\/et_pb_column][\/et_pb_row][et_pb_row column_structure=&#8221;1_4,1_2,1_4&#8243; _builder_version=&#8221;4.16&#8243; _module_preset=&#8221;default&#8221; global_colors_info=&#8221;{}&#8221;][et_pb_column type=&#8221;1_4&#8243; _builder_version=&#8221;4.16&#8243; _module_preset=&#8221;default&#8221; global_colors_info=&#8221;{}&#8221;][\/et_pb_column][et_pb_column type=&#8221;1_2&#8243; _builder_version=&#8221;4.16&#8243; _module_preset=&#8221;default&#8221; global_colors_info=&#8221;{}&#8221;][et_pb_image src=&#8221;https:\/\/domfesasl.com\/en\/wp-content\/uploads\/sites\/2\/2024\/03\/grafico-ecologia-meioambiente-eficienci-energetica-INGLES.jpg&#8221; alt=&#8221;Ecolog\u00eda medioambiente eficiencia energetica&#8221; title_text=&#8221;grafico-ecologia-meioambiente-eficienci-energetica-INGLES&#8221; _builder_version=&#8221;4.24.2&#8243; _module_preset=&#8221;default&#8221; custom_margin=&#8221;||-2px|||&#8221; global_colors_info=&#8221;{}&#8221;][\/et_pb_image][\/et_pb_column][et_pb_column type=&#8221;1_4&#8243; _builder_version=&#8221;4.16&#8243; _module_preset=&#8221;default&#8221; global_colors_info=&#8221;{}&#8221;][\/et_pb_column][\/et_pb_row][\/et_pb_section]<\/p>\n","protected":false},"excerpt":{"rendered":"<p>Industrial machinery and boilermaking company &#8211; Domfesa s.lDomfesa is a company that designs and manufactures INDUSTRIAL MACHINERY and BOILERY with a solid experience in the manufacture of machinery for a wide range of sectors such as: processing\/rendering of animal meat by-products, slaughterhouses, animal feed factories, metal and paper recycling, chemical, pharmaceutical, mining, flour mills, agriculture [&hellip;]<\/p>\n","protected":false},"author":2,"featured_media":0,"parent":0,"menu_order":0,"comment_status":"closed","ping_status":"closed","template":"","meta":{"_et_pb_use_builder":"on","_et_pb_old_content":"<p>[et_pb_section fb_built=\"1\" disabled_on=\"off|on|on\" _builder_version=\"4.6.1\" background_image=\"https:\/\/domfesasl.com\/wp-content\/uploads\/2020\/11\/empresa-400x400px.jpg\" custom_padding=\"||89px|||\" locked=\"off\"][et_pb_row _builder_version=\"4.6.1\" _module_preset=\"default\"][et_pb_column type=\"4_4\" _builder_version=\"4.6.1\" _module_preset=\"default\"][et_pb_blurb _builder_version=\"4.6.1\" _module_preset=\"default\"][\/et_pb_blurb][\/et_pb_column][\/et_pb_row][et_pb_row _builder_version=\"4.6.1\" _module_preset=\"default\"][et_pb_column type=\"4_4\" _builder_version=\"4.6.1\" _module_preset=\"default\"][et_pb_blurb _builder_version=\"4.6.1\" _module_preset=\"default\"][\/et_pb_blurb][\/et_pb_column][\/et_pb_row][\/et_pb_section][et_pb_section fb_built=\"1\" disabled_on=\"on|off|off\" _builder_version=\"4.6.1\" background_image=\"https:\/\/domfesasl.com\/wp-content\/uploads\/2020\/11\/empresa-1600x500px.jpg\" custom_margin=\"0px||0px||false|false\" custom_padding=\"300px||300px||false|false\" locked=\"off\"][\/et_pb_section][et_pb_section fb_built=\"1\" module_id=\"empresa\" _builder_version=\"4.4.2\" background_color=\"#DFEAF6\" custom_margin=\"0px||||false|false\" custom_padding=\"0px||||false|false\" locked=\"off\"][et_pb_row _builder_version=\"4.4.2\"][et_pb_column type=\"4_4\" _builder_version=\"4.4.2\"][et_pb_text _builder_version=\"4.6.1\" header_2_font_size=\"48px\" header_2_line_height=\"1.6em\" header_3_font_size=\"29px\" header_3_line_height=\"2em\" text_orientation=\"justified\"]<\/p><h2 class=\"entry-title\" style=\"text-align: center;\">EMPRESA<\/h2><h3 class=\"entry-title\" style=\"text-align: center;\">DOMFESA S.L \u2013 MAQUINARIA INDUSTRIAL Y CALDERERIA<\/h3><p>Domfesa es una empresa de dise\u00f1o y fabricaci\u00f3n de\u00a0<strong>MAQUINARIA INDUSTRIAL\u00a0<\/strong>y<strong>\u00a0CALDERERIA<\/strong>\u00a0con una s\u00f3lida experiencia en la fabricaci\u00f3n de maquinaria para un amplio abanico de sectores como: procesado\/rendering de subproductos c\u00e1rnicos animales, mataderos, f\u00e1bricas de piensos, reciclaje de metal y papel, sector qu\u00edmico, farmac\u00e9utico, miner\u00eda, harineras, agricultura etc\u2026 as\u00ed como los complementos para los mismos, con una amplia gama de productos: transportadores, prensas, elevadores, cintas modulares, tolvas, tajaderas, distribuidores, raseras, opciones de carga y descarga, calderer\u00eda pesada, etc\u2026 Todo ello en acero al carbono , acero inoxidable o anti desgaste.<\/p><p>Domfesa dispone de un departamento I+D que dise\u00f1a, fabrica e investiga d\u00eda a d\u00eda para conseguir una maquinaria cada vez m\u00e1s eficiente, buscando garantizar el dise\u00f1o m\u00e1s adecuado para la funci\u00f3n espec\u00edfica que debe realizar. Este departamento est\u00e1 a su disposici\u00f3n.<\/p><p>Dise\u00f1amos, calculamos, representamos y fabricamos por medio de dibujo 3D cualquier tipo de proyecto. Somos especialistas en representar plantas de f\u00e1bricas en 3D pudiendo visualizar las diferentes opciones que tiene el cliente escogiendo la m\u00e1s \u00f3ptima. Gracias a este servicio el cliente puede pedir una valoraci\u00f3n exacta y presupuesto de los trabajos a realizar valorando detalles como riesgos, alturas, gr\u00faas necesarias etc.<\/p><p>Colaboramos y colaboran con nosotros empresas auxiliares del mismo sector que hacen que nuestra capacidad productiva sea a\u00fan mayor.<\/p><p><u>Departamento de postventa y recambios:<\/u><\/p><p>Domfesa dispone de recambios de todos y cada uno los diversos componentes de cada<strong>\u00a0MAQUINARIA INDUSTRIAL\u00a0<\/strong>(todos ellos documentados y codificados).<\/p><p>Disponemos de un amplio stock de recambios pudiendo garantizar una r\u00e1pida reposici\u00f3n de cualquier componente.<\/p><p>Una vez realizado un servicio de venta, montaje o reparaci\u00f3n, mantiene una estrecha relaci\u00f3n con el cliente para valorar su grado de satisfacci\u00f3n.<\/p><p>Disponemos de instalaciones equipadas con maquinaria moderna para el desarrollo de corte, plegado, curvado de perfiles, punzonado, mecanizado, desarrollo y trazado de\u00a0<strong>CALDERERIA<\/strong>, soldadura en general y transformaci\u00f3n de todo tipo de metales.<\/p><p>El trato personalizado a nuestros clientes y nivel de implicaci\u00f3n en los proyectos en que participa Domfesa es lo que nos hace diferentes.<\/p><p>[\/et_pb_text][\/et_pb_column][\/et_pb_row][et_pb_row column_structure=\"1_4,1_2,1_4\" _builder_version=\"4.6.1\" _module_preset=\"default\"][et_pb_column type=\"1_4\" _builder_version=\"4.6.1\" _module_preset=\"default\"][\/et_pb_column][et_pb_column type=\"1_2\" _builder_version=\"4.6.1\" _module_preset=\"default\"][et_pb_image src=\"https:\/\/domfesasl.com\/wp-content\/uploads\/2020\/11\/grafico-ecologia-meioambiente-eficienci-energetica.jpg\" alt=\"Ecolog\u00eda medioambiente eficiencia energetica\" title_text=\"grafico-ecologia-meioambiente-eficienci-energetica\" _builder_version=\"4.6.1\" _module_preset=\"default\" custom_margin=\"||-2px|||\"][\/et_pb_image][\/et_pb_column][et_pb_column type=\"1_4\" _builder_version=\"4.6.1\" _module_preset=\"default\"][\/et_pb_column][\/et_pb_row][\/et_pb_section]<\/p>","_et_gb_content_width":"","footnotes":""},"class_list":["post-1216","page","type-page","status-publish","hentry"],"yoast_head":"<!-- This site is optimized with the Yoast SEO Premium plugin v20.10 (Yoast SEO v25.4) - https:\/\/yoast.com\/wordpress\/plugins\/seo\/ -->\n<title>Company - Industrial Machinery and Boilermaking<\/title>\n<meta name=\"description\" content=\"Domfesa is a company that designs and manufactures INDUSTRIAL MACHINERY and BOILERY with a solid experience in the manufacture of machinery\" \/>\n<meta name=\"robots\" content=\"index, follow, max-snippet:-1, max-image-preview:large, max-video-preview:-1\" \/>\n<link rel=\"canonical\" href=\"https:\/\/domfesasl.com\/en\/company\/\" \/>\n<meta property=\"og:locale\" content=\"en_GB\" \/>\n<meta property=\"og:type\" content=\"article\" \/>\n<meta property=\"og:title\" content=\"Company\" \/>\n<meta property=\"og:description\" content=\"Domfesa is a company that designs and manufactures INDUSTRIAL MACHINERY and BOILERY with a solid experience in the manufacture of machinery\" \/>\n<meta property=\"og:url\" content=\"https:\/\/domfesasl.com\/en\/company\/\" \/>\n<meta property=\"og:site_name\" content=\"Industrial Machinery and Boilermaking\" \/>\n<meta property=\"article:modified_time\" content=\"2024-03-04T17:27:18+00:00\" \/>\n<meta name=\"twitter:card\" content=\"summary_large_image\" \/>\n<meta name=\"twitter:label1\" content=\"Estimated reading time\" \/>\n\t<meta name=\"twitter:data1\" content=\"4 minutes\" \/>\n<script type=\"application\/ld+json\" class=\"yoast-schema-graph\">{\"@context\":\"https:\/\/schema.org\",\"@graph\":[{\"@type\":\"WebPage\",\"@id\":\"https:\/\/domfesasl.com\/en\/company\/\",\"url\":\"https:\/\/domfesasl.com\/en\/company\/\",\"name\":\"Company - Industrial Machinery and Boilermaking\",\"isPartOf\":{\"@id\":\"https:\/\/domfesasl.com\/en\/#website\"},\"datePublished\":\"2020-11-24T11:51:05+00:00\",\"dateModified\":\"2024-03-04T17:27:18+00:00\",\"description\":\"Domfesa is a company that designs and manufactures INDUSTRIAL MACHINERY and BOILERY with a solid experience in the manufacture of machinery\",\"breadcrumb\":{\"@id\":\"https:\/\/domfesasl.com\/en\/company\/#breadcrumb\"},\"inLanguage\":\"en-GB\",\"potentialAction\":[{\"@type\":\"ReadAction\",\"target\":[\"https:\/\/domfesasl.com\/en\/company\/\"]}]},{\"@type\":\"BreadcrumbList\",\"@id\":\"https:\/\/domfesasl.com\/en\/company\/#breadcrumb\",\"itemListElement\":[{\"@type\":\"ListItem\",\"position\":1,\"name\":\"Portada\",\"item\":\"https:\/\/domfesasl.com\/en\/\"},{\"@type\":\"ListItem\",\"position\":2,\"name\":\"Company\"}]},{\"@type\":\"WebSite\",\"@id\":\"https:\/\/domfesasl.com\/en\/#website\",\"url\":\"https:\/\/domfesasl.com\/en\/\",\"name\":\"Industrial Machinery and Boilermaking\",\"description\":\"Domfesa is a company that designs and manufactures INDUSTRIAL MACHINERY and BOILERING\",\"potentialAction\":[{\"@type\":\"SearchAction\",\"target\":{\"@type\":\"EntryPoint\",\"urlTemplate\":\"https:\/\/domfesasl.com\/en\/?s={search_term_string}\"},\"query-input\":{\"@type\":\"PropertyValueSpecification\",\"valueRequired\":true,\"valueName\":\"search_term_string\"}}],\"inLanguage\":\"en-GB\"}]}<\/script>\n<!-- \/ Yoast SEO Premium plugin. -->","yoast_head_json":{"title":"Company - Industrial Machinery and Boilermaking","description":"Domfesa is a company that designs and manufactures INDUSTRIAL MACHINERY and BOILERY with a solid experience in the manufacture of machinery","robots":{"index":"index","follow":"follow","max-snippet":"max-snippet:-1","max-image-preview":"max-image-preview:large","max-video-preview":"max-video-preview:-1"},"canonical":"https:\/\/domfesasl.com\/en\/company\/","og_locale":"en_GB","og_type":"article","og_title":"Company","og_description":"Domfesa is a company that designs and manufactures INDUSTRIAL MACHINERY and BOILERY with a solid experience in the manufacture of machinery","og_url":"https:\/\/domfesasl.com\/en\/company\/","og_site_name":"Industrial Machinery and Boilermaking","article_modified_time":"2024-03-04T17:27:18+00:00","twitter_card":"summary_large_image","twitter_misc":{"Estimated reading time":"4 minutes"},"schema":{"@context":"https:\/\/schema.org","@graph":[{"@type":"WebPage","@id":"https:\/\/domfesasl.com\/en\/company\/","url":"https:\/\/domfesasl.com\/en\/company\/","name":"Company - Industrial Machinery and Boilermaking","isPartOf":{"@id":"https:\/\/domfesasl.com\/en\/#website"},"datePublished":"2020-11-24T11:51:05+00:00","dateModified":"2024-03-04T17:27:18+00:00","description":"Domfesa is a company that designs and manufactures INDUSTRIAL MACHINERY and BOILERY with a solid experience in the manufacture of machinery","breadcrumb":{"@id":"https:\/\/domfesasl.com\/en\/company\/#breadcrumb"},"inLanguage":"en-GB","potentialAction":[{"@type":"ReadAction","target":["https:\/\/domfesasl.com\/en\/company\/"]}]},{"@type":"BreadcrumbList","@id":"https:\/\/domfesasl.com\/en\/company\/#breadcrumb","itemListElement":[{"@type":"ListItem","position":1,"name":"Portada","item":"https:\/\/domfesasl.com\/en\/"},{"@type":"ListItem","position":2,"name":"Company"}]},{"@type":"WebSite","@id":"https:\/\/domfesasl.com\/en\/#website","url":"https:\/\/domfesasl.com\/en\/","name":"Industrial Machinery and Boilermaking","description":"Domfesa is a company that designs and manufactures INDUSTRIAL MACHINERY and BOILERING","potentialAction":[{"@type":"SearchAction","target":{"@type":"EntryPoint","urlTemplate":"https:\/\/domfesasl.com\/en\/?s={search_term_string}"},"query-input":{"@type":"PropertyValueSpecification","valueRequired":true,"valueName":"search_term_string"}}],"inLanguage":"en-GB"}]}},"_links":{"self":[{"href":"https:\/\/domfesasl.com\/en\/wp-json\/wp\/v2\/pages\/1216","targetHints":{"allow":["GET"]}}],"collection":[{"href":"https:\/\/domfesasl.com\/en\/wp-json\/wp\/v2\/pages"}],"about":[{"href":"https:\/\/domfesasl.com\/en\/wp-json\/wp\/v2\/types\/page"}],"author":[{"embeddable":true,"href":"https:\/\/domfesasl.com\/en\/wp-json\/wp\/v2\/users\/2"}],"replies":[{"embeddable":true,"href":"https:\/\/domfesasl.com\/en\/wp-json\/wp\/v2\/comments?post=1216"}],"version-history":[{"count":7,"href":"https:\/\/domfesasl.com\/en\/wp-json\/wp\/v2\/pages\/1216\/revisions"}],"predecessor-version":[{"id":1620,"href":"https:\/\/domfesasl.com\/en\/wp-json\/wp\/v2\/pages\/1216\/revisions\/1620"}],"wp:attachment":[{"href":"https:\/\/domfesasl.com\/en\/wp-json\/wp\/v2\/media?parent=1216"}],"curies":[{"name":"wp","href":"https:\/\/api.w.org\/{rel}","templated":true}]}}