{"id":1260,"date":"2021-02-24T16:33:12","date_gmt":"2021-02-24T15:33:12","guid":{"rendered":"https:\/\/domfesasl.com\/en\/?page_id=1260"},"modified":"2024-12-11T22:20:37","modified_gmt":"2024-12-11T21:20:37","slug":"domfesa-news-blog","status":"publish","type":"page","link":"https:\/\/domfesasl.com\/en\/domfesa-news-blog\/","title":{"rendered":"Domfesa News-Blog"},"content":{"rendered":"<p>[et_pb_section fb_built=&#8221;1&#8243; _builder_version=&#8221;4.17.4&#8243; _module_preset=&#8221;default&#8221; background_image=&#8221;https:\/\/domfesasl.com\/wp-content\/uploads\/2022\/06\/slider-blog-2000x400px.jpg&#8221; global_colors_info=&#8221;{}&#8221; locked=&#8221;off&#8221;][et_pb_row _builder_version=&#8221;4.17.4&#8243; _module_preset=&#8221;default&#8221; global_colors_info=&#8221;{}&#8221;][et_pb_column type=&#8221;4_4&#8243; _builder_version=&#8221;4.17.4&#8243; _module_preset=&#8221;default&#8221; global_colors_info=&#8221;{}&#8221;][et_pb_text _builder_version=&#8221;4.17.4&#8243; _module_preset=&#8221;default&#8221; header_text_color=&#8221;RGBA(255,255,255,0)&#8221; header_font_size=&#8221;65px&#8221; global_colors_info=&#8221;{}&#8221;]<\/p>\n<h1 style=\"text-align: center;\">Maquinaria Industrial y Calderer\u00eda<\/h1>\n<p>[\/et_pb_text][\/et_pb_column][\/et_pb_row][\/et_pb_section][et_pb_section fb_built=&#8221;1&#8243; module_id=&#8221;blog&#8221; _builder_version=&#8221;4.27.2&#8243; hover_enabled=&#8221;0&#8243; border_color_top=&#8221;#b3b3b3&#8243; locked=&#8221;off&#8221; global_colors_info=&#8221;{}&#8221; sticky_enabled=&#8221;0&#8243;][et_pb_row _builder_version=&#8221;4.16&#8243; global_colors_info=&#8221;{}&#8221;][et_pb_column type=&#8221;4_4&#8243; _builder_version=&#8221;4.16&#8243; global_colors_info=&#8221;{}&#8221;][et_pb_text _builder_version=&#8221;4.16&#8243; text_font=&#8221;||||||||&#8221; header_font=&#8221;Arial||||||||&#8221; header_font_size=&#8221;46px&#8221; header_2_font=&#8221;Arial||||||||&#8221; header_2_font_size=&#8221;46px&#8221; header_2_line_height=&#8221;1.2em&#8221; text_orientation=&#8221;center&#8221; custom_margin=&#8221;||10px&#8221; custom_padding=&#8221;||16px|||&#8221; locked=&#8221;off&#8221; global_colors_info=&#8221;{}&#8221;]<\/p>\n<h1>Domfesa News-Blog<\/h1>\n<p>[\/et_pb_text][et_pb_text _builder_version=&#8221;4.16&#8243; _module_preset=&#8221;default&#8221; header_3_font_size=&#8221;21px&#8221; header_3_line_height=&#8221;1.7em&#8221; global_colors_info=&#8221;{}&#8221;]<\/p>\n<h3>In this section of the website we will regularly publish articles with updated and new content on industrial machinery and boilermaking, sandblasting, bone crushers, redler chain conveyors, screw conveyors and much more.<\/h3>\n<p>[\/et_pb_text][et_pb_blog_extras include_categories=&#8221;8&#8243; blog_layout=&#8221;block_extended&#8221; read_more_text=&#8221;Read more&#8221; show_author=&#8221;off&#8221; show_date=&#8221;off&#8221; show_comments=&#8221;off&#8221; _builder_version=&#8221;4.16&#8243; global_colors_info=&#8221;{}&#8221;][\/et_pb_blog_extras][\/et_pb_column][\/et_pb_row][\/et_pb_section]<\/p>\n","protected":false},"excerpt":{"rendered":"<p>Maquinaria Industrial y Calderer\u00edaDomfesa News-BlogIn this section of the website we will regularly publish articles with updated and new content on industrial machinery and boilermaking, sandblasting, bone crushers, redler chain conveyors, screw conveyors and much more.<\/p>\n","protected":false},"author":2,"featured_media":0,"parent":0,"menu_order":0,"comment_status":"closed","ping_status":"closed","template":"","meta":{"_et_pb_use_builder":"on","_et_pb_old_content":"<p>[et_pb_section fb_built=\"1\" module_id=\"blog\" _builder_version=\"4.4.2\" border_width_top=\"10px\" border_color_top=\"#b3b3b3\" locked=\"off\"][et_pb_row _builder_version=\"3.28\"][et_pb_column type=\"4_4\" _builder_version=\"3.28\"][et_pb_text _builder_version=\"4.8.1\" text_font=\"||||||||\" header_font=\"Arial||||||||\" header_font_size=\"46px\" header_2_font=\"Arial||||||||\" header_2_font_size=\"46px\" header_2_line_height=\"1.2em\" text_orientation=\"center\" custom_margin=\"||10px\" custom_padding=\"||16px|||\" locked=\"off\"]<\/p><h1>Blog Domfesa<\/h1><p>[\/et_pb_text][et_pb_text _builder_version=\"4.7.3\" _module_preset=\"default\" header_3_font_size=\"21px\" header_3_line_height=\"1.7em\"]<\/p><h3>En esta secci\u00f3n de la web publicaremos reguarlamente art\u00edculos con contenido actualizado y novedoso sobre maquinaria industrial y calderer\u00eda, chorreado con arena, triturador de huesos, transportadores de cadena tipo redler, roscas helicoidales y mucho m\u00e1s.<\/h3><p>[\/et_pb_text][et_pb_blog_extras include_categories=\"8\" blog_layout=\"block_extended\" read_more_text=\"Leer m\u00e1s\" show_author=\"off\" show_date=\"off\" show_comments=\"off\" _builder_version=\"4.6.1\"][\/et_pb_blog_extras][\/et_pb_column][\/et_pb_row][\/et_pb_section]<\/p>","_et_gb_content_width":"","footnotes":""},"class_list":["post-1260","page","type-page","status-publish","hentry"],"yoast_head":"<!-- This site is optimized with the Yoast SEO Premium plugin v20.10 (Yoast SEO v25.4) - https:\/\/yoast.com\/wordpress\/plugins\/seo\/ -->\n<title>Domfesa News-Blog - Industrial Machinery and Boilermaking<\/title>\n<meta name=\"description\" content=\"the website we will regularly publish articles with updated and new content on industrial machinery and boilermaking, sandblasting\" \/>\n<meta name=\"robots\" content=\"index, follow, max-snippet:-1, max-image-preview:large, max-video-preview:-1\" \/>\n<link rel=\"canonical\" href=\"https:\/\/domfesasl.com\/en\/domfesa-news-blog\/\" \/>\n<meta property=\"og:locale\" content=\"en_GB\" \/>\n<meta property=\"og:type\" content=\"article\" \/>\n<meta property=\"og:title\" content=\"Domfesa News-Blog\" \/>\n<meta property=\"og:description\" content=\"the website we will regularly publish articles with updated and new content on industrial machinery and boilermaking, sandblasting\" \/>\n<meta property=\"og:url\" content=\"https:\/\/domfesasl.com\/en\/domfesa-news-blog\/\" \/>\n<meta property=\"og:site_name\" content=\"Industrial Machinery and Boilermaking\" \/>\n<meta property=\"article:modified_time\" content=\"2024-12-11T21:20:37+00:00\" \/>\n<meta name=\"twitter:card\" content=\"summary_large_image\" \/>\n<meta name=\"twitter:label1\" content=\"Estimated reading time\" \/>\n\t<meta name=\"twitter:data1\" content=\"1 minute\" \/>\n<script type=\"application\/ld+json\" class=\"yoast-schema-graph\">{\"@context\":\"https:\/\/schema.org\",\"@graph\":[{\"@type\":\"WebPage\",\"@id\":\"https:\/\/domfesasl.com\/en\/domfesa-news-blog\/\",\"url\":\"https:\/\/domfesasl.com\/en\/domfesa-news-blog\/\",\"name\":\"Domfesa News-Blog - Industrial Machinery and Boilermaking\",\"isPartOf\":{\"@id\":\"https:\/\/domfesasl.com\/en\/#website\"},\"datePublished\":\"2021-02-24T15:33:12+00:00\",\"dateModified\":\"2024-12-11T21:20:37+00:00\",\"description\":\"the website we will regularly publish articles with updated and new content on industrial machinery and boilermaking, sandblasting\",\"breadcrumb\":{\"@id\":\"https:\/\/domfesasl.com\/en\/domfesa-news-blog\/#breadcrumb\"},\"inLanguage\":\"en-GB\",\"potentialAction\":[{\"@type\":\"ReadAction\",\"target\":[\"https:\/\/domfesasl.com\/en\/domfesa-news-blog\/\"]}]},{\"@type\":\"BreadcrumbList\",\"@id\":\"https:\/\/domfesasl.com\/en\/domfesa-news-blog\/#breadcrumb\",\"itemListElement\":[{\"@type\":\"ListItem\",\"position\":1,\"name\":\"Portada\",\"item\":\"https:\/\/domfesasl.com\/en\/\"},{\"@type\":\"ListItem\",\"position\":2,\"name\":\"Domfesa News-Blog\"}]},{\"@type\":\"WebSite\",\"@id\":\"https:\/\/domfesasl.com\/en\/#website\",\"url\":\"https:\/\/domfesasl.com\/en\/\",\"name\":\"Industrial Machinery and Boilermaking\",\"description\":\"Domfesa is a company that designs and manufactures INDUSTRIAL MACHINERY and BOILERING\",\"potentialAction\":[{\"@type\":\"SearchAction\",\"target\":{\"@type\":\"EntryPoint\",\"urlTemplate\":\"https:\/\/domfesasl.com\/en\/?s={search_term_string}\"},\"query-input\":{\"@type\":\"PropertyValueSpecification\",\"valueRequired\":true,\"valueName\":\"search_term_string\"}}],\"inLanguage\":\"en-GB\"}]}<\/script>\n<!-- \/ Yoast SEO Premium plugin. -->","yoast_head_json":{"title":"Domfesa News-Blog - Industrial Machinery and Boilermaking","description":"the website we will regularly publish articles with updated and new content on industrial machinery and boilermaking, sandblasting","robots":{"index":"index","follow":"follow","max-snippet":"max-snippet:-1","max-image-preview":"max-image-preview:large","max-video-preview":"max-video-preview:-1"},"canonical":"https:\/\/domfesasl.com\/en\/domfesa-news-blog\/","og_locale":"en_GB","og_type":"article","og_title":"Domfesa News-Blog","og_description":"the website we will regularly publish articles with updated and new content on industrial machinery and boilermaking, sandblasting","og_url":"https:\/\/domfesasl.com\/en\/domfesa-news-blog\/","og_site_name":"Industrial Machinery and Boilermaking","article_modified_time":"2024-12-11T21:20:37+00:00","twitter_card":"summary_large_image","twitter_misc":{"Estimated reading time":"1 minute"},"schema":{"@context":"https:\/\/schema.org","@graph":[{"@type":"WebPage","@id":"https:\/\/domfesasl.com\/en\/domfesa-news-blog\/","url":"https:\/\/domfesasl.com\/en\/domfesa-news-blog\/","name":"Domfesa News-Blog - Industrial Machinery and Boilermaking","isPartOf":{"@id":"https:\/\/domfesasl.com\/en\/#website"},"datePublished":"2021-02-24T15:33:12+00:00","dateModified":"2024-12-11T21:20:37+00:00","description":"the website we will regularly publish articles with updated and new content on industrial machinery and boilermaking, sandblasting","breadcrumb":{"@id":"https:\/\/domfesasl.com\/en\/domfesa-news-blog\/#breadcrumb"},"inLanguage":"en-GB","potentialAction":[{"@type":"ReadAction","target":["https:\/\/domfesasl.com\/en\/domfesa-news-blog\/"]}]},{"@type":"BreadcrumbList","@id":"https:\/\/domfesasl.com\/en\/domfesa-news-blog\/#breadcrumb","itemListElement":[{"@type":"ListItem","position":1,"name":"Portada","item":"https:\/\/domfesasl.com\/en\/"},{"@type":"ListItem","position":2,"name":"Domfesa News-Blog"}]},{"@type":"WebSite","@id":"https:\/\/domfesasl.com\/en\/#website","url":"https:\/\/domfesasl.com\/en\/","name":"Industrial Machinery and Boilermaking","description":"Domfesa is a company that designs and manufactures INDUSTRIAL MACHINERY and BOILERING","potentialAction":[{"@type":"SearchAction","target":{"@type":"EntryPoint","urlTemplate":"https:\/\/domfesasl.com\/en\/?s={search_term_string}"},"query-input":{"@type":"PropertyValueSpecification","valueRequired":true,"valueName":"search_term_string"}}],"inLanguage":"en-GB"}]}},"_links":{"self":[{"href":"https:\/\/domfesasl.com\/en\/wp-json\/wp\/v2\/pages\/1260","targetHints":{"allow":["GET"]}}],"collection":[{"href":"https:\/\/domfesasl.com\/en\/wp-json\/wp\/v2\/pages"}],"about":[{"href":"https:\/\/domfesasl.com\/en\/wp-json\/wp\/v2\/types\/page"}],"author":[{"embeddable":true,"href":"https:\/\/domfesasl.com\/en\/wp-json\/wp\/v2\/users\/2"}],"replies":[{"embeddable":true,"href":"https:\/\/domfesasl.com\/en\/wp-json\/wp\/v2\/comments?post=1260"}],"version-history":[{"count":6,"href":"https:\/\/domfesasl.com\/en\/wp-json\/wp\/v2\/pages\/1260\/revisions"}],"predecessor-version":[{"id":1757,"href":"https:\/\/domfesasl.com\/en\/wp-json\/wp\/v2\/pages\/1260\/revisions\/1757"}],"wp:attachment":[{"href":"https:\/\/domfesasl.com\/en\/wp-json\/wp\/v2\/media?parent=1260"}],"curies":[{"name":"wp","href":"https:\/\/api.w.org\/{rel}","templated":true}]}}