{"id":1323,"date":"2022-02-27T11:59:58","date_gmt":"2022-02-27T10:59:58","guid":{"rendered":"https:\/\/domfesasl.com\/en\/?page_id=1323"},"modified":"2024-06-05T08:34:21","modified_gmt":"2024-06-05T06:34:21","slug":"sample-collection-domfesasl","status":"publish","type":"page","link":"https:\/\/domfesasl.com\/en\/sample-collection-domfesasl\/","title":{"rendered":"Sample collection Domfesasl"},"content":{"rendered":"<p>[et_pb_section fb_built=&#8221;1&#8243; fullwidth=&#8221;on&#8221; _builder_version=&#8221;4.25.1&#8243; _module_preset=&#8221;default&#8221; custom_margin=&#8221;-3%||-2%||false|false&#8221; custom_margin_tablet=&#8221;5%||10%||false|false&#8221; custom_margin_phone=&#8221;5%||90%||false|false&#8221; custom_margin_last_edited=&#8221;on|phone&#8221; custom_padding=&#8221;||||false|false&#8221; hover_enabled=&#8221;0&#8243; global_colors_info=&#8221;{}&#8221; sticky_enabled=&#8221;0&#8243;][et_pb_fullwidth_image src=&#8221;https:\/\/domfesasl.com\/en\/wp-content\/uploads\/sites\/2\/2024\/06\/tomademuestras-2000X700.jpg&#8221; alt=&#8221;toma de muestras&#8221; title_text=&#8221;tomademuestras-2000X700&#8243; _builder_version=&#8221;4.25.1&#8243; _module_preset=&#8221;default&#8221; custom_padding=&#8221;||0px|||&#8221; global_colors_info=&#8221;{}&#8221;][\/et_pb_fullwidth_image][\/et_pb_section][et_pb_section fb_built=&#8221;1&#8243; _builder_version=&#8221;4.24.2&#8243; background_color=&#8221;#1729f2&#8243; custom_margin=&#8221;-58px|||||&#8221; custom_padding=&#8221;0px|||||&#8221; top_divider_color=&#8221;#b3b3b3&#8243; top_divider_height=&#8221;40px&#8221; bottom_divider_color=&#8221;#b3b3b3&#8243; bottom_divider_height=&#8221;40px&#8221; border_color_top=&#8221;#b3b3b3&#8243; global_colors_info=&#8221;{}&#8221;][et_pb_row _builder_version=&#8221;4.23.1&#8243; _module_preset=&#8221;default&#8221; custom_padding=&#8221;50px|||||&#8221; locked=&#8221;off&#8221; global_colors_info=&#8221;{}&#8221;][et_pb_column type=&#8221;4_4&#8243; _builder_version=&#8221;4.23.1&#8243; _module_preset=&#8221;default&#8221; global_colors_info=&#8221;{}&#8221;][et_pb_text _builder_version=&#8221;4.25.1&#8243; _module_preset=&#8221;default&#8221; header_text_color=&#8221;#FFFFFF&#8221; header_2_font=&#8221;|600||on|||||&#8221; header_2_text_color=&#8221;#1429f2&#8243; header_2_font_size=&#8221;24px&#8221; background_color=&#8221;#FFFFFF&#8221; module_alignment=&#8221;center&#8221; height=&#8221;30px&#8221; custom_margin=&#8221;||||false|false&#8221; custom_padding=&#8221;4px||30px||false|false&#8221; locked=&#8221;off&#8221; global_colors_info=&#8221;{}&#8221;]<\/p>\n<h2 style=\"text-align: center;\">Sample collection<\/h2>\n<p>[\/et_pb_text][et_pb_text _builder_version=&#8221;4.25.1&#8243; _module_preset=&#8221;default&#8221; text_text_color=&#8221;#ffffff&#8221; text_font_size=&#8221;16px&#8221; header_3_text_color=&#8221;#FFFFFF&#8221; header_4_text_color=&#8221;#FFFFFF&#8221; background_color=&#8221;#1429f2&#8243; custom_padding=&#8221;||||false|false&#8221; global_colors_info=&#8221;{}&#8221;]<\/p>\n<p>At Domfesa we have developed control systems for industrial sampling processes. Innovative, control, quality; where user intervention is minimal and the interruption in the manufacturing processes where the samples are taken is null.<\/p>\n<p>The study and control of quality is fundamental in the industry, which is why our R+D department has designed a series of sampling systems that guarantee, at all times, healthy and precise conditions for any machine that conforms the line of action.<\/p>\n<p>These systems also include a set of pneumatic-mechanical elements that provide continuous functionality in all manufacturing processes. In other words, there is no need to stop or block any process or manufacturing line to control production.<\/p>\n<p>[\/et_pb_text][\/et_pb_column][\/et_pb_row][et_pb_row column_structure=&#8221;1_2,1_2&#8243; use_custom_gutter=&#8221;on&#8221; gutter_width=&#8221;2&#8243; _builder_version=&#8221;4.25.1&#8243; custom_margin=&#8221;-10px|auto|-30px|auto||&#8221; global_colors_info=&#8221;{}&#8221;][et_pb_column type=&#8221;1_2&#8243; _builder_version=&#8221;4.16&#8243; global_colors_info=&#8221;{}&#8221;][et_pb_image src=&#8221;https:\/\/domfesasl.com\/en\/wp-content\/uploads\/sites\/2\/2024\/06\/toma-de-muestras-1000alto.jpg&#8221; alt=&#8221;Toma de muestras Domfesa&#8221; title_text=&#8221;toma-de-muestras-1000alto&#8221; _builder_version=&#8221;4.25.1&#8243; global_colors_info=&#8221;{}&#8221;][\/et_pb_image][\/et_pb_column][et_pb_column type=&#8221;1_2&#8243; _builder_version=&#8221;4.16&#8243; global_colors_info=&#8221;{}&#8221;][\/et_pb_column][\/et_pb_row][et_pb_row _builder_version=&#8221;4.23.1&#8243; _module_preset=&#8221;default&#8221; locked=&#8221;off&#8221; global_colors_info=&#8221;{}&#8221;][et_pb_column type=&#8221;4_4&#8243; _builder_version=&#8221;4.16&#8243; _module_preset=&#8221;default&#8221; global_colors_info=&#8221;{}&#8221;][et_pb_button button_url=&#8221;https:\/\/domfesasl.com\/en\/wp-content\/uploads\/sites\/2\/2022\/02\/Sample-collection-EN.pdf&#8221; url_new_window=&#8221;on&#8221; button_text=&#8221;Sampling. Download PDF&#8221; button_alignment=&#8221;center&#8221; _builder_version=&#8221;4.25.1&#8243; custom_button=&#8221;on&#8221; button_text_color=&#8221;#1429f2&#8243; button_bg_color=&#8221;#FFFFFF&#8221; button_border_width=&#8221;0px&#8221; button_border_color=&#8221;#b3b3b3&#8243; button_font=&#8221;Arial||||||||&#8221; button_icon=&#8221;&#xe03c;||divi||400&#8243; custom_padding=&#8221;3px||3px||false|false&#8221; custom_css_main_element=&#8221;width: 100%;&#8221; global_colors_info=&#8221;{}&#8221;][\/et_pb_button][\/et_pb_column][\/et_pb_row][et_pb_row use_custom_gutter=&#8221;on&#8221; gutter_width=&#8221;2&#8243; _builder_version=&#8221;4.23.1&#8243; custom_margin=&#8221;-10px|auto|-30px|auto||&#8221; locked=&#8221;off&#8221; global_colors_info=&#8221;{}&#8221;][et_pb_column type=&#8221;4_4&#8243; _builder_version=&#8221;4.21.0&#8243; _module_preset=&#8221;default&#8221; global_colors_info=&#8221;{}&#8221;][et_pb_button button_url=&#8221;https:\/\/domfesasl.com\/contact\/&#8221; button_text=&#8221;Do you want to discover all the secrets of our Sample Sockets? Contact Domfesa and enter a world of innovation and technology without limits!&#8221; _builder_version=&#8221;4.25.1&#8243; _module_preset=&#8221;default&#8221; custom_button=&#8221;on&#8221; button_text_color=&#8221;#FFFFFF&#8221; global_colors_info=&#8221;{}&#8221;][\/et_pb_button][\/et_pb_column][\/et_pb_row][\/et_pb_section]<\/p>\n","protected":false},"excerpt":{"rendered":"<p>Sample collectionAt Domfesa we have developed control systems for industrial sampling processes. Innovative, control, quality; where user intervention is minimal and the interruption in the manufacturing processes where the samples are taken is null. The study and control of quality is fundamental in the industry, which is why our R+D department has designed a series [&hellip;]<\/p>\n","protected":false},"author":2,"featured_media":0,"parent":0,"menu_order":0,"comment_status":"closed","ping_status":"closed","template":"","meta":{"_et_pb_use_builder":"on","_et_pb_old_content":"<p>[et_pb_section fb_built=\"1\" disabled_on=\"off|on|on\" _builder_version=\"3.28\" background_enable_image=\"off\" custom_margin=\"0px||0px||false|false\" custom_padding=\"0px||0px||false|false\" locked=\"off\" global_colors_info=\"{}\"][et_pb_row _builder_version=\"3.28\" custom_margin=\"0px||0px||false|false\" custom_padding=\"0px||0px||false|false\" global_colors_info=\"{}\"][et_pb_column type=\"4_4\" _builder_version=\"3.28\" global_colors_info=\"{}\"][et_pb_image src=\"https:\/\/domfesasl.com\/wp-content\/uploads\/2022\/02\/toma-de-muestras-700x270px.jpg\" alt=\"Toma de muestras Domfesa\" title_text=\"toma-de-muestras-700x270px\" align=\"center\" force_fullwidth=\"on\" _builder_version=\"4.14.7\" global_colors_info=\"{}\"][\/et_pb_image][\/et_pb_column][\/et_pb_row][\/et_pb_section][et_pb_section fb_built=\"1\" disabled_on=\"on|off|off\" _builder_version=\"4.14.7\" background_image=\"https:\/\/domfesasl.com\/wp-content\/uploads\/2022\/02\/toma-de-muestras-2000x700-1.jpg\" custom_margin=\"0px||0px||false|false\" custom_padding=\"300px||300px||false|false\" locked=\"off\" global_colors_info=\"{}\"][\/et_pb_section][et_pb_section fb_built=\"1\" _builder_version=\"4.4.2\" custom_margin=\"-58px|||||\" top_divider_color=\"#b3b3b3\" top_divider_height=\"40px\" bottom_divider_color=\"#b3b3b3\" bottom_divider_height=\"40px\" border_width_top=\"10px\" border_color_top=\"#b3b3b3\" global_colors_info=\"{}\"][et_pb_row _builder_version=\"3.28\" global_colors_info=\"{}\"][et_pb_column type=\"4_4\" _builder_version=\"3.28\" global_colors_info=\"{}\"][et_pb_text _builder_version=\"3.28\" header_font=\"Arial||||||||\" header_font_size=\"44px\" global_colors_info=\"{}\"]<\/p><h1 style=\"text-align: center;\">Toma de muestras<\/h1><p>[\/et_pb_text][\/et_pb_column][\/et_pb_row][et_pb_row column_structure=\"1_2,1_2\" _builder_version=\"3.28\" custom_margin=\"-10px|auto|-30px|auto||\" global_colors_info=\"{}\"][et_pb_column type=\"1_2\" _builder_version=\"3.28\" global_colors_info=\"{}\"][et_pb_image src=\"https:\/\/domfesasl.com\/wp-content\/uploads\/2022\/02\/toma-de-muestras-1000alto.jpg\" alt=\"Toma de muestras Domfesa\" title_text=\"toma-de-muestras-1000alto\" _builder_version=\"4.14.7\" global_colors_info=\"{}\"][\/et_pb_image][\/et_pb_column][et_pb_column type=\"1_2\" _builder_version=\"3.28\" global_colors_info=\"{}\"][et_pb_text _builder_version=\"4.14.7\" text_font=\"Arial||||||||\" text_font_size=\"16px\" custom_margin=\"||5px|||\" global_colors_info=\"{}\"]<\/p><p>En Domfesa hemos desarrollado sistemas de control en procesos industriales de toma de muestras. Innovadores, de control, de calidad; donde la intervenci\u00f3n del usuario es m\u00ednima y la interrupci\u00f3n, en los procesos de fabricaci\u00f3n, donde act\u00faan las tomas de muestras es nula.<\/p><p>El estudio y control de calidad es fundamental en la industria, es por ellos que nuestro departamento de I+D ha dise\u00f1ado una serie de sistemas de toma de muestras que garantizan, en todo momento, condiciones salubres y de precisi\u00f3n, para cualquier m\u00e1quina que conforme la l\u00ednea de actuaci\u00f3n.<\/p><p>Estos sistemas, adem\u00e1s, contemplan un conjunto de elementos neum\u00e1tico-mec\u00e1nicos que proporcionan una funcionalidad continua en todos los procesos de fabricaci\u00f3n. Es decir, no se necesita parar ni bloquea ning\u00fan proceso ni l\u00ednea de fabricaci\u00f3n para controlar la producci\u00f3n<\/p><p>[\/et_pb_text][\/et_pb_column][\/et_pb_row][et_pb_row _builder_version=\"4.6.1\" _module_preset=\"default\" locked=\"off\" global_colors_info=\"{}\"][et_pb_column type=\"4_4\" _builder_version=\"4.6.1\" _module_preset=\"default\" global_colors_info=\"{}\"][et_pb_button button_url=\"https:\/\/domfesasl.com\/wp-content\/uploads\/2022\/02\/TOMA-DE-MUESTRAS.pdf\" url_new_window=\"on\" button_text=\"Toma de muestras. Descargar PDF\" button_alignment=\"center\" _builder_version=\"4.14.7\" custom_button=\"on\" button_text_color=\"#ffffff\" button_bg_color=\"#1312F1\" button_border_width=\"0px\" button_border_color=\"#b3b3b3\" button_font=\"Arial||||||||\" button_icon=\"\ue03c||divi||400\" custom_margin=\"13px|||||\" global_colors_info=\"{}\"][\/et_pb_button][\/et_pb_column][\/et_pb_row][\/et_pb_section]<\/p>","_et_gb_content_width":"","footnotes":""},"class_list":["post-1323","page","type-page","status-publish","hentry"],"yoast_head":"<!-- This site is optimized with the Yoast SEO Premium plugin v20.10 (Yoast SEO v25.4) - https:\/\/yoast.com\/wordpress\/plugins\/seo\/ -->\n<title>Sample collection Domfesasl - Industrial Machinery and Boilermaking<\/title>\n<meta name=\"description\" content=\"Sample collection. Toma de muestras Domfesa At Domfesa we have developed control systems for industrial sampling processes\" \/>\n<meta name=\"robots\" content=\"index, follow, max-snippet:-1, max-image-preview:large, max-video-preview:-1\" \/>\n<link rel=\"canonical\" href=\"https:\/\/domfesasl.com\/en\/sample-collection-domfesasl\/\" \/>\n<meta property=\"og:locale\" content=\"en_GB\" \/>\n<meta property=\"og:type\" content=\"article\" \/>\n<meta property=\"og:title\" content=\"Sample collection Domfesasl\" \/>\n<meta property=\"og:description\" content=\"Sample collection. Toma de muestras Domfesa At Domfesa we have developed control systems for industrial sampling processes\" \/>\n<meta property=\"og:url\" content=\"https:\/\/domfesasl.com\/en\/sample-collection-domfesasl\/\" \/>\n<meta property=\"og:site_name\" content=\"Industrial Machinery and Boilermaking\" \/>\n<meta property=\"article:modified_time\" content=\"2024-06-05T06:34:21+00:00\" \/>\n<meta name=\"twitter:card\" content=\"summary_large_image\" \/>\n<meta name=\"twitter:label1\" content=\"Estimated reading time\" \/>\n\t<meta name=\"twitter:data1\" content=\"2 minutes\" \/>\n<script type=\"application\/ld+json\" class=\"yoast-schema-graph\">{\"@context\":\"https:\/\/schema.org\",\"@graph\":[{\"@type\":\"WebPage\",\"@id\":\"https:\/\/domfesasl.com\/en\/sample-collection-domfesasl\/\",\"url\":\"https:\/\/domfesasl.com\/en\/sample-collection-domfesasl\/\",\"name\":\"Sample collection Domfesasl - Industrial Machinery and Boilermaking\",\"isPartOf\":{\"@id\":\"https:\/\/domfesasl.com\/en\/#website\"},\"datePublished\":\"2022-02-27T10:59:58+00:00\",\"dateModified\":\"2024-06-05T06:34:21+00:00\",\"description\":\"Sample collection. Toma de muestras Domfesa At Domfesa we have developed control systems for industrial sampling processes\",\"breadcrumb\":{\"@id\":\"https:\/\/domfesasl.com\/en\/sample-collection-domfesasl\/#breadcrumb\"},\"inLanguage\":\"en-GB\",\"potentialAction\":[{\"@type\":\"ReadAction\",\"target\":[\"https:\/\/domfesasl.com\/en\/sample-collection-domfesasl\/\"]}]},{\"@type\":\"BreadcrumbList\",\"@id\":\"https:\/\/domfesasl.com\/en\/sample-collection-domfesasl\/#breadcrumb\",\"itemListElement\":[{\"@type\":\"ListItem\",\"position\":1,\"name\":\"Portada\",\"item\":\"https:\/\/domfesasl.com\/en\/\"},{\"@type\":\"ListItem\",\"position\":2,\"name\":\"Sample collection Domfesasl\"}]},{\"@type\":\"WebSite\",\"@id\":\"https:\/\/domfesasl.com\/en\/#website\",\"url\":\"https:\/\/domfesasl.com\/en\/\",\"name\":\"Industrial Machinery and Boilermaking\",\"description\":\"Domfesa is a company that designs and manufactures INDUSTRIAL MACHINERY and BOILERING\",\"potentialAction\":[{\"@type\":\"SearchAction\",\"target\":{\"@type\":\"EntryPoint\",\"urlTemplate\":\"https:\/\/domfesasl.com\/en\/?s={search_term_string}\"},\"query-input\":{\"@type\":\"PropertyValueSpecification\",\"valueRequired\":true,\"valueName\":\"search_term_string\"}}],\"inLanguage\":\"en-GB\"}]}<\/script>\n<!-- \/ Yoast SEO Premium plugin. -->","yoast_head_json":{"title":"Sample collection Domfesasl - Industrial Machinery and Boilermaking","description":"Sample collection. Toma de muestras Domfesa At Domfesa we have developed control systems for industrial sampling processes","robots":{"index":"index","follow":"follow","max-snippet":"max-snippet:-1","max-image-preview":"max-image-preview:large","max-video-preview":"max-video-preview:-1"},"canonical":"https:\/\/domfesasl.com\/en\/sample-collection-domfesasl\/","og_locale":"en_GB","og_type":"article","og_title":"Sample collection Domfesasl","og_description":"Sample collection. Toma de muestras Domfesa At Domfesa we have developed control systems for industrial sampling processes","og_url":"https:\/\/domfesasl.com\/en\/sample-collection-domfesasl\/","og_site_name":"Industrial Machinery and Boilermaking","article_modified_time":"2024-06-05T06:34:21+00:00","twitter_card":"summary_large_image","twitter_misc":{"Estimated reading time":"2 minutes"},"schema":{"@context":"https:\/\/schema.org","@graph":[{"@type":"WebPage","@id":"https:\/\/domfesasl.com\/en\/sample-collection-domfesasl\/","url":"https:\/\/domfesasl.com\/en\/sample-collection-domfesasl\/","name":"Sample collection Domfesasl - Industrial Machinery and Boilermaking","isPartOf":{"@id":"https:\/\/domfesasl.com\/en\/#website"},"datePublished":"2022-02-27T10:59:58+00:00","dateModified":"2024-06-05T06:34:21+00:00","description":"Sample collection. Toma de muestras Domfesa At Domfesa we have developed control systems for industrial sampling processes","breadcrumb":{"@id":"https:\/\/domfesasl.com\/en\/sample-collection-domfesasl\/#breadcrumb"},"inLanguage":"en-GB","potentialAction":[{"@type":"ReadAction","target":["https:\/\/domfesasl.com\/en\/sample-collection-domfesasl\/"]}]},{"@type":"BreadcrumbList","@id":"https:\/\/domfesasl.com\/en\/sample-collection-domfesasl\/#breadcrumb","itemListElement":[{"@type":"ListItem","position":1,"name":"Portada","item":"https:\/\/domfesasl.com\/en\/"},{"@type":"ListItem","position":2,"name":"Sample collection Domfesasl"}]},{"@type":"WebSite","@id":"https:\/\/domfesasl.com\/en\/#website","url":"https:\/\/domfesasl.com\/en\/","name":"Industrial Machinery and Boilermaking","description":"Domfesa is a company that designs and manufactures INDUSTRIAL MACHINERY and BOILERING","potentialAction":[{"@type":"SearchAction","target":{"@type":"EntryPoint","urlTemplate":"https:\/\/domfesasl.com\/en\/?s={search_term_string}"},"query-input":{"@type":"PropertyValueSpecification","valueRequired":true,"valueName":"search_term_string"}}],"inLanguage":"en-GB"}]}},"_links":{"self":[{"href":"https:\/\/domfesasl.com\/en\/wp-json\/wp\/v2\/pages\/1323","targetHints":{"allow":["GET"]}}],"collection":[{"href":"https:\/\/domfesasl.com\/en\/wp-json\/wp\/v2\/pages"}],"about":[{"href":"https:\/\/domfesasl.com\/en\/wp-json\/wp\/v2\/types\/page"}],"author":[{"embeddable":true,"href":"https:\/\/domfesasl.com\/en\/wp-json\/wp\/v2\/users\/2"}],"replies":[{"embeddable":true,"href":"https:\/\/domfesasl.com\/en\/wp-json\/wp\/v2\/comments?post=1323"}],"version-history":[{"count":8,"href":"https:\/\/domfesasl.com\/en\/wp-json\/wp\/v2\/pages\/1323\/revisions"}],"predecessor-version":[{"id":1696,"href":"https:\/\/domfesasl.com\/en\/wp-json\/wp\/v2\/pages\/1323\/revisions\/1696"}],"wp:attachment":[{"href":"https:\/\/domfesasl.com\/en\/wp-json\/wp\/v2\/media?parent=1323"}],"curies":[{"name":"wp","href":"https:\/\/api.w.org\/{rel}","templated":true}]}}