{"id":1359,"date":"2022-09-21T13:57:18","date_gmt":"2022-09-21T11:57:18","guid":{"rendered":"https:\/\/domfesasl.com\/en\/?page_id=1359"},"modified":"2024-08-26T11:14:55","modified_gmt":"2024-08-26T09:14:55","slug":"crushing-and-conveying-in-mining","status":"publish","type":"page","link":"https:\/\/domfesasl.com\/en\/crushing-and-conveying-in-mining\/","title":{"rendered":"Crushing and conveying in mining"},"content":{"rendered":"<p>[et_pb_section fb_built=&#8221;1&#8243; disabled_on=&#8221;off|off|off&#8221; _builder_version=&#8221;4.27.0&#8243; _module_preset=&#8221;default&#8221; background_image=&#8221;https:\/\/domfesasl.com\/en\/wp-content\/uploads\/sites\/2\/2024\/08\/foto-Mineria-2000x650px.jpg&#8221; height=&#8221;400px&#8221; custom_margin=&#8221;||-5px||false|false&#8221; custom_padding=&#8221;||||false|false&#8221; background_last_edited=&#8221;on|desktop&#8221; background_image_phone=&#8221;https:\/\/domfesasl.com\/en\/wp-content\/uploads\/sites\/2\/2024\/08\/maquinaria-de-reciclaje-1.jpg&#8221; background_enable_image_phone=&#8221;on&#8221; locked=&#8221;off&#8221; global_colors_info=&#8221;{}&#8221;][\/et_pb_section][et_pb_section fb_built=&#8221;1&#8243; _builder_version=&#8221;4.23.1&#8243; background_color=&#8221;#1428f1&#8243; custom_margin=&#8221;3px|||||&#8221; custom_padding=&#8221;7px|||||&#8221; top_divider_color=&#8221;#b3b3b3&#8243; top_divider_height=&#8221;40px&#8221; bottom_divider_color=&#8221;#b3b3b3&#8243; bottom_divider_height=&#8221;40px&#8221; border_color_top=&#8221;#b3b3b3&#8243; global_colors_info=&#8221;{}&#8221;][et_pb_row _builder_version=&#8221;4.16&#8243; custom_margin=&#8221;-4px|auto||auto||&#8221; custom_padding=&#8221;0px||13px|||&#8221; global_colors_info=&#8221;{}&#8221;][et_pb_column type=&#8221;4_4&#8243; _builder_version=&#8221;4.16&#8243; global_colors_info=&#8221;{}&#8221;][et_pb_text _builder_version=&#8221;4.27.0&#8243; header_font=&#8221;Arial|600||on|||||&#8221; header_text_color=&#8221;#1429f2&#8243; header_font_size=&#8221;24px&#8221; header_line_height=&#8221;1.1em&#8221; header_2_font_size=&#8221;47px&#8221; background_color=&#8221;#FFFFFF&#8221; custom_margin=&#8221;34px||||false|false&#8221; custom_padding=&#8221;8px||0px||false|false&#8221; locked=&#8221;off&#8221; global_colors_info=&#8221;{}&#8221;]<\/p>\n<h1 style=\"text-align: center;\"><strong>\u00a0Crushing and conveying in mining<\/strong><\/h1>\n<p>[\/et_pb_text][et_pb_text _builder_version=&#8221;4.27.0&#8243; _module_preset=&#8221;default&#8221; text_text_color=&#8221;#FFFFFF&#8221; text_font_size=&#8221;16px&#8221; global_colors_info=&#8221;{}&#8221;]<\/p>\n<p>In mining, the transport and crushing of the extracted elements is crucial. The machinery responsible for these processes is often exposed to high levels of wear and tear due to the hardness and size of the materials, which are often abrasive. At Domfesa, we specialise in offering high quality equipment to maximise the useful life of our machines.<\/p>\n<h2><span style=\"color: #ffffff;\"><strong>Reinforced Shredders<\/strong><\/span><\/h2>\n<p>Domfesa has structurally <strong>reinforced crushers<\/strong> for the treatment of rocks and other materials derived from mining. These crushers have been tested in extreme conditions and are designed to adapt to all types of raw materials, guaranteeing efficiency in the processing and processing of all types of materials. <strong><a href=\"https:\/\/domfesasl.com\/en\/crushing-and-shredding-bone-crusher\/\"><span style=\"color: #ccffff;\">crushed and shredded<\/span><\/a><\/strong>.<\/p>\n<h2><span style=\"color: #ffffff;\"><strong>Heavy Material Conveyors<\/strong><\/span><\/h2>\n<p>Our <strong>conveyors<\/strong> are ideal for moving heavy and abrasive materials, both vertically and horizontally. They have the ability to move large volumes over long distances, ensuring efficient transport. We offer various options such as the <span style=\"color: #ccffff;\"><strong><a href=\"https:\/\/domfesasl.com\/en\/redler-chain-conveyor\/\" style=\"color: #ccffff;\">redler chain conveyor<\/a><\/strong><\/span> and <span style=\"color: #ccffff;\"><strong><a href=\"https:\/\/domfesasl.com\/en\/belt-and-plastic-conveyor-belts\/\" style=\"color: #ccffff;\">belt conveyors<\/a><\/strong><\/span>, according to the specific needs of each client.<\/p>\n<h2><span style=\"color: #ffffff;\"><strong>Water Lifters for Extreme Conditions<\/strong><\/span><\/h2>\n<p>Domfesa also offers <strong>water lifters<\/strong> that work like conventional pumps, but with a revolutionary system that provides maximum safety when operating in drains or transporting liquids in deep wells. Our <span style=\"color: #ccffff;\"><strong><a href=\"https:\/\/domfesasl.com\/en\/liquid-and-solid-pump\/\" style=\"color: #ccffff;\">pumps for liquids and solids<\/a><\/strong><\/span> ensure optimum performance in all kinds of adverse conditions.<\/p>\n<p>[\/et_pb_text][\/et_pb_column][\/et_pb_row][et_pb_row use_custom_gutter=&#8221;on&#8221; gutter_width=&#8221;2&#8243; _builder_version=&#8221;4.23.1&#8243; custom_margin=&#8221;-10px|auto|-30px|auto||&#8221; global_colors_info=&#8221;{}&#8221;][et_pb_column type=&#8221;4_4&#8243; _builder_version=&#8221;4.21.0&#8243; _module_preset=&#8221;default&#8221; global_colors_info=&#8221;{}&#8221;][et_pb_button button_url=&#8221;https:\/\/domfesasl.com\/en\/contact\/&#8221; button_text=&#8221;\u00bfQuieres descubrir todos los secretos de nuestro crushing and conveying in mining? \u00a1Contacta con Domfesa y ad\u00e9ntrate en un mundo de innovaci\u00f3n y tecnolog\u00eda sin l\u00edmites!&#8221; _builder_version=&#8221;4.27.0&#8243; _module_preset=&#8221;default&#8221; custom_button=&#8221;on&#8221; button_text_color=&#8221;#FFFFFF&#8221; global_colors_info=&#8221;{}&#8221;][\/et_pb_button][\/et_pb_column][\/et_pb_row][\/et_pb_section]<\/p>\n","protected":false},"excerpt":{"rendered":"<p>\u00a0Crushing and conveying in miningIn mining, the transport and crushing of the extracted elements is crucial. The machinery responsible for these processes is often exposed to high levels of wear and tear due to the hardness and size of the materials, which are often abrasive. At Domfesa, we specialise in offering high quality equipment to [&hellip;]<\/p>\n","protected":false},"author":2,"featured_media":0,"parent":0,"menu_order":0,"comment_status":"closed","ping_status":"closed","template":"","meta":{"_et_pb_use_builder":"on","_et_pb_old_content":"[et_pb_section fb_built=\"1\" _builder_version=\"4.16\" _module_preset=\"default\" global_colors_info=\"{}\"][et_pb_row _builder_version=\"4.16\" _module_preset=\"default\" global_colors_info=\"{}\"][et_pb_column type=\"4_4\" _builder_version=\"4.16\" _module_preset=\"default\" global_colors_info=\"{}\"][et_pb_text _builder_version=\"4.18.0\" _module_preset=\"default\" global_colors_info=\"{}\"]<h1 style=\"text-align: center;\"><strong>MINER\u00cdA<\/strong><\/h1>\r\n<p>\u00a0<\/p>\r\n<p>En la miner\u00eda, el transporte y triturado de los elementos extra\u00eddos es muy importante. La maquinaria encargada de ello suele sufrir desgastes y fatiga a niveles muy altos, ya que los materiales a tratar suelen ser muy abrasivos y de grandes dimensiones. En Domfesa trabajamos con la mayor calidad de materiales para alargar la vida \u00fatil de nuestras maquinas al m\u00e1ximo.<\/p>\r\n<ul>\r\n<li>Domfesa dispone de trituradores de todo tipo para el triturado de rocas. Estos trituradores est\u00e1n probados y preparados para todo tipo de condiciones. <a href=\"https:\/\/domfesasl.com\/triturado-y-desmenuzado-triturador-de-huesos\/\"><strong>+info<\/strong><\/a><\/li>\r\n<li>Nuestros transportadores especializados en el tratado de material pesante y abrasivo son capaces de transportar cualquier tipo de materiales a largas distancias. <a href=\"https:\/\/domfesasl.com\/transportador-de-cadena-redler\/\"><strong>+info<\/strong><\/a><\/li>\r\n<li>Disponemos de elevadores de aguas que act\u00faan como una bomba de agua convencional, pero con un sistema totalmente revolucionario que proporciona al cliente la m\u00e1xima seguridad a la hora de trabajar. <a href=\"https:\/\/domfesasl.com\/bomba-de-liquidos-y-solidos\/\"><strong>+info<\/strong><\/a><\/li>\r\n<\/ul>\r\n<p>Todas nuestras m\u00e1quinas est\u00e1n calculadas y adaptadas a nuestros clientes para maximizar la eficiencia energ\u00e9tica de las mismas.<\/p>[\/et_pb_text][\/et_pb_column][\/et_pb_row][\/et_pb_section]","_et_gb_content_width":"","footnotes":""},"class_list":["post-1359","page","type-page","status-publish","hentry"],"yoast_head":"<!-- This site is optimized with the Yoast SEO Premium plugin v20.10 (Yoast SEO v25.4) - https:\/\/yoast.com\/wordpress\/plugins\/seo\/ -->\n<title>Crushing and conveying in mining - Industrial Machinery and Boilermaking<\/title>\n<meta name=\"robots\" content=\"index, follow, max-snippet:-1, max-image-preview:large, max-video-preview:-1\" \/>\n<link rel=\"canonical\" href=\"https:\/\/domfesasl.com\/en\/crushing-and-conveying-in-mining\/\" \/>\n<meta property=\"og:locale\" content=\"en_GB\" \/>\n<meta property=\"og:type\" content=\"article\" \/>\n<meta property=\"og:title\" content=\"Crushing and conveying in mining\" \/>\n<meta property=\"og:description\" content=\"\u00a0Crushing and conveying in miningIn mining, the transport and crushing of the extracted elements is crucial. The machinery responsible for these processes is often exposed to high levels of wear and tear due to the hardness and size of the materials, which are often abrasive. At Domfesa, we specialise in offering high quality equipment to [&hellip;]\" \/>\n<meta property=\"og:url\" content=\"https:\/\/domfesasl.com\/en\/crushing-and-conveying-in-mining\/\" \/>\n<meta property=\"og:site_name\" content=\"Industrial Machinery and Boilermaking\" \/>\n<meta property=\"article:modified_time\" content=\"2024-08-26T09:14:55+00:00\" \/>\n<meta name=\"twitter:card\" content=\"summary_large_image\" \/>\n<meta name=\"twitter:label1\" content=\"Estimated reading time\" \/>\n\t<meta name=\"twitter:data1\" content=\"1 minute\" \/>\n<script type=\"application\/ld+json\" class=\"yoast-schema-graph\">{\"@context\":\"https:\/\/schema.org\",\"@graph\":[{\"@type\":\"WebPage\",\"@id\":\"https:\/\/domfesasl.com\/en\/crushing-and-conveying-in-mining\/\",\"url\":\"https:\/\/domfesasl.com\/en\/crushing-and-conveying-in-mining\/\",\"name\":\"Crushing and conveying in mining - Industrial Machinery and Boilermaking\",\"isPartOf\":{\"@id\":\"https:\/\/domfesasl.com\/en\/#website\"},\"datePublished\":\"2022-09-21T11:57:18+00:00\",\"dateModified\":\"2024-08-26T09:14:55+00:00\",\"breadcrumb\":{\"@id\":\"https:\/\/domfesasl.com\/en\/crushing-and-conveying-in-mining\/#breadcrumb\"},\"inLanguage\":\"en-GB\",\"potentialAction\":[{\"@type\":\"ReadAction\",\"target\":[\"https:\/\/domfesasl.com\/en\/crushing-and-conveying-in-mining\/\"]}]},{\"@type\":\"BreadcrumbList\",\"@id\":\"https:\/\/domfesasl.com\/en\/crushing-and-conveying-in-mining\/#breadcrumb\",\"itemListElement\":[{\"@type\":\"ListItem\",\"position\":1,\"name\":\"Portada\",\"item\":\"https:\/\/domfesasl.com\/en\/\"},{\"@type\":\"ListItem\",\"position\":2,\"name\":\"Crushing and conveying in mining\"}]},{\"@type\":\"WebSite\",\"@id\":\"https:\/\/domfesasl.com\/en\/#website\",\"url\":\"https:\/\/domfesasl.com\/en\/\",\"name\":\"Industrial Machinery and Boilermaking\",\"description\":\"Domfesa is a company that designs and manufactures INDUSTRIAL MACHINERY and BOILERING\",\"potentialAction\":[{\"@type\":\"SearchAction\",\"target\":{\"@type\":\"EntryPoint\",\"urlTemplate\":\"https:\/\/domfesasl.com\/en\/?s={search_term_string}\"},\"query-input\":{\"@type\":\"PropertyValueSpecification\",\"valueRequired\":true,\"valueName\":\"search_term_string\"}}],\"inLanguage\":\"en-GB\"}]}<\/script>\n<!-- \/ Yoast SEO Premium plugin. -->","yoast_head_json":{"title":"Crushing and conveying in mining - Industrial Machinery and Boilermaking","robots":{"index":"index","follow":"follow","max-snippet":"max-snippet:-1","max-image-preview":"max-image-preview:large","max-video-preview":"max-video-preview:-1"},"canonical":"https:\/\/domfesasl.com\/en\/crushing-and-conveying-in-mining\/","og_locale":"en_GB","og_type":"article","og_title":"Crushing and conveying in mining","og_description":"\u00a0Crushing and conveying in miningIn mining, the transport and crushing of the extracted elements is crucial. The machinery responsible for these processes is often exposed to high levels of wear and tear due to the hardness and size of the materials, which are often abrasive. At Domfesa, we specialise in offering high quality equipment to [&hellip;]","og_url":"https:\/\/domfesasl.com\/en\/crushing-and-conveying-in-mining\/","og_site_name":"Industrial Machinery and Boilermaking","article_modified_time":"2024-08-26T09:14:55+00:00","twitter_card":"summary_large_image","twitter_misc":{"Estimated reading time":"1 minute"},"schema":{"@context":"https:\/\/schema.org","@graph":[{"@type":"WebPage","@id":"https:\/\/domfesasl.com\/en\/crushing-and-conveying-in-mining\/","url":"https:\/\/domfesasl.com\/en\/crushing-and-conveying-in-mining\/","name":"Crushing and conveying in mining - Industrial Machinery and Boilermaking","isPartOf":{"@id":"https:\/\/domfesasl.com\/en\/#website"},"datePublished":"2022-09-21T11:57:18+00:00","dateModified":"2024-08-26T09:14:55+00:00","breadcrumb":{"@id":"https:\/\/domfesasl.com\/en\/crushing-and-conveying-in-mining\/#breadcrumb"},"inLanguage":"en-GB","potentialAction":[{"@type":"ReadAction","target":["https:\/\/domfesasl.com\/en\/crushing-and-conveying-in-mining\/"]}]},{"@type":"BreadcrumbList","@id":"https:\/\/domfesasl.com\/en\/crushing-and-conveying-in-mining\/#breadcrumb","itemListElement":[{"@type":"ListItem","position":1,"name":"Portada","item":"https:\/\/domfesasl.com\/en\/"},{"@type":"ListItem","position":2,"name":"Crushing and conveying in mining"}]},{"@type":"WebSite","@id":"https:\/\/domfesasl.com\/en\/#website","url":"https:\/\/domfesasl.com\/en\/","name":"Industrial Machinery and Boilermaking","description":"Domfesa is a company that designs and manufactures INDUSTRIAL MACHINERY and BOILERING","potentialAction":[{"@type":"SearchAction","target":{"@type":"EntryPoint","urlTemplate":"https:\/\/domfesasl.com\/en\/?s={search_term_string}"},"query-input":{"@type":"PropertyValueSpecification","valueRequired":true,"valueName":"search_term_string"}}],"inLanguage":"en-GB"}]}},"_links":{"self":[{"href":"https:\/\/domfesasl.com\/en\/wp-json\/wp\/v2\/pages\/1359","targetHints":{"allow":["GET"]}}],"collection":[{"href":"https:\/\/domfesasl.com\/en\/wp-json\/wp\/v2\/pages"}],"about":[{"href":"https:\/\/domfesasl.com\/en\/wp-json\/wp\/v2\/types\/page"}],"author":[{"embeddable":true,"href":"https:\/\/domfesasl.com\/en\/wp-json\/wp\/v2\/users\/2"}],"replies":[{"embeddable":true,"href":"https:\/\/domfesasl.com\/en\/wp-json\/wp\/v2\/comments?post=1359"}],"version-history":[{"count":7,"href":"https:\/\/domfesasl.com\/en\/wp-json\/wp\/v2\/pages\/1359\/revisions"}],"predecessor-version":[{"id":1722,"href":"https:\/\/domfesasl.com\/en\/wp-json\/wp\/v2\/pages\/1359\/revisions\/1722"}],"wp:attachment":[{"href":"https:\/\/domfesasl.com\/en\/wp-json\/wp\/v2\/media?parent=1359"}],"curies":[{"name":"wp","href":"https:\/\/api.w.org\/{rel}","templated":true}]}}