{"id":1364,"date":"2022-09-21T14:04:11","date_gmt":"2022-09-21T12:04:11","guid":{"rendered":"https:\/\/domfesasl.com\/en\/?page_id=1364"},"modified":"2024-08-05T12:47:49","modified_gmt":"2024-08-05T10:47:49","slug":"reciclaje-y-gestion-de-residuos-english","status":"publish","type":"page","link":"https:\/\/domfesasl.com\/en\/reciclaje-y-gestion-de-residuos-english\/","title":{"rendered":"RECYCLING"},"content":{"rendered":"<p>[et_pb_section fb_built=&#8221;1&#8243; disabled_on=&#8221;off|off|off&#8221; _builder_version=&#8221;4.25.1&#8243; _module_preset=&#8221;default&#8221; background_image=&#8221;https:\/\/domfesasl.com\/en\/wp-content\/uploads\/sites\/2\/2024\/08\/maquinaria-de-reciclaje.jpg&#8221; height=&#8221;400px&#8221; custom_margin=&#8221;||-5px||false|false&#8221; custom_padding=&#8221;||||false|false&#8221; background_last_edited=&#8221;on|phone&#8221; background_image_phone=&#8221;https:\/\/domfesasl.com\/en\/wp-content\/uploads\/sites\/2\/2024\/08\/maquinaria-de-reciclaje.jpg&#8221; background_enable_image_phone=&#8221;on&#8221; locked=&#8221;off&#8221; global_colors_info=&#8221;{}&#8221;][\/et_pb_section][et_pb_section fb_built=&#8221;1&#8243; _builder_version=&#8221;4.23.1&#8243; background_color=&#8221;#1428f1&#8243; custom_margin=&#8221;3px|||||&#8221; custom_padding=&#8221;7px|||||&#8221; top_divider_color=&#8221;#b3b3b3&#8243; top_divider_height=&#8221;40px&#8221; bottom_divider_color=&#8221;#b3b3b3&#8243; bottom_divider_height=&#8221;40px&#8221; border_color_top=&#8221;#b3b3b3&#8243; global_colors_info=&#8221;{}&#8221;][et_pb_row _builder_version=&#8221;4.16&#8243; custom_margin=&#8221;-4px|auto||auto||&#8221; custom_padding=&#8221;0px||13px|||&#8221; global_colors_info=&#8221;{}&#8221;][et_pb_column type=&#8221;4_4&#8243; _builder_version=&#8221;4.16&#8243; global_colors_info=&#8221;{}&#8221;][et_pb_text _builder_version=&#8221;4.25.1&#8243; header_font=&#8221;Arial|600||on|||||&#8221; header_text_color=&#8221;#1429f2&#8243; header_font_size=&#8221;24px&#8221; header_line_height=&#8221;1.1em&#8221; header_2_font_size=&#8221;47px&#8221; background_color=&#8221;#FFFFFF&#8221; custom_margin=&#8221;34px||||false|false&#8221; custom_padding=&#8221;8px||0px||false|false&#8221; hover_enabled=&#8221;0&#8243; locked=&#8221;off&#8221; global_colors_info=&#8221;{}&#8221; sticky_enabled=&#8221;0&#8243;]<\/p>\n<h1 style=\"text-align: center;\"><strong>Recycling &#8211; Sustainable Machinery Solutions<\/strong><\/h1>\n<p>[\/et_pb_text][et_pb_text _builder_version=&#8221;4.25.1&#8243; _module_preset=&#8221;default&#8221; text_text_color=&#8221;#FFFFFF&#8221; text_font_size=&#8221;16px&#8221; hover_enabled=&#8221;0&#8243; global_colors_info=&#8221;{}&#8221; sticky_enabled=&#8221;0&#8243;]<\/p>\n<h2><span style=\"color: #ffffff;\"><strong>Domfesa&#8217;s Commitment to the Environment<\/strong><\/span><\/h2>\n<p>Today, awareness of the environmental problems facing our planet is more urgent than ever. These challenges not only affect people&#8217;s well-being, but also threaten global sustainability. At Domfesa, we have decided to take an active role in this cause, designing specialised machinery for the transport and treatment of raw materials and products, all under an Active Life Cycle (ALC) approach.<\/p>\n<h2><span style=\"color: #ffffff;\"><strong>High Efficiency Shredders<\/strong><\/span><\/h2>\n<p>Domfesa manufactures a wide range of shredders, designed to handle a variety of materials such as plastics, paper, metals, glass and organic matter. Our shredders are available in various sizes and offer output granulometries adapted to the specific needs of each customer. Thanks to their robustness, they are able to shred materials as diverse as paper, cardboard, glass, organic matter and even metals without difficulty. <span style=\"color: #ccffff;\"><strong><a href=\"https:\/\/domfesasl.com\/en\/crushing-and-shredding-bone-crusher\/\" style=\"color: #ccffff;\">+info: crushed and shredded<\/a><\/strong><\/span>.<\/p>\n<h2><span style=\"color: #ffffff;\"><strong>Conveyors and Reinforced Conveyor Belts<\/strong><\/span><\/h2>\n<p>Nuestra empresa tambi\u00e9n se especializa en la fabricaci\u00f3n de transportadores y cintas transportadoras reforzadas, dise\u00f1adas para manejar materiales de cualquier peso y dimensi\u00f3n. Estos equipos son esenciales para garantizar un transporte eficiente y seguro de los materiales en las distintas etapas de procesamiento. <span style=\"color: #ccffff;\"><strong><a href=\"https:\/\/domfesasl.com\/en\/redler-chain-conveyor\/\" style=\"color: #ccffff;\">+info: redler chain conveyor<\/a><\/strong><\/span>.<\/p>\n<h2><span style=\"color: #ffffff;\"><strong>Metal Collection Hoppers<\/strong><\/span><\/h2>\n<p>At Domfesa, we offer advanced solutions such as metal collection hoppers. These hoppers have the ability to effectively separate metal objects from the rest of the materials, ensuring clean and efficient processing. Using powerful magnets, we guarantee the accurate removal of ferrous metals, which improves the quality of the final product and protects machinery from damage. <span style=\"color: #ccffff;\"><strong><a href=\"https:\/\/domfesasl.com\/en\/ferrous-tasting-by-magnet\/\" style=\"color: #ccffff;\">+info: ferric magnet collection<\/a><\/strong><\/span><\/p>\n<h2><span style=\"color: #ffffff;\"><strong>Presses with Helical Screw Technology<\/strong><\/span><\/h2>\n<p>Our balers and drain presses are designed to process materials such as paper, cardboard, cans and glass, using a structure based on a helical screw mechanism. This technology allows for superior energy efficiency, while ensuring high performance in the pressing process. With these solutions, Domfesa is committed to offering machinery that is not only effective, but also sustainable. <span style=\"color: #ccffff;\"><strong><a href=\"https:\/\/domfesasl.com\/en\/drying-and-pressing-feather-press\/\" style=\"color: #ccffff;\">+info: feather press &#8211; hair press<\/a><\/strong><\/span>.<\/p>\n<h2><span style=\"color: #ffffff;\"><strong>Conclusion<\/strong><\/span><\/h2>\n<p>Domfesa is at the forefront of innovation in machinery for the treatment and transport of materials, with a strong focus on environmental sustainability. Through our solutions, we actively contribute to the preservation of the planet, providing companies with efficient and ecological tools to manage their resources. Join us on this path towards a greener and more sustainable future![\/et_pb_text][\/et_pb_column][\/et_pb_row][et_pb_row use_custom_gutter=&#8221;on&#8221; gutter_width=&#8221;2&#8243; _builder_version=&#8221;4.23.1&#8243; custom_margin=&#8221;-10px|auto|-30px|auto||&#8221; global_colors_info=&#8221;{}&#8221;][et_pb_column type=&#8221;4_4&#8243; _builder_version=&#8221;4.21.0&#8243; _module_preset=&#8221;default&#8221; global_colors_info=&#8221;{}&#8221;][et_pb_button button_url=&#8221;https:\/\/domfesasl.com\/en\/contact\/&#8221; button_text=&#8221;Do you want to discover all the secrets of our Recycling &#8211; Sustainable Machinery Solutions? Contact Domfesa and enter a world of innovation and technology without limits!&#8221; _builder_version=&#8221;4.25.1&#8243; _module_preset=&#8221;default&#8221; custom_button=&#8221;on&#8221; button_text_color=&#8221;#FFFFFF&#8221; hover_enabled=&#8221;0&#8243; global_colors_info=&#8221;{}&#8221; sticky_enabled=&#8221;0&#8243;][\/et_pb_button][\/et_pb_column][\/et_pb_row][\/et_pb_section]<\/p>\n","protected":false},"excerpt":{"rendered":"<p>Recycling &#8211; Sustainable Machinery SolutionsDomfesa&#8217;s Commitment to the Environment Today, awareness of the environmental problems facing our planet is more urgent than ever. These challenges not only affect people&#8217;s well-being, but also threaten global sustainability. At Domfesa, we have decided to take an active role in this cause, designing specialised machinery for the transport and [&hellip;]<\/p>\n","protected":false},"author":2,"featured_media":0,"parent":0,"menu_order":0,"comment_status":"closed","ping_status":"closed","template":"","meta":{"_et_pb_use_builder":"on","_et_pb_old_content":"[et_pb_section fb_built=\"1\" _builder_version=\"4.16\" _module_preset=\"default\" global_colors_info=\"{}\"][et_pb_row _builder_version=\"4.16\" _module_preset=\"default\" global_colors_info=\"{}\"][et_pb_column type=\"4_4\" _builder_version=\"4.16\" _module_preset=\"default\" global_colors_info=\"{}\"][et_pb_text _builder_version=\"4.18.0\" _module_preset=\"default\" global_colors_info=\"{}\"]<h1 style=\"text-align: center;\"><strong>RECICLAJE<\/strong><\/h1>\r\n<p>\u00a0<\/p>\r\n<p>Cada vez de una forma m\u00e1s solida, la poblaci\u00f3n se est\u00e1 concienciando de los problemas medioambientales que est\u00e1 afrontando nuestro planeta. Estos desaf\u00edos medioambientales afectan de una forma muy activa al bienestar de las personas y a la sostenibilidad del planeta. Desde Domfesa hemos querido implicarnos en la causa y dise\u00f1ar maquinaria adaptada al transportes y tratamiento o procesado de materia prima y material contemplado en los diferentes estudios de LCA.<\/p>\r\n<p>Domesa fabrica diferentes m\u00e1quinas que ayudan en el transporte y procesamiento de pl\u00e1sticos, papeles, metales, vidrios, materia org\u00e1nica etc.<\/p>\r\n<ul>\r\n<li>Disponemos de trituradores de una gran variedad de tama\u00f1os y granulometr\u00edas de salida. Estos trituradores son capaces de triturar sin problemas papeles\/cartones, vidrios, materia org\u00e1nica e incluso metales. <a href=\"https:\/\/domfesasl.com\/triturado-y-desmenuzado-triturador-de-huesos\/\"><strong>+info<\/strong><\/a><\/li>\r\n<li>Domfesa fabrica transportadores y cintas transportadoras reforzadas para transportar todo tipo de materiales y dimensiones de \u00e9stos. <a href=\"https:\/\/domfesasl.com\/transportador-de-cadena-redler\/\"><strong>+info<\/strong><\/a><\/li>\r\n<li>Domfesa dispone de tolvas de captaci\u00f3n de metales con la capacidad de separar objetos met\u00e1licos del resto de sustancias. <a href=\"https:\/\/domfesasl.com\/catacion-ferricos-por-iman\/\"><strong>+info<\/strong><\/a><\/li>\r\n<li>Disponemos de una empaquetadora y prensa de papeles y\/o latas impulsada por una helicoidal. <a href=\"https:\/\/domfesasl.com\/secado-y-prensado-prensa-de-plumas\/\"><strong>+info<\/strong><\/a><\/li>\r\n<\/ul>\r\n<p>Todas nuestras m\u00e1quinas est\u00e1n calculadas y adaptadas a nuestros clientes para maximizar la eficiencia energ\u00e9tica de las mismas.<\/p>[\/et_pb_text][\/et_pb_column][\/et_pb_row][\/et_pb_section]","_et_gb_content_width":"","footnotes":""},"class_list":["post-1364","page","type-page","status-publish","hentry"],"yoast_head":"<!-- This site is optimized with the Yoast SEO Premium plugin v20.10 (Yoast SEO v25.4) - https:\/\/yoast.com\/wordpress\/plugins\/seo\/ -->\n<title>RECYCLING - Industrial Machinery and Boilermaking<\/title>\n<meta name=\"robots\" content=\"index, follow, max-snippet:-1, max-image-preview:large, max-video-preview:-1\" \/>\n<link rel=\"canonical\" href=\"https:\/\/domfesasl.com\/en\/reciclaje-y-gestion-de-residuos-english\/\" \/>\n<meta property=\"og:locale\" content=\"en_GB\" \/>\n<meta property=\"og:type\" content=\"article\" \/>\n<meta property=\"og:title\" content=\"RECYCLING\" \/>\n<meta property=\"og:description\" content=\"Recycling - Sustainable Machinery SolutionsDomfesa&#039;s Commitment to the Environment Today, awareness of the environmental problems facing our planet is more urgent than ever. These challenges not only affect people&#039;s well-being, but also threaten global sustainability. At Domfesa, we have decided to take an active role in this cause, designing specialised machinery for the transport and [&hellip;]\" \/>\n<meta property=\"og:url\" content=\"https:\/\/domfesasl.com\/en\/reciclaje-y-gestion-de-residuos-english\/\" \/>\n<meta property=\"og:site_name\" content=\"Industrial Machinery and Boilermaking\" \/>\n<meta property=\"article:modified_time\" content=\"2024-08-05T10:47:49+00:00\" \/>\n<meta name=\"twitter:card\" content=\"summary_large_image\" \/>\n<meta name=\"twitter:label1\" content=\"Estimated reading time\" \/>\n\t<meta name=\"twitter:data1\" content=\"1 minute\" \/>\n<script type=\"application\/ld+json\" class=\"yoast-schema-graph\">{\"@context\":\"https:\/\/schema.org\",\"@graph\":[{\"@type\":\"WebPage\",\"@id\":\"https:\/\/domfesasl.com\/en\/reciclaje-y-gestion-de-residuos-english\/\",\"url\":\"https:\/\/domfesasl.com\/en\/reciclaje-y-gestion-de-residuos-english\/\",\"name\":\"RECYCLING - Industrial Machinery and Boilermaking\",\"isPartOf\":{\"@id\":\"https:\/\/domfesasl.com\/en\/#website\"},\"datePublished\":\"2022-09-21T12:04:11+00:00\",\"dateModified\":\"2024-08-05T10:47:49+00:00\",\"breadcrumb\":{\"@id\":\"https:\/\/domfesasl.com\/en\/reciclaje-y-gestion-de-residuos-english\/#breadcrumb\"},\"inLanguage\":\"en-GB\",\"potentialAction\":[{\"@type\":\"ReadAction\",\"target\":[\"https:\/\/domfesasl.com\/en\/reciclaje-y-gestion-de-residuos-english\/\"]}]},{\"@type\":\"BreadcrumbList\",\"@id\":\"https:\/\/domfesasl.com\/en\/reciclaje-y-gestion-de-residuos-english\/#breadcrumb\",\"itemListElement\":[{\"@type\":\"ListItem\",\"position\":1,\"name\":\"Portada\",\"item\":\"https:\/\/domfesasl.com\/en\/\"},{\"@type\":\"ListItem\",\"position\":2,\"name\":\"RECYCLING\"}]},{\"@type\":\"WebSite\",\"@id\":\"https:\/\/domfesasl.com\/en\/#website\",\"url\":\"https:\/\/domfesasl.com\/en\/\",\"name\":\"Industrial Machinery and Boilermaking\",\"description\":\"Domfesa is a company that designs and manufactures INDUSTRIAL MACHINERY and BOILERING\",\"potentialAction\":[{\"@type\":\"SearchAction\",\"target\":{\"@type\":\"EntryPoint\",\"urlTemplate\":\"https:\/\/domfesasl.com\/en\/?s={search_term_string}\"},\"query-input\":{\"@type\":\"PropertyValueSpecification\",\"valueRequired\":true,\"valueName\":\"search_term_string\"}}],\"inLanguage\":\"en-GB\"}]}<\/script>\n<!-- \/ Yoast SEO Premium plugin. -->","yoast_head_json":{"title":"RECYCLING - Industrial Machinery and Boilermaking","robots":{"index":"index","follow":"follow","max-snippet":"max-snippet:-1","max-image-preview":"max-image-preview:large","max-video-preview":"max-video-preview:-1"},"canonical":"https:\/\/domfesasl.com\/en\/reciclaje-y-gestion-de-residuos-english\/","og_locale":"en_GB","og_type":"article","og_title":"RECYCLING","og_description":"Recycling - Sustainable Machinery SolutionsDomfesa's Commitment to the Environment Today, awareness of the environmental problems facing our planet is more urgent than ever. These challenges not only affect people's well-being, but also threaten global sustainability. At Domfesa, we have decided to take an active role in this cause, designing specialised machinery for the transport and [&hellip;]","og_url":"https:\/\/domfesasl.com\/en\/reciclaje-y-gestion-de-residuos-english\/","og_site_name":"Industrial Machinery and Boilermaking","article_modified_time":"2024-08-05T10:47:49+00:00","twitter_card":"summary_large_image","twitter_misc":{"Estimated reading time":"1 minute"},"schema":{"@context":"https:\/\/schema.org","@graph":[{"@type":"WebPage","@id":"https:\/\/domfesasl.com\/en\/reciclaje-y-gestion-de-residuos-english\/","url":"https:\/\/domfesasl.com\/en\/reciclaje-y-gestion-de-residuos-english\/","name":"RECYCLING - Industrial Machinery and Boilermaking","isPartOf":{"@id":"https:\/\/domfesasl.com\/en\/#website"},"datePublished":"2022-09-21T12:04:11+00:00","dateModified":"2024-08-05T10:47:49+00:00","breadcrumb":{"@id":"https:\/\/domfesasl.com\/en\/reciclaje-y-gestion-de-residuos-english\/#breadcrumb"},"inLanguage":"en-GB","potentialAction":[{"@type":"ReadAction","target":["https:\/\/domfesasl.com\/en\/reciclaje-y-gestion-de-residuos-english\/"]}]},{"@type":"BreadcrumbList","@id":"https:\/\/domfesasl.com\/en\/reciclaje-y-gestion-de-residuos-english\/#breadcrumb","itemListElement":[{"@type":"ListItem","position":1,"name":"Portada","item":"https:\/\/domfesasl.com\/en\/"},{"@type":"ListItem","position":2,"name":"RECYCLING"}]},{"@type":"WebSite","@id":"https:\/\/domfesasl.com\/en\/#website","url":"https:\/\/domfesasl.com\/en\/","name":"Industrial Machinery and Boilermaking","description":"Domfesa is a company that designs and manufactures INDUSTRIAL MACHINERY and BOILERING","potentialAction":[{"@type":"SearchAction","target":{"@type":"EntryPoint","urlTemplate":"https:\/\/domfesasl.com\/en\/?s={search_term_string}"},"query-input":{"@type":"PropertyValueSpecification","valueRequired":true,"valueName":"search_term_string"}}],"inLanguage":"en-GB"}]}},"_links":{"self":[{"href":"https:\/\/domfesasl.com\/en\/wp-json\/wp\/v2\/pages\/1364","targetHints":{"allow":["GET"]}}],"collection":[{"href":"https:\/\/domfesasl.com\/en\/wp-json\/wp\/v2\/pages"}],"about":[{"href":"https:\/\/domfesasl.com\/en\/wp-json\/wp\/v2\/types\/page"}],"author":[{"embeddable":true,"href":"https:\/\/domfesasl.com\/en\/wp-json\/wp\/v2\/users\/2"}],"replies":[{"embeddable":true,"href":"https:\/\/domfesasl.com\/en\/wp-json\/wp\/v2\/comments?post=1364"}],"version-history":[{"count":7,"href":"https:\/\/domfesasl.com\/en\/wp-json\/wp\/v2\/pages\/1364\/revisions"}],"predecessor-version":[{"id":1714,"href":"https:\/\/domfesasl.com\/en\/wp-json\/wp\/v2\/pages\/1364\/revisions\/1714"}],"wp:attachment":[{"href":"https:\/\/domfesasl.com\/en\/wp-json\/wp\/v2\/media?parent=1364"}],"curies":[{"name":"wp","href":"https:\/\/api.w.org\/{rel}","templated":true}]}}