{"id":1369,"date":"2022-09-22T11:17:00","date_gmt":"2022-09-22T09:17:00","guid":{"rendered":"https:\/\/domfesasl.com\/en\/?page_id=1369"},"modified":"2024-08-26T12:34:38","modified_gmt":"2024-08-26T10:34:38","slug":"management-of-water","status":"publish","type":"page","link":"https:\/\/domfesasl.com\/en\/management-of-water\/","title":{"rendered":"MANAGEMENT OF WATER"},"content":{"rendered":"<p>[et_pb_section fb_built=&#8221;1&#8243; disabled_on=&#8221;off|off|off&#8221; _builder_version=&#8221;4.27.0&#8243; _module_preset=&#8221;default&#8221; background_image=&#8221;https:\/\/domfesasl.com\/en\/wp-content\/uploads\/sites\/2\/2024\/08\/tratamientos-aguas_205100006_XL.jpg&#8221; height=&#8221;400px&#8221; custom_margin=&#8221;||-5px||false|false&#8221; custom_padding=&#8221;||||false|false&#8221; background_last_edited=&#8221;on|desktop&#8221; background_image_phone=&#8221;https:\/\/domfesasl.com\/en\/wp-content\/uploads\/sites\/2\/2024\/08\/maquinaria-de-reciclaje-1.jpg&#8221; background_enable_image_phone=&#8221;on&#8221; locked=&#8221;off&#8221; global_colors_info=&#8221;{}&#8221; theme_builder_area=&#8221;post_content&#8221;][\/et_pb_section][et_pb_section fb_built=&#8221;1&#8243; _builder_version=&#8221;4.23.1&#8243; background_color=&#8221;#1428f1&#8243; custom_margin=&#8221;3px|||||&#8221; custom_padding=&#8221;7px|||||&#8221; top_divider_color=&#8221;#b3b3b3&#8243; top_divider_height=&#8221;40px&#8221; bottom_divider_color=&#8221;#b3b3b3&#8243; bottom_divider_height=&#8221;40px&#8221; border_color_top=&#8221;#b3b3b3&#8243; global_colors_info=&#8221;{}&#8221; theme_builder_area=&#8221;post_content&#8221;][et_pb_row _builder_version=&#8221;4.16&#8243; custom_margin=&#8221;-4px|auto||auto||&#8221; custom_padding=&#8221;0px||13px|||&#8221; global_colors_info=&#8221;{}&#8221; theme_builder_area=&#8221;post_content&#8221;][et_pb_column type=&#8221;4_4&#8243; _builder_version=&#8221;4.16&#8243; global_colors_info=&#8221;{}&#8221; theme_builder_area=&#8221;post_content&#8221;][et_pb_text _builder_version=&#8221;4.27.0&#8243; header_font=&#8221;Arial|600||on|||||&#8221; header_text_color=&#8221;#1429f2&#8243; header_font_size=&#8221;24px&#8221; header_line_height=&#8221;1.1em&#8221; header_2_font_size=&#8221;47px&#8221; background_color=&#8221;#FFFFFF&#8221; custom_margin=&#8221;34px||||false|false&#8221; custom_padding=&#8221;8px||0px||false|false&#8221; hover_enabled=&#8221;0&#8243; locked=&#8221;off&#8221; global_colors_info=&#8221;{}&#8221; theme_builder_area=&#8221;post_content&#8221; sticky_enabled=&#8221;0&#8243;]<\/p>\n<h1 style=\"text-align: center;\">Wastewater treatment:<br \/>what it is, process and machinery<\/h1>\n<p>[\/et_pb_text][et_pb_text _builder_version=&#8221;4.27.0&#8243; _module_preset=&#8221;default&#8221; text_text_color=&#8221;#FFFFFF&#8221; text_font_size=&#8221;16px&#8221; hover_enabled=&#8221;0&#8243; global_colors_info=&#8221;{}&#8221; theme_builder_area=&#8221;post_content&#8221; sticky_enabled=&#8221;0&#8243;]<\/p>\n<p>Sewage is a necessary evil, the result of using this precious resource. But the truth is that in order to keep the water as clean as possible, wastewater must not end up in the seas and lakes. So it is important to know about wastewater treatment and what processes are involved.<\/p>\n<h2><span style=\"color: #ffffff;\">What is waste water?<\/span><\/h2>\n<p><strong>Wastewater<\/strong> is water that has already undergone a process of use and therefore has lost its characteristics to be used again. It is water that has lost its value for the immediate purpose for which it was intended. Moreover, their quality has been affected and they are not suitable for human consumption or irrigation.<\/p>\n<p>These waters come from domestic and industrial use, although they can also be derived from urban use. In terms of characteristics, they are generally of a different colour to ordinary water, may have a foul odour and are sometimes accompanied by solid waste. This is why they can be harmful and polluting waters.<\/p>\n<p>According to the WHO, up to 80% of sewage is released into seas and lakes untreated. So it is important to know how the water can regain its warmth and not pollute the environment.<\/p>\n<h2><span style=\"color: #ffffff;\">What is wastewater treatment?<\/span><\/h2>\n<p><strong>Wastewater treatment<\/strong> is the chemical, physical and biological processes used to remove pollution and impurities produced as a result of use. The treatment of this type of water seeks to purify it for one of two purposes, reuse or return it to the sea in suitable conditions.<\/p>\n<p>There are different methods of <strong>wastewater treatment<\/strong>. However, three of them stand out. <strong>The primary decanter<\/strong>, which uses gravity to promote sedimentation, and the dissolved air flotation, which seeks to separate particles by means of bubbles. Finally, there are the <strong>chemical processes<\/strong>, which involve the use of chemical substances.<\/p>\n<p>It is also possible to apply mechanical sedimentation procedures, which may include the use of screens or filters to remove waste. Wastewater treatment plants are used to carry out such treatments..<\/p>\n<h2><span style=\"color: #ffffff;\">How wastewater treatment is carried out: process steps<\/span><\/h2>\n<p>In order to achieve a <strong>complete treatment of polluted waters<\/strong>, several steps must be followed. In addition, these ensure the further removal of pollutants in order to reduce the level of pollution in the waters of lakes and seas.<\/p>\n<h3><span style=\"color: #ffffff;\">Mechanical treatment<\/span><\/h3>\n<p>The first step or stage through which wastewater must pass is <strong>mechanical treatment<\/strong>. In this stage, up to 30% of the solid waste in the water can be removed. First, the water passes through a series of screens or sieves that collect the larger waste.<\/p>\n<p>After this they go to a sand collection process, for which a sedimentation process is used at a high flow velocity. After which the water passes to the primary treatment tank, where with a much lower velocity the remaining particles are pushed to the bottom or to the surface.<\/p>\n<h3><span style=\"color: #ffffff;\">Biological purification<\/span><\/h3>\n<p>After mechanical treatment, <strong>biological purification<\/strong> must be carried out, which includes passing the water through aeration tanks. These are basically circulation tanks in which oxygen is added to the water. Under these conditions micro-organisms feed on the pollutants, which produces sludge sediments that float on top of the water.<\/p>\n<p>After this process the water passes to secondary tanks, where the water velocity is again reduced. In these tanks, sedimentation takes place, which carries the waste to the bottom of the tank. At this point the water is already 90% purified.<\/p>\n<h3><span style=\"color: #ffffff;\">Chemical treatments<\/span><\/h3>\n<p>A series of chemicals are then added to the water in order to improve its condition and reach the established drinking standards. Chemicals are applied to achieve disinfection, neutralisation, phosphate precipitation, as well as nitrogen removal. These chemicals are not harmful to health and make the water drinkable.<\/p>\n<h3><span style=\"color: #ffffff;\">Nanofiltration processes<\/span><\/h3>\n<p>To remove any impurities, a very fine membrane is used to prevent the smallest particles from passing through. It can even filter out metal ions and even molecules. This ensures that the water is completely clean and can be used for human consumption.<\/p>\n<p>With these steps, a complete wastewater treatment can be achieved.<\/p>\n<h2><span style=\"color: #ffffff;\">Types of wastewater treatment<\/span><\/h2>\n<p>Different types of processes are applied in <strong>wastewater treatment,<\/strong> which are described below.<\/p>\n<h3><span style=\"color: #ffffff;\">Primary treatment<\/span><\/h3>\n<p>This type of treatment is known as a pretreatment that aims to remove solid waste from the water. This reduces the pollutant load of the water and allows you to meet the final effluent requirements. This can include various processes, such as <strong>filtration<\/strong> or <strong>flocculation<\/strong>.<\/p>\n<h3><span style=\"color: #ffffff;\">Secondary treatment<\/span><\/h3>\n<p>This is a <strong>biological water treatment<\/strong> that uses bacteria and micro-organisms to break down pollutants in the water. This allows the pollution to solidify and be more easily removed.<\/p>\n<h3><span style=\"color: #ffffff;\">Tertiary treatment<\/span><\/h3>\n<p>It seeks to clean the water of specific pollutants, such as phosphorus, minerals, viruses, heavy metals, nitrogen and micro-organisms. To achieve this, it <strong>combines chemical and mechanical processes<\/strong>.<\/p>\n<h2><span style=\"color: #ffffff;\">Specialised machinery for wastewater treatment<\/span><\/h2>\n<p>In order to achieve <strong>complete wastewater treatment<\/strong>, specialised machinery must be used. This may include special tanks as well as a series of filters. But not all are chemical, it is important to use sluices and valves to transport the water from one tank to another. Also, you must also have mechanisms that allow you to test the water.<\/p>\n<p>Domfesa manufactures different machines that help in the transport, channelling and filtering of water:<\/p>\n<p>We have a liquid elevator capable of lifting water with solids and sludge in it. Our lifting system offers our customers safety and efficiency, as they do not have to worry about the common problems of blockages and cavitations. <span style=\"color: #ccffff;\"><strong><a href=\"https:\/\/domfesasl.com\/en\/liquid-and-solid-pump\/\" style=\"color: #ccffff;\">+ info: liquid and solid pumps<\/a><\/strong><\/span>.<\/p>\n<p>We can supply flushers and valves from 10 mm in diameter up to 3000 mm, completely watertight. If required, they are able to regulate the flow rate during the treatment process. <strong><span style=\"color: #ccffff;\"><a href=\"https:\/\/domfesasl.com\/tajaderas-raseras-de-domfesa\/\" style=\"color: #ccffff;\">+ info: cutters &#8211; shavers<\/a><\/span><\/strong>.<\/p>\n<p>We have <strong>separators for liquids and solids<\/strong> both by means of conveyors and screw conveyors, with the option of customising the final production granulometry. <span style=\"color: #ccffff;\"><strong><a href=\"https:\/\/domfesasl.com\/en\/helical-threads\/\" style=\"color: #ccffff;\">+ info link 1 : screw conveyors<\/a><\/strong><\/span><\/p>\n<p><span style=\"color: #ccffff;\"><strong><a href=\"https:\/\/domfesasl.com\/en\/redler-chain-conveyor\/\" style=\"color: #ccffff;\">+info link 2: redler chain conveyor<\/a><\/strong><\/span>.<\/p>\n<p>All our machines are calculated and adapted to our customers in order to maximise their energy efficiency.<br \/>All this equipment and machinery can be found at <a href=\"https:\/\/domfesasl.com\/en\"><strong><span style=\"color: #ccffff;\">Domfesa<\/span><\/strong><\/a>, a company specialising in mechanisms for <strong>water treatment plants<\/strong>.<\/p>\n<p>[\/et_pb_text][\/et_pb_column][\/et_pb_row][et_pb_row use_custom_gutter=&#8221;on&#8221; gutter_width=&#8221;2&#8243; _builder_version=&#8221;4.23.1&#8243; custom_margin=&#8221;-10px|auto|-30px|auto||&#8221; global_colors_info=&#8221;{}&#8221; theme_builder_area=&#8221;post_content&#8221;][et_pb_column type=&#8221;4_4&#8243; _builder_version=&#8221;4.21.0&#8243; _module_preset=&#8221;default&#8221; global_colors_info=&#8221;{}&#8221; theme_builder_area=&#8221;post_content&#8221;][et_pb_button button_url=&#8221;https:\/\/domfesasl.com\/en\/contact\/&#8221; button_text=&#8221;Do you want to discover all the secrets of our wastewater treatment: what it is, process and machinery? Contact Domfesa and enter a world of innovation and technology without limits!&#8221; _builder_version=&#8221;4.27.0&#8243; _module_preset=&#8221;default&#8221; custom_button=&#8221;on&#8221; button_text_color=&#8221;#FFFFFF&#8221; hover_enabled=&#8221;0&#8243; global_colors_info=&#8221;{}&#8221; theme_builder_area=&#8221;post_content&#8221; sticky_enabled=&#8221;0&#8243;][\/et_pb_button][\/et_pb_column][\/et_pb_row][\/et_pb_section]<\/p>\n","protected":false},"excerpt":{"rendered":"<p>Wastewater treatment:what it is, process and machinerySewage is a necessary evil, the result of using this precious resource. But the truth is that in order to keep the water as clean as possible, wastewater must not end up in the seas and lakes. So it is important to know about wastewater treatment and what processes [&hellip;]<\/p>\n","protected":false},"author":2,"featured_media":0,"parent":0,"menu_order":0,"comment_status":"closed","ping_status":"closed","template":"","meta":{"_et_pb_use_builder":"on","_et_pb_old_content":"[et_pb_section fb_built=\"1\" _builder_version=\"4.16\" _module_preset=\"default\" global_colors_info=\"{}\"][et_pb_row _builder_version=\"4.16\" _module_preset=\"default\" global_colors_info=\"{}\"][et_pb_column type=\"4_4\" _builder_version=\"4.16\" _module_preset=\"default\" global_colors_info=\"{}\"][et_pb_text _builder_version=\"4.18.0\" _module_preset=\"default\" global_colors_info=\"{}\"]<h1 style=\"text-align: center;\"><strong>GESTION DE AGUAS<\/strong><\/h1>\r\n<p>\u00a0<\/p>\r\n<p>Cada vez de una forma m\u00e1s solida, la poblaci\u00f3n se est\u00e1 concienciando de los problemas medioambientales que est\u00e1 afrontando nuestro planeta. Estos desaf\u00edos medioambientales afectan de una forma muy activa a la calidad del agua, al bienestar de las personas y a la sostenibilidad del planeta. Desde Domfesa hemos querido implicarnos en la causa y dise\u00f1ar maquinaria adaptada a la gesti\u00f3n y filtraje de aguas, con car\u00e1cter sostenible.<\/p>\r\n<p>Domfesa fabrica diferentes m\u00e1quinas que ayudan en el transporte, canalizaci\u00f3n y filtraje de agua:<\/p>\r\n<ul>\r\n<li>Disponemos de un elevador de l\u00edquidos capaz de subir agua con elementos s\u00f3lidos y fangos en ella. Nuestro sistema de elevaci\u00f3n ofrece a nuestros clientes seguridad y eficiencia, ya que no se tienen que preocupar por los comunes problemas de emboces ni cavitaciones. <a href=\"https:\/\/domfesasl.com\/bomba-de-liquidos-y-solidos\/\"><strong>+ info<\/strong><\/a><\/li>\r\n<li>Disponemos de raseras y v\u00e1lvulas desde 10 mm de di\u00e1metro hasta 3000 mm, totalmente estancos. En caso de necesidad, estas son capaces de regular el caudal durante el proceso de tratamiento. <a href=\"https:\/\/domfesasl.com\/tajaderas-raseras\/\"><strong>+ info<\/strong><\/a><\/li>\r\n<li>Disponemos de separadores de l\u00edquidos y s\u00f3lidos tanto por medio de transportadores como con roscas, con opci\u00f3n de personalizar \u00a0la granulometr\u00eda de producci\u00f3n final. <a href=\"https:\/\/domfesasl.com\/roscas-helicoidales-sinfines\/\"><strong>+ info enlace 1\u00a0<\/strong><\/a>\u00a0 \u00a0<a href=\"https:\/\/domfesasl.com\/transportador-de-cadena-redler\/\"><strong>+info enlace 2<\/strong><\/a><\/li>\r\n<\/ul>\r\n<p>Todas nuestras m\u00e1quinas est\u00e1n calculadas y adaptadas a nuestros clientes para maximizar la eficiencia energ\u00e9tica de las mismas.<\/p>[\/et_pb_text][\/et_pb_column][\/et_pb_row][\/et_pb_section]","_et_gb_content_width":"","footnotes":""},"class_list":["post-1369","page","type-page","status-publish","hentry"],"yoast_head":"<!-- This site is optimized with the Yoast SEO Premium plugin v20.10 (Yoast SEO v25.4) - https:\/\/yoast.com\/wordpress\/plugins\/seo\/ -->\n<title>MANAGEMENT OF WATER - Industrial Machinery and Boilermaking<\/title>\n<meta name=\"robots\" content=\"index, follow, max-snippet:-1, max-image-preview:large, max-video-preview:-1\" \/>\n<link rel=\"canonical\" href=\"https:\/\/domfesasl.com\/en\/management-of-water\/\" \/>\n<meta property=\"og:locale\" content=\"en_GB\" \/>\n<meta property=\"og:type\" content=\"article\" \/>\n<meta property=\"og:title\" content=\"MANAGEMENT OF WATER\" \/>\n<meta property=\"og:description\" content=\"Wastewater treatment:what it is, process and machinerySewage is a necessary evil, the result of using this precious resource. But the truth is that in order to keep the water as clean as possible, wastewater must not end up in the seas and lakes. So it is important to know about wastewater treatment and what processes [&hellip;]\" \/>\n<meta property=\"og:url\" content=\"https:\/\/domfesasl.com\/en\/management-of-water\/\" \/>\n<meta property=\"og:site_name\" content=\"Industrial Machinery and Boilermaking\" \/>\n<meta property=\"article:modified_time\" content=\"2024-08-26T10:34:38+00:00\" \/>\n<meta name=\"twitter:card\" content=\"summary_large_image\" \/>\n<meta name=\"twitter:label1\" content=\"Estimated reading time\" \/>\n\t<meta name=\"twitter:data1\" content=\"1 minute\" \/>\n<script type=\"application\/ld+json\" class=\"yoast-schema-graph\">{\"@context\":\"https:\/\/schema.org\",\"@graph\":[{\"@type\":\"WebPage\",\"@id\":\"https:\/\/domfesasl.com\/en\/management-of-water\/\",\"url\":\"https:\/\/domfesasl.com\/en\/management-of-water\/\",\"name\":\"MANAGEMENT OF WATER - Industrial Machinery and Boilermaking\",\"isPartOf\":{\"@id\":\"https:\/\/domfesasl.com\/en\/#website\"},\"datePublished\":\"2022-09-22T09:17:00+00:00\",\"dateModified\":\"2024-08-26T10:34:38+00:00\",\"breadcrumb\":{\"@id\":\"https:\/\/domfesasl.com\/en\/management-of-water\/#breadcrumb\"},\"inLanguage\":\"en-GB\",\"potentialAction\":[{\"@type\":\"ReadAction\",\"target\":[\"https:\/\/domfesasl.com\/en\/management-of-water\/\"]}]},{\"@type\":\"BreadcrumbList\",\"@id\":\"https:\/\/domfesasl.com\/en\/management-of-water\/#breadcrumb\",\"itemListElement\":[{\"@type\":\"ListItem\",\"position\":1,\"name\":\"Portada\",\"item\":\"https:\/\/domfesasl.com\/en\/\"},{\"@type\":\"ListItem\",\"position\":2,\"name\":\"MANAGEMENT OF WATER\"}]},{\"@type\":\"WebSite\",\"@id\":\"https:\/\/domfesasl.com\/en\/#website\",\"url\":\"https:\/\/domfesasl.com\/en\/\",\"name\":\"Industrial Machinery and Boilermaking\",\"description\":\"Domfesa is a company that designs and manufactures INDUSTRIAL MACHINERY and BOILERING\",\"potentialAction\":[{\"@type\":\"SearchAction\",\"target\":{\"@type\":\"EntryPoint\",\"urlTemplate\":\"https:\/\/domfesasl.com\/en\/?s={search_term_string}\"},\"query-input\":{\"@type\":\"PropertyValueSpecification\",\"valueRequired\":true,\"valueName\":\"search_term_string\"}}],\"inLanguage\":\"en-GB\"}]}<\/script>\n<!-- \/ Yoast SEO Premium plugin. -->","yoast_head_json":{"title":"MANAGEMENT OF WATER - Industrial Machinery and Boilermaking","robots":{"index":"index","follow":"follow","max-snippet":"max-snippet:-1","max-image-preview":"max-image-preview:large","max-video-preview":"max-video-preview:-1"},"canonical":"https:\/\/domfesasl.com\/en\/management-of-water\/","og_locale":"en_GB","og_type":"article","og_title":"MANAGEMENT OF WATER","og_description":"Wastewater treatment:what it is, process and machinerySewage is a necessary evil, the result of using this precious resource. But the truth is that in order to keep the water as clean as possible, wastewater must not end up in the seas and lakes. So it is important to know about wastewater treatment and what processes [&hellip;]","og_url":"https:\/\/domfesasl.com\/en\/management-of-water\/","og_site_name":"Industrial Machinery and Boilermaking","article_modified_time":"2024-08-26T10:34:38+00:00","twitter_card":"summary_large_image","twitter_misc":{"Estimated reading time":"1 minute"},"schema":{"@context":"https:\/\/schema.org","@graph":[{"@type":"WebPage","@id":"https:\/\/domfesasl.com\/en\/management-of-water\/","url":"https:\/\/domfesasl.com\/en\/management-of-water\/","name":"MANAGEMENT OF WATER - Industrial Machinery and Boilermaking","isPartOf":{"@id":"https:\/\/domfesasl.com\/en\/#website"},"datePublished":"2022-09-22T09:17:00+00:00","dateModified":"2024-08-26T10:34:38+00:00","breadcrumb":{"@id":"https:\/\/domfesasl.com\/en\/management-of-water\/#breadcrumb"},"inLanguage":"en-GB","potentialAction":[{"@type":"ReadAction","target":["https:\/\/domfesasl.com\/en\/management-of-water\/"]}]},{"@type":"BreadcrumbList","@id":"https:\/\/domfesasl.com\/en\/management-of-water\/#breadcrumb","itemListElement":[{"@type":"ListItem","position":1,"name":"Portada","item":"https:\/\/domfesasl.com\/en\/"},{"@type":"ListItem","position":2,"name":"MANAGEMENT OF WATER"}]},{"@type":"WebSite","@id":"https:\/\/domfesasl.com\/en\/#website","url":"https:\/\/domfesasl.com\/en\/","name":"Industrial Machinery and Boilermaking","description":"Domfesa is a company that designs and manufactures INDUSTRIAL MACHINERY and BOILERING","potentialAction":[{"@type":"SearchAction","target":{"@type":"EntryPoint","urlTemplate":"https:\/\/domfesasl.com\/en\/?s={search_term_string}"},"query-input":{"@type":"PropertyValueSpecification","valueRequired":true,"valueName":"search_term_string"}}],"inLanguage":"en-GB"}]}},"_links":{"self":[{"href":"https:\/\/domfesasl.com\/en\/wp-json\/wp\/v2\/pages\/1369","targetHints":{"allow":["GET"]}}],"collection":[{"href":"https:\/\/domfesasl.com\/en\/wp-json\/wp\/v2\/pages"}],"about":[{"href":"https:\/\/domfesasl.com\/en\/wp-json\/wp\/v2\/types\/page"}],"author":[{"embeddable":true,"href":"https:\/\/domfesasl.com\/en\/wp-json\/wp\/v2\/users\/2"}],"replies":[{"embeddable":true,"href":"https:\/\/domfesasl.com\/en\/wp-json\/wp\/v2\/comments?post=1369"}],"version-history":[{"count":6,"href":"https:\/\/domfesasl.com\/en\/wp-json\/wp\/v2\/pages\/1369\/revisions"}],"predecessor-version":[{"id":1726,"href":"https:\/\/domfesasl.com\/en\/wp-json\/wp\/v2\/pages\/1369\/revisions\/1726"}],"wp:attachment":[{"href":"https:\/\/domfesasl.com\/en\/wp-json\/wp\/v2\/media?parent=1369"}],"curies":[{"name":"wp","href":"https:\/\/api.w.org\/{rel}","templated":true}]}}