{"id":1373,"date":"2022-09-22T11:32:19","date_gmt":"2022-09-22T09:32:19","guid":{"rendered":"https:\/\/domfesasl.com\/en\/?page_id=1373"},"modified":"2024-07-16T13:02:52","modified_gmt":"2024-07-16T11:02:52","slug":"subproduct","status":"publish","type":"page","link":"https:\/\/domfesasl.com\/en\/subproduct\/","title":{"rendered":"SUBPRODUCT"},"content":{"rendered":"<p>[et_pb_section fb_built=&#8221;1&#8243; disabled_on=&#8221;off|off|off&#8221; _builder_version=&#8221;4.25.1&#8243; _module_preset=&#8221;default&#8221; background_image=&#8221;https:\/\/domfesasl.com\/en\/wp-content\/uploads\/sites\/2\/2024\/07\/subproducto-rendering-foto-2000x650px.jpg&#8221; height=&#8221;400px&#8221; custom_margin=&#8221;||-5px||false|false&#8221; custom_padding=&#8221;||||false|false&#8221; background_last_edited=&#8221;on|phone&#8221; background_image_phone=&#8221;https:\/\/domfesasl.com\/en\/wp-content\/uploads\/sites\/2\/2024\/06\/01-separador-de-particulas.jpg&#8221; background_enable_image_phone=&#8221;on&#8221; locked=&#8221;off&#8221; global_colors_info=&#8221;{}&#8221; theme_builder_area=&#8221;post_content&#8221;][\/et_pb_section][et_pb_section fb_built=&#8221;1&#8243; _builder_version=&#8221;4.23.1&#8243; background_color=&#8221;#1428f1&#8243; custom_margin=&#8221;3px|||||&#8221; custom_padding=&#8221;7px|||||&#8221; top_divider_color=&#8221;#b3b3b3&#8243; top_divider_height=&#8221;40px&#8221; bottom_divider_color=&#8221;#b3b3b3&#8243; bottom_divider_height=&#8221;40px&#8221; border_color_top=&#8221;#b3b3b3&#8243; global_colors_info=&#8221;{}&#8221; theme_builder_area=&#8221;post_content&#8221;][et_pb_row _builder_version=&#8221;4.16&#8243; custom_margin=&#8221;-4px|auto||auto||&#8221; custom_padding=&#8221;0px||13px|||&#8221; global_colors_info=&#8221;{}&#8221; theme_builder_area=&#8221;post_content&#8221;][et_pb_column type=&#8221;4_4&#8243; _builder_version=&#8221;4.16&#8243; global_colors_info=&#8221;{}&#8221; theme_builder_area=&#8221;post_content&#8221;][et_pb_text _builder_version=&#8221;4.25.1&#8243; header_font=&#8221;Arial|600||on|||||&#8221; header_text_color=&#8221;#1429f2&#8243; header_font_size=&#8221;24px&#8221; header_line_height=&#8221;1.1em&#8221; header_2_font_size=&#8221;47px&#8221; background_color=&#8221;#FFFFFF&#8221; custom_margin=&#8221;34px||||false|false&#8221; custom_padding=&#8221;8px||0px||false|false&#8221; hover_enabled=&#8221;0&#8243; locked=&#8221;off&#8221; global_colors_info=&#8221;{}&#8221; theme_builder_area=&#8221;post_content&#8221; sticky_enabled=&#8221;0&#8243;]<\/p>\n<h1 style=\"text-align: center;\"><strong>SUBPRODUCTS \u2013 RENDERING<\/strong><\/h1>\n<p>[\/et_pb_text][et_pb_text _builder_version=&#8221;4.25.1&#8243; _module_preset=&#8221;default&#8221; text_text_color=&#8221;#FFFFFF&#8221; text_font_size=&#8221;16px&#8221; hover_enabled=&#8221;0&#8243; global_colors_info=&#8221;{}&#8221; theme_builder_area=&#8221;post_content&#8221; sticky_enabled=&#8221;0&#8243;]<\/p>\n<p>Our extensive experience in the processing, handling and transportation of by-products (RENDERING) has made us see that many times by-product materials, meat or fish waste, raw materials of organic origin, waste that is dangerous to health, are difficult materials. to treat. For this reason, we have machinery that makes the management of these materials as optimal as possible.<\/p>\n<p>Domfesa manufactures different machines that help in the transportation and processing of bones, intestines, meat, skins, hair, feathers, etc.\u00a0 Some of them are:<\/p>\n<p>Domfesa has a wide variety of grinders with a large inlet section capable of grinding whole pieces of pork, beef&#8230; The grinders range between an output granulometry from 3mm to 40mm. <span style=\"color: #ffffff;\"><strong><a href=\"https:\/\/domfesasl.com\/en\/crushing-and-shredding-bone-crusher\/\" style=\"color: #ffffff;\">+info: crushed and crumbled<\/a><\/strong><\/span><\/p>\n<p>Machines for separating solids and liquids from the desired material. Percolating threads, which are capable of percolating all types of material. <span style=\"color: #ffffff;\"><strong><a href=\"https:\/\/domfesasl.com\/en\/helical-threads\/\" style=\"color: #ffffff;\">+ info: Conveyor augers<\/a><\/strong><\/span><\/p>\n<p>We have completely watertight scrapers to store materials that are intertwined with each other and are not capable of passing naturally through the mouth of the silos. The 3000 mm diameter skimmers allow the material to fall fluidly since there would be no reduction in the exit area in the silo. <span style=\"color: #ffffff;\"><strong><a href=\"https:\/\/domfesasl.com\/en\/slicers-scraper-blades\/\" style=\"color: #ffffff;\">+info: chopping boards &#8211; scrapers<\/a><\/strong><\/span><\/p>\n<p>Domfesa has a transporter specialized in the transport of material that is difficult to transport, such as bones, large pieces of meat, skins, etc. This conveyor has a totally independent, heterogeneous and isolated internal cleaning system.<span style=\"color: #ffffff;\"><strong> <a href=\"https:\/\/domfesasl.com\/en\/redler-chain-conveyor\/\" style=\"color: #ffffff;\">+info: redler chain conveyor<\/a><\/strong><\/span><\/p>\n<p><span style=\"color: #ffffff;\"><\/span><\/p>\n<p>[\/et_pb_text][\/et_pb_column][\/et_pb_row][et_pb_row use_custom_gutter=&#8221;on&#8221; gutter_width=&#8221;2&#8243; _builder_version=&#8221;4.23.1&#8243; custom_margin=&#8221;-10px|auto|-30px|auto||&#8221; global_colors_info=&#8221;{}&#8221; theme_builder_area=&#8221;post_content&#8221;][et_pb_column type=&#8221;4_4&#8243; _builder_version=&#8221;4.21.0&#8243; _module_preset=&#8221;default&#8221; global_colors_info=&#8221;{}&#8221; theme_builder_area=&#8221;post_content&#8221;][et_pb_button button_url=&#8221;https:\/\/domfesasl.com\/en\/contact\/&#8221; button_text=&#8221; Do you want to discover all the secrets of our SUBPRODUCTS &#8211; RENDERING? Contact Domfesa and enter a world of innovation and technology without limits!&#8221; _builder_version=&#8221;4.25.1&#8243; _module_preset=&#8221;default&#8221; custom_button=&#8221;on&#8221; button_text_color=&#8221;#FFFFFF&#8221; hover_enabled=&#8221;0&#8243; global_colors_info=&#8221;{}&#8221; theme_builder_area=&#8221;post_content&#8221; sticky_enabled=&#8221;0&#8243;][\/et_pb_button][\/et_pb_column][\/et_pb_row][\/et_pb_section]<\/p>\n","protected":false},"excerpt":{"rendered":"<p>SUBPRODUCTS \u2013 RENDERINGOur extensive experience in the processing, handling and transportation of by-products (RENDERING) has made us see that many times by-product materials, meat or fish waste, raw materials of organic origin, waste that is dangerous to health, are difficult materials. to treat. For this reason, we have machinery that makes the management of these [&hellip;]<\/p>\n","protected":false},"author":2,"featured_media":0,"parent":0,"menu_order":0,"comment_status":"closed","ping_status":"closed","template":"","meta":{"_et_pb_use_builder":"on","_et_pb_old_content":"<p>[et_pb_section fb_built=\"1\" _builder_version=\"4.16\" _module_preset=\"default\" global_colors_info=\"{}\"][et_pb_row _builder_version=\"4.16\" _module_preset=\"default\" global_colors_info=\"{}\"][et_pb_column type=\"4_4\" _builder_version=\"4.16\" _module_preset=\"default\" global_colors_info=\"{}\"][et_pb_text _builder_version=\"4.18.0\" _module_preset=\"default\" global_colors_info=\"{}\"]<\/p><h1 style=\"text-align: center;\"><strong>SUBPRODUCTO<\/strong><\/h1><p>\u00a0<\/p><p>Nuestra gran experiencia con el trato del subproducto nos hace saber que muchas veces son materiales dif\u00edciles de tratar. Por eso, disponemos de maquinaria que hace que la gesti\u00f3n de estos materiales sea la m\u00e1s sencilla posible.<\/p><p>Domfesa fabrica diferentes m\u00e1quinas que ayudan en el transporte, tratado de huesos, tripas, carne, pieles, pelo, etc.\u00a0 Algunas de ellas son:<\/p><ul><li>Domfesa dispone de una gran variedad de trituradores con una secci\u00f3n de entrada grande capaz de triturar piezas enteras de cerdo, vacuno... Los trituradores oscilan entre una granulometr\u00eda de salida desde 3mm a 40mm. <a href=\"https:\/\/domfesasl.com\/triturado-y-desmenuzado-triturador-de-huesos\/\"><strong>+info<\/strong><\/a><\/li><li>Maquinas de separaci\u00f3n de s\u00f3lidos y l\u00edquidos del material que se desee. Roscas percoladoras, que son capaces de percolar todo tipo de material. <a href=\"https:\/\/domfesasl.com\/roscas-helicoidales-sinfines\/\"><strong>+ info<\/strong><\/a><\/li><li>Disponemos de raseras completamente estancas para poder almacenar materiales que se entrelazan entre ellos y no son capaces de bajar por la boca de los silos. Las raseras de 3m de di\u00e1metro permiten que el material caiga con fluidez ya que no habr\u00eda reducci\u00f3n en el silo. <strong><a href=\"https:\/\/domfesasl.com\/tajaderas-raseras\/\">+info<\/a><\/strong><\/li><li>Domfesa dispone de un transportador especializado en el transporte de material dif\u00edcil de trasladar, como huesos, pieles etc. Este transportador dispone de un sistema de limpieza interior totalmente independiente. <a href=\"https:\/\/domfesasl.com\/transportador-de-cadena-redler\/\"><strong>+info<\/strong><\/a><\/li><\/ul><p>Todas nuestras m\u00e1quinas est\u00e1n calculadas y adaptadas a nuestros clientes para maximizar la eficiencia energ\u00e9tica de las mismas.<\/p><p>[\/et_pb_text][\/et_pb_column][\/et_pb_row][\/et_pb_section]<\/p>","_et_gb_content_width":"","footnotes":""},"class_list":["post-1373","page","type-page","status-publish","hentry"],"yoast_head":"<!-- This site is optimized with the Yoast SEO Premium plugin v20.10 (Yoast SEO v25.4) - https:\/\/yoast.com\/wordpress\/plugins\/seo\/ -->\n<title>SUBPRODUCT - Industrial Machinery and Boilermaking<\/title>\n<meta name=\"robots\" content=\"index, follow, max-snippet:-1, max-image-preview:large, max-video-preview:-1\" \/>\n<link rel=\"canonical\" href=\"https:\/\/domfesasl.com\/en\/subproduct\/\" \/>\n<meta property=\"og:locale\" content=\"en_GB\" \/>\n<meta property=\"og:type\" content=\"article\" \/>\n<meta property=\"og:title\" content=\"SUBPRODUCT\" \/>\n<meta property=\"og:description\" content=\"SUBPRODUCTS \u2013 RENDERINGOur extensive experience in the processing, handling and transportation of by-products (RENDERING) has made us see that many times by-product materials, meat or fish waste, raw materials of organic origin, waste that is dangerous to health, are difficult materials. to treat. For this reason, we have machinery that makes the management of these [&hellip;]\" \/>\n<meta property=\"og:url\" content=\"https:\/\/domfesasl.com\/en\/subproduct\/\" \/>\n<meta property=\"og:site_name\" content=\"Industrial Machinery and Boilermaking\" \/>\n<meta property=\"article:modified_time\" content=\"2024-07-16T11:02:52+00:00\" \/>\n<meta name=\"twitter:card\" content=\"summary_large_image\" \/>\n<meta name=\"twitter:label1\" content=\"Estimated reading time\" \/>\n\t<meta name=\"twitter:data1\" content=\"1 minute\" \/>\n<script type=\"application\/ld+json\" class=\"yoast-schema-graph\">{\"@context\":\"https:\/\/schema.org\",\"@graph\":[{\"@type\":\"WebPage\",\"@id\":\"https:\/\/domfesasl.com\/en\/subproduct\/\",\"url\":\"https:\/\/domfesasl.com\/en\/subproduct\/\",\"name\":\"SUBPRODUCT - Industrial Machinery and Boilermaking\",\"isPartOf\":{\"@id\":\"https:\/\/domfesasl.com\/en\/#website\"},\"datePublished\":\"2022-09-22T09:32:19+00:00\",\"dateModified\":\"2024-07-16T11:02:52+00:00\",\"breadcrumb\":{\"@id\":\"https:\/\/domfesasl.com\/en\/subproduct\/#breadcrumb\"},\"inLanguage\":\"en-GB\",\"potentialAction\":[{\"@type\":\"ReadAction\",\"target\":[\"https:\/\/domfesasl.com\/en\/subproduct\/\"]}]},{\"@type\":\"BreadcrumbList\",\"@id\":\"https:\/\/domfesasl.com\/en\/subproduct\/#breadcrumb\",\"itemListElement\":[{\"@type\":\"ListItem\",\"position\":1,\"name\":\"Portada\",\"item\":\"https:\/\/domfesasl.com\/en\/\"},{\"@type\":\"ListItem\",\"position\":2,\"name\":\"SUBPRODUCT\"}]},{\"@type\":\"WebSite\",\"@id\":\"https:\/\/domfesasl.com\/en\/#website\",\"url\":\"https:\/\/domfesasl.com\/en\/\",\"name\":\"Industrial Machinery and Boilermaking\",\"description\":\"Domfesa is a company that designs and manufactures INDUSTRIAL MACHINERY and BOILERING\",\"potentialAction\":[{\"@type\":\"SearchAction\",\"target\":{\"@type\":\"EntryPoint\",\"urlTemplate\":\"https:\/\/domfesasl.com\/en\/?s={search_term_string}\"},\"query-input\":{\"@type\":\"PropertyValueSpecification\",\"valueRequired\":true,\"valueName\":\"search_term_string\"}}],\"inLanguage\":\"en-GB\"}]}<\/script>\n<!-- \/ Yoast SEO Premium plugin. -->","yoast_head_json":{"title":"SUBPRODUCT - Industrial Machinery and Boilermaking","robots":{"index":"index","follow":"follow","max-snippet":"max-snippet:-1","max-image-preview":"max-image-preview:large","max-video-preview":"max-video-preview:-1"},"canonical":"https:\/\/domfesasl.com\/en\/subproduct\/","og_locale":"en_GB","og_type":"article","og_title":"SUBPRODUCT","og_description":"SUBPRODUCTS \u2013 RENDERINGOur extensive experience in the processing, handling and transportation of by-products (RENDERING) has made us see that many times by-product materials, meat or fish waste, raw materials of organic origin, waste that is dangerous to health, are difficult materials. to treat. For this reason, we have machinery that makes the management of these [&hellip;]","og_url":"https:\/\/domfesasl.com\/en\/subproduct\/","og_site_name":"Industrial Machinery and Boilermaking","article_modified_time":"2024-07-16T11:02:52+00:00","twitter_card":"summary_large_image","twitter_misc":{"Estimated reading time":"1 minute"},"schema":{"@context":"https:\/\/schema.org","@graph":[{"@type":"WebPage","@id":"https:\/\/domfesasl.com\/en\/subproduct\/","url":"https:\/\/domfesasl.com\/en\/subproduct\/","name":"SUBPRODUCT - Industrial Machinery and Boilermaking","isPartOf":{"@id":"https:\/\/domfesasl.com\/en\/#website"},"datePublished":"2022-09-22T09:32:19+00:00","dateModified":"2024-07-16T11:02:52+00:00","breadcrumb":{"@id":"https:\/\/domfesasl.com\/en\/subproduct\/#breadcrumb"},"inLanguage":"en-GB","potentialAction":[{"@type":"ReadAction","target":["https:\/\/domfesasl.com\/en\/subproduct\/"]}]},{"@type":"BreadcrumbList","@id":"https:\/\/domfesasl.com\/en\/subproduct\/#breadcrumb","itemListElement":[{"@type":"ListItem","position":1,"name":"Portada","item":"https:\/\/domfesasl.com\/en\/"},{"@type":"ListItem","position":2,"name":"SUBPRODUCT"}]},{"@type":"WebSite","@id":"https:\/\/domfesasl.com\/en\/#website","url":"https:\/\/domfesasl.com\/en\/","name":"Industrial Machinery and Boilermaking","description":"Domfesa is a company that designs and manufactures INDUSTRIAL MACHINERY and BOILERING","potentialAction":[{"@type":"SearchAction","target":{"@type":"EntryPoint","urlTemplate":"https:\/\/domfesasl.com\/en\/?s={search_term_string}"},"query-input":{"@type":"PropertyValueSpecification","valueRequired":true,"valueName":"search_term_string"}}],"inLanguage":"en-GB"}]}},"_links":{"self":[{"href":"https:\/\/domfesasl.com\/en\/wp-json\/wp\/v2\/pages\/1373","targetHints":{"allow":["GET"]}}],"collection":[{"href":"https:\/\/domfesasl.com\/en\/wp-json\/wp\/v2\/pages"}],"about":[{"href":"https:\/\/domfesasl.com\/en\/wp-json\/wp\/v2\/types\/page"}],"author":[{"embeddable":true,"href":"https:\/\/domfesasl.com\/en\/wp-json\/wp\/v2\/users\/2"}],"replies":[{"embeddable":true,"href":"https:\/\/domfesasl.com\/en\/wp-json\/wp\/v2\/comments?post=1373"}],"version-history":[{"count":7,"href":"https:\/\/domfesasl.com\/en\/wp-json\/wp\/v2\/pages\/1373\/revisions"}],"predecessor-version":[{"id":1710,"href":"https:\/\/domfesasl.com\/en\/wp-json\/wp\/v2\/pages\/1373\/revisions\/1710"}],"wp:attachment":[{"href":"https:\/\/domfesasl.com\/en\/wp-json\/wp\/v2\/media?parent=1373"}],"curies":[{"name":"wp","href":"https:\/\/api.w.org\/{rel}","templated":true}]}}