{"id":1386,"date":"2022-09-22T12:50:06","date_gmt":"2022-09-22T10:50:06","guid":{"rendered":"https:\/\/domfesasl.com\/en\/?page_id=1386"},"modified":"2024-02-05T18:43:52","modified_gmt":"2024-02-05T17:43:52","slug":"pets-food","status":"publish","type":"page","link":"https:\/\/domfesasl.com\/en\/pets-food\/","title":{"rendered":"Pets food"},"content":{"rendered":"<p>[et_pb_section fb_built=&#8221;1&#8243; disabled_on=&#8221;off|off|off&#8221; _builder_version=&#8221;4.23.1&#8243; _module_preset=&#8221;default&#8221; background_image=&#8221;https:\/\/domfesasl.com\/en\/wp-content\/uploads\/sites\/2\/2024\/02\/silos-pet-food-2000x600px.jpg&#8221; height=&#8221;400px&#8221; custom_margin=&#8221;||-5px||false|false&#8221; custom_padding=&#8221;||||false|false&#8221; background_last_edited=&#8221;on|phone&#8221; background_image_phone=&#8221;https:\/\/domfesasl.com\/en\/wp-content\/uploads\/sites\/2\/2024\/02\/silos-pet-food-1000x600px.jpg&#8221; background_enable_image_phone=&#8221;on&#8221; locked=&#8221;off&#8221; global_colors_info=&#8221;{}&#8221;][\/et_pb_section][et_pb_section fb_built=&#8221;1&#8243; _builder_version=&#8221;4.23.1&#8243; background_color=&#8221;#1428f1&#8243; custom_margin=&#8221;3px|||||&#8221; custom_padding=&#8221;7px|||||&#8221; top_divider_color=&#8221;#b3b3b3&#8243; top_divider_height=&#8221;40px&#8221; bottom_divider_color=&#8221;#b3b3b3&#8243; bottom_divider_height=&#8221;40px&#8221; border_color_top=&#8221;#b3b3b3&#8243; global_colors_info=&#8221;{}&#8221;][et_pb_row _builder_version=&#8221;4.16&#8243; custom_margin=&#8221;-4px|auto||auto||&#8221; custom_padding=&#8221;0px||13px|||&#8221; global_colors_info=&#8221;{}&#8221;][et_pb_column type=&#8221;4_4&#8243; _builder_version=&#8221;4.16&#8243; global_colors_info=&#8221;{}&#8221;][et_pb_text _builder_version=&#8221;4.24.0&#8243; header_font=&#8221;Arial|600||on|||||&#8221; header_text_color=&#8221;#1429f2&#8243; header_font_size=&#8221;24px&#8221; background_color=&#8221;#FFFFFF&#8221; custom_margin=&#8221;34px||||false|false&#8221; custom_padding=&#8221;8px||0px||false|false&#8221; global_colors_info=&#8221;{}&#8221;]<\/p>\n<h1 style=\"text-align: center;\">Pet Food:<br \/>\nThe best quality pet food for your pets<\/h1>\n<p>[\/et_pb_text][et_pb_text _builder_version=&#8221;4.24.0&#8243; _module_preset=&#8221;default&#8221; text_text_color=&#8221;#FFFFFF&#8221; text_font_size=&#8221;16px&#8221; global_colors_info=&#8221;{}&#8221;]<\/p>\n<p>Pets are our loyal friends and we want to ensure their quality food. That is why we work with companies committed to offering high quality pet food and derivatives.<\/p>\n<p>Domfesa manufactures specialised machines for the production process of pet food and derivatives. Its double chain conveyors, screw conveyors, sluices and ferric hoppers guarantee cleanliness, safety and efficiency at every stage. Our machines are designed to maximise energy efficiency and offer exceptional durability, with a sustainable character. Quality feed is essential for the health and well-being of our pets.<\/p>\n<p>[\/et_pb_text][et_pb_text _builder_version=&#8221;4.24.0&#8243; _module_preset=&#8221;default&#8221; text_text_color=&#8221;#FFFFFF&#8221; text_font_size=&#8221;16px&#8221; header_2_text_color=&#8221;#FFFFFF&#8221; header_3_text_color=&#8221;#FFFFFF&#8221; global_colors_info=&#8221;{}&#8221;]<\/p>\n<h2>High quality food is the key<\/h2>\n<p>High quality food is essential to ensure our pets stay happy and healthy. Quality foods provide our furry friends with the nutrients they need to strengthen their immune system, promote a shiny, healthy coat, and maintain optimal energy throughout the day.<\/p>\n<p>In addition, a quality diet helps prevent common pet health problems such as allergies, obesity and heart disease. By choosing high-quality food, we are investing in the long-term health of our pets.<\/p>\n<h2>Regarding the pet food production process<\/h2>\n<h3>Domfesa: Innovation in feed and meat meal processing machines<\/h3>\n<p>Domfesa is a leading manufacturer of specialised pet food processing machinery. Our machines are designed on the basis of the latest research, development and technology, guaranteeing an efficient and safe process.<\/p>\n<h3>Double chain conveyors: Guarantee of cleanliness and food safety<\/h3>\n<p>Our double-chain conveyors are totally watertight, preventing any leakage and ensuring the quality of the feed and meat meals. In addition, they are equipped with an automatic cleaning system that adapts to the specific needs of each customer, eliminating any risk of contamination.<\/p>\n<h3>Helicoidal threads and their role in the hermetic transport of ingredients<\/h3>\n<p>At Domfesa we have helicoidal threads of all diameters, which guarantee hermetic transport of ingredients under any working conditions. Our threads also have an exclusive anti-wear system that provides greater durability and efficiency in the machinery.<\/p>\n<h3>Rotary airlocks and rotary valves: Precise feed inlet regulation<\/h3>\n<p>To regulate the infeed of feed or by-product, we offer high quality rotary airlocks and rotary valves. Our sluice gates, made of stainless steel and steel, guarantee precise and safe control of the production process, preventing any losses or waste.<\/p>\n<h3>Ferrous magnet hoppers: The solution to prevent metal contamination<\/h3>\n<p>Our ferrous magnet hoppers are the perfect solution to prevent any metal contamination in the pet food production line. These hoppers safely separate metal debris, maintaining the quality and integrity of the final product.<\/p>\n<h3>Domfesa: Your ally in the production process of high quality pet food<\/h3>\n<p>At Domfesa, we have the experience and technology to help you in the production process of high quality pet food. Our machines, designed specifically for this purpose, guarantee efficiency, safety and quality at every stage of production.<\/p>\n<p>Our double chain conveyors, screw conveyors, airlocks and rotary valves are key parts of the manufacturing process, ensuring hermetic conveying of ingredients and precise regulation of feed intake. In addition, our ferric magnet hoppers prevent any metal contamination in the production line.<\/p>\n<p>Trust Domfesa as your ally in the production of high quality pet food. Our machinery adapted to your needs and our quality standards guarantee excellent end products, providing pets with the food they deserve.<\/p>\n<p>[\/et_pb_text][\/et_pb_column][\/et_pb_row][et_pb_row use_custom_gutter=&#8221;on&#8221; gutter_width=&#8221;2&#8243; _builder_version=&#8221;4.23.1&#8243; custom_margin=&#8221;-10px|auto|-30px|auto||&#8221; global_colors_info=&#8221;{}&#8221;][et_pb_column type=&#8221;4_4&#8243; _builder_version=&#8221;4.21.0&#8243; _module_preset=&#8221;default&#8221; global_colors_info=&#8221;{}&#8221;][et_pb_button button_url=&#8221;https:\/\/domfesasl.com\/en\/contact\/&#8221; button_text=&#8221;Do you want to discover all the secrets of Pet Food, the unbeatable quality in feed for your pets? Contact Domfesa and enter a world of innovation and technology without limits!&#8221; _builder_version=&#8221;4.24.0&#8243; _module_preset=&#8221;default&#8221; custom_button=&#8221;on&#8221; button_text_color=&#8221;#FFFFFF&#8221; hover_enabled=&#8221;0&#8243; global_colors_info=&#8221;{}&#8221; sticky_enabled=&#8221;0&#8243;][\/et_pb_button][\/et_pb_column][\/et_pb_row][\/et_pb_section]<\/p>\n","protected":false},"excerpt":{"rendered":"<p>Pet Food: The best quality pet food for your petsPets are our loyal friends and we want to ensure their quality food. That is why we work with companies committed to offering high quality pet food and derivatives. Domfesa manufactures specialised machines for the production process of pet food and derivatives. Its double chain conveyors, [&hellip;]<\/p>\n","protected":false},"author":2,"featured_media":0,"parent":0,"menu_order":0,"comment_status":"closed","ping_status":"closed","template":"","meta":{"_et_pb_use_builder":"on","_et_pb_old_content":"<p>[et_pb_section fb_built=\"1\" _builder_version=\"4.16\" _module_preset=\"default\" global_colors_info=\"{}\"][et_pb_row _builder_version=\"4.16\" _module_preset=\"default\" global_colors_info=\"{}\"][et_pb_column type=\"4_4\" _builder_version=\"4.16\" _module_preset=\"default\" global_colors_info=\"{}\"][et_pb_text _builder_version=\"4.18.0\" _module_preset=\"default\" global_colors_info=\"{}\"]<\/p><h1 style=\"text-align: center;\"><strong>PET FOOD<\/strong><\/h1><p>\u00a0<\/p><p>Para nosotros, las mascotas son los mejores y m\u00e1s fieles amigos de las personas. Por eso llevamos a\u00f1os trabajando para empresas que aseguran una calidad inmejorable en pienso y derivados.<\/p><p>Domfesa fabrica diferentes maquinas que ayudan en el proceso de producci\u00f3n de pienso y\/o harinas de carne como:<\/p><ul><li>Transportadores de doble cadena totalmente estancos, sin filtraciones y limpios, evitando la salmonella en el interior de ellos. Estos transportadores presentan un sistema de limpieza autom\u00e1tico que se adapta a cualquier necesidad del cliente. <a href=\"https:\/\/domfesasl.com\/transportador-de-cadena-redler\/\"><strong>+ info<\/strong><\/a><\/li><li>Disponemos de roscas de todos los di\u00e1metros, una gran variedad de cabezales y finales para garantizar un transporte herm\u00e9tico en cualquier condici\u00f3n de trabajo. Los helicoidales que disponemos llevan un sistema de antidesgaste dise\u00f1ado exclusivamente por Domfesa que proporciona una gran durabilidad de la maquinaria. <a href=\"https:\/\/domfesasl.com\/roscas-helicoidales-sinfines\/\"><strong>+ info<\/strong><\/a><\/li><li>Domfesa dispone de esclusas para regular la entrada de pienso o subproducto. Nuestras esclusas se construyen con acero inoxidable y acero. En caso de necesidad, tambi\u00e9n disponemos de esclusas muy ajustadas que mantienen en vacio en su r\u00e9gimen nominal de trabajo. <a href=\"https:\/\/domfesasl.com\/esclusas-valvulas-rotativas\/\"><strong>+ info<\/strong><\/a><\/li><li>Las tolvas de captaci\u00f3n de imanes, es una forma muy segura de separar el producto de los restos met\u00e1licos que podemos encontrar en la l\u00ednea de producci\u00f3n. <a href=\"https:\/\/domfesasl.com\/catacion-ferricos-por-iman\/\"><strong>+ info<\/strong><\/a><\/li><\/ul><p>Todas nuestras m\u00e1quinas est\u00e1n calculadas y adaptadas a nuestros clientes para maximizar la eficiencia energ\u00e9tica de las mismas.<\/p><p>[\/et_pb_text][\/et_pb_column][\/et_pb_row][\/et_pb_section]<\/p>","_et_gb_content_width":"","footnotes":""},"class_list":["post-1386","page","type-page","status-publish","hentry"],"yoast_head":"<!-- This site is optimized with the Yoast SEO Premium plugin v20.10 (Yoast SEO v25.4) - https:\/\/yoast.com\/wordpress\/plugins\/seo\/ -->\n<title>Pets food - Industrial Machinery and Boilermaking<\/title>\n<meta name=\"robots\" content=\"index, follow, max-snippet:-1, max-image-preview:large, max-video-preview:-1\" \/>\n<link rel=\"canonical\" href=\"https:\/\/domfesasl.com\/en\/pets-food\/\" \/>\n<meta property=\"og:locale\" content=\"en_GB\" \/>\n<meta property=\"og:type\" content=\"article\" \/>\n<meta property=\"og:title\" content=\"Pets food\" \/>\n<meta property=\"og:description\" content=\"Pet Food: The best quality pet food for your petsPets are our loyal friends and we want to ensure their quality food. That is why we work with companies committed to offering high quality pet food and derivatives. Domfesa manufactures specialised machines for the production process of pet food and derivatives. Its double chain conveyors, [&hellip;]\" \/>\n<meta property=\"og:url\" content=\"https:\/\/domfesasl.com\/en\/pets-food\/\" \/>\n<meta property=\"og:site_name\" content=\"Industrial Machinery and Boilermaking\" \/>\n<meta property=\"article:modified_time\" content=\"2024-02-05T17:43:52+00:00\" \/>\n<meta name=\"twitter:card\" content=\"summary_large_image\" \/>\n<meta name=\"twitter:label1\" content=\"Estimated reading time\" \/>\n\t<meta name=\"twitter:data1\" content=\"1 minute\" \/>\n<script type=\"application\/ld+json\" class=\"yoast-schema-graph\">{\"@context\":\"https:\/\/schema.org\",\"@graph\":[{\"@type\":\"WebPage\",\"@id\":\"https:\/\/domfesasl.com\/en\/pets-food\/\",\"url\":\"https:\/\/domfesasl.com\/en\/pets-food\/\",\"name\":\"Pets food - Industrial Machinery and Boilermaking\",\"isPartOf\":{\"@id\":\"https:\/\/domfesasl.com\/en\/#website\"},\"datePublished\":\"2022-09-22T10:50:06+00:00\",\"dateModified\":\"2024-02-05T17:43:52+00:00\",\"breadcrumb\":{\"@id\":\"https:\/\/domfesasl.com\/en\/pets-food\/#breadcrumb\"},\"inLanguage\":\"en-GB\",\"potentialAction\":[{\"@type\":\"ReadAction\",\"target\":[\"https:\/\/domfesasl.com\/en\/pets-food\/\"]}]},{\"@type\":\"BreadcrumbList\",\"@id\":\"https:\/\/domfesasl.com\/en\/pets-food\/#breadcrumb\",\"itemListElement\":[{\"@type\":\"ListItem\",\"position\":1,\"name\":\"Portada\",\"item\":\"https:\/\/domfesasl.com\/en\/\"},{\"@type\":\"ListItem\",\"position\":2,\"name\":\"Pets food\"}]},{\"@type\":\"WebSite\",\"@id\":\"https:\/\/domfesasl.com\/en\/#website\",\"url\":\"https:\/\/domfesasl.com\/en\/\",\"name\":\"Industrial Machinery and Boilermaking\",\"description\":\"Domfesa is a company that designs and manufactures INDUSTRIAL MACHINERY and BOILERING\",\"potentialAction\":[{\"@type\":\"SearchAction\",\"target\":{\"@type\":\"EntryPoint\",\"urlTemplate\":\"https:\/\/domfesasl.com\/en\/?s={search_term_string}\"},\"query-input\":{\"@type\":\"PropertyValueSpecification\",\"valueRequired\":true,\"valueName\":\"search_term_string\"}}],\"inLanguage\":\"en-GB\"}]}<\/script>\n<!-- \/ Yoast SEO Premium plugin. -->","yoast_head_json":{"title":"Pets food - Industrial Machinery and Boilermaking","robots":{"index":"index","follow":"follow","max-snippet":"max-snippet:-1","max-image-preview":"max-image-preview:large","max-video-preview":"max-video-preview:-1"},"canonical":"https:\/\/domfesasl.com\/en\/pets-food\/","og_locale":"en_GB","og_type":"article","og_title":"Pets food","og_description":"Pet Food: The best quality pet food for your petsPets are our loyal friends and we want to ensure their quality food. That is why we work with companies committed to offering high quality pet food and derivatives. Domfesa manufactures specialised machines for the production process of pet food and derivatives. Its double chain conveyors, [&hellip;]","og_url":"https:\/\/domfesasl.com\/en\/pets-food\/","og_site_name":"Industrial Machinery and Boilermaking","article_modified_time":"2024-02-05T17:43:52+00:00","twitter_card":"summary_large_image","twitter_misc":{"Estimated reading time":"1 minute"},"schema":{"@context":"https:\/\/schema.org","@graph":[{"@type":"WebPage","@id":"https:\/\/domfesasl.com\/en\/pets-food\/","url":"https:\/\/domfesasl.com\/en\/pets-food\/","name":"Pets food - Industrial Machinery and Boilermaking","isPartOf":{"@id":"https:\/\/domfesasl.com\/en\/#website"},"datePublished":"2022-09-22T10:50:06+00:00","dateModified":"2024-02-05T17:43:52+00:00","breadcrumb":{"@id":"https:\/\/domfesasl.com\/en\/pets-food\/#breadcrumb"},"inLanguage":"en-GB","potentialAction":[{"@type":"ReadAction","target":["https:\/\/domfesasl.com\/en\/pets-food\/"]}]},{"@type":"BreadcrumbList","@id":"https:\/\/domfesasl.com\/en\/pets-food\/#breadcrumb","itemListElement":[{"@type":"ListItem","position":1,"name":"Portada","item":"https:\/\/domfesasl.com\/en\/"},{"@type":"ListItem","position":2,"name":"Pets food"}]},{"@type":"WebSite","@id":"https:\/\/domfesasl.com\/en\/#website","url":"https:\/\/domfesasl.com\/en\/","name":"Industrial Machinery and Boilermaking","description":"Domfesa is a company that designs and manufactures INDUSTRIAL MACHINERY and BOILERING","potentialAction":[{"@type":"SearchAction","target":{"@type":"EntryPoint","urlTemplate":"https:\/\/domfesasl.com\/en\/?s={search_term_string}"},"query-input":{"@type":"PropertyValueSpecification","valueRequired":true,"valueName":"search_term_string"}}],"inLanguage":"en-GB"}]}},"_links":{"self":[{"href":"https:\/\/domfesasl.com\/en\/wp-json\/wp\/v2\/pages\/1386","targetHints":{"allow":["GET"]}}],"collection":[{"href":"https:\/\/domfesasl.com\/en\/wp-json\/wp\/v2\/pages"}],"about":[{"href":"https:\/\/domfesasl.com\/en\/wp-json\/wp\/v2\/types\/page"}],"author":[{"embeddable":true,"href":"https:\/\/domfesasl.com\/en\/wp-json\/wp\/v2\/users\/2"}],"replies":[{"embeddable":true,"href":"https:\/\/domfesasl.com\/en\/wp-json\/wp\/v2\/comments?post=1386"}],"version-history":[{"count":8,"href":"https:\/\/domfesasl.com\/en\/wp-json\/wp\/v2\/pages\/1386\/revisions"}],"predecessor-version":[{"id":1523,"href":"https:\/\/domfesasl.com\/en\/wp-json\/wp\/v2\/pages\/1386\/revisions\/1523"}],"wp:attachment":[{"href":"https:\/\/domfesasl.com\/en\/wp-json\/wp\/v2\/media?parent=1386"}],"curies":[{"name":"wp","href":"https:\/\/api.w.org\/{rel}","templated":true}]}}