{"id":1398,"date":"2022-10-13T10:36:27","date_gmt":"2022-10-13T08:36:27","guid":{"rendered":"https:\/\/domfesasl.com\/en\/?page_id=1398"},"modified":"2022-12-09T09:10:24","modified_gmt":"2022-12-09T08:10:24","slug":"redler-chain","status":"publish","type":"page","link":"https:\/\/domfesasl.com\/en\/redler-chain\/","title":{"rendered":"Redler Chain"},"content":{"rendered":"<p>[et_pb_section fb_built=&#8221;1&#8243; _builder_version=&#8221;4.16&#8243; custom_margin=&#8221;-58px|||||&#8221; top_divider_color=&#8221;#b3b3b3&#8243; top_divider_height=&#8221;40px&#8221; bottom_divider_color=&#8221;#b3b3b3&#8243; bottom_divider_height=&#8221;40px&#8221; border_width_top=&#8221;10px&#8221; border_color_top=&#8221;#b3b3b3&#8243; global_colors_info=&#8221;{}&#8221; custom_padding=&#8221;||0px|||&#8221;][et_pb_row _builder_version=&#8221;4.16&#8243; global_colors_info=&#8221;{}&#8221;][et_pb_column type=&#8221;4_4&#8243; _builder_version=&#8221;4.16&#8243; global_colors_info=&#8221;{}&#8221;][et_pb_text _builder_version=&#8221;4.18.0&#8243; header_font=&#8221;Arial||||||||&#8221; header_font_size=&#8221;44px&#8221; global_colors_info=&#8221;{}&#8221;]<\/p>\n<h1 style=\"text-align: center;\">Redler Chain<\/h1>\n<p>[\/et_pb_text][\/et_pb_column][\/et_pb_row][et_pb_row _builder_version=&#8221;4.16&#8243; global_colors_info=&#8221;{}&#8221; locked=&#8221;off&#8221;][et_pb_column type=&#8221;4_4&#8243; _builder_version=&#8221;4.16&#8243; global_colors_info=&#8221;{}&#8221;][et_pb_text _builder_version=&#8221;4.18.1&#8243; header_font=&#8221;Arial||||||||&#8221; header_font_size=&#8221;44px&#8221; header_2_font_size=&#8221;27px&#8221; hover_enabled=&#8221;0&#8243; global_colors_info=&#8221;{}&#8221; sticky_enabled=&#8221;0&#8243;]<\/p>\n<h1 style=\"text-align: center;\">Redler Chain &#8211; Plastic Blades<\/h1>\n<p>[\/et_pb_text][\/et_pb_column][\/et_pb_row][et_pb_row column_structure=&#8221;3_5,2_5&#8243; _builder_version=&#8221;4.18.0&#8243; _module_preset=&#8221;default&#8221; custom_margin=&#8221;-10px|auto||auto||&#8221; global_colors_info=&#8221;{}&#8221; locked=&#8221;off&#8221;][et_pb_column type=&#8221;3_5&#8243; _builder_version=&#8221;4.18.0&#8243; _module_preset=&#8221;default&#8221; global_colors_info=&#8221;{}&#8221;][et_pb_image src=&#8221;https:\/\/domfesasl.com\/wp-content\/uploads\/2022\/10\/Cadena-Redler900x500.jpg&#8221; alt=&#8221;Cadena Redler&#8221; title_text=&#8221;Cadena-Redler900x500&#8243; _builder_version=&#8221;4.18.0&#8243; _module_preset=&#8221;default&#8221; global_colors_info=&#8221;{}&#8221;][\/et_pb_image][et_pb_image src=&#8221;https:\/\/domfesasl.com\/wp-content\/uploads\/2022\/12\/cadena-redler.jpg&#8221; alt=&#8221;cadena redler domfesa&#8221; title_text=&#8221;cadena-redler&#8221; _builder_version=&#8221;4.18.1&#8243; _module_preset=&#8221;default&#8221; global_colors_info=&#8221;{}&#8221;][\/et_pb_image][\/et_pb_column][et_pb_column type=&#8221;2_5&#8243; _builder_version=&#8221;4.18.0&#8243; _module_preset=&#8221;default&#8221; global_colors_info=&#8221;{}&#8221;][et_pb_text _builder_version=&#8221;4.18.1&#8243; text_font=&#8221;Arial||||||||&#8221; text_font_size=&#8221;16px&#8221; custom_margin=&#8221;||50px||false|false&#8221; hover_enabled=&#8221;0&#8243; global_colors_info=&#8221;{}&#8221; sticky_enabled=&#8221;0&#8243;]<\/p>\n<p>We are specialists in the calculation and design of industrial transport machinery. Part of the success in the design of transport machines, both for lifting and moving, is due to such fundamental elements as the chain with which the motor torque is transmitted and the blades with which its capacity is dimensioned.<\/p>\n<p>The Redler type chain is a special chain system used for high production situations or where the installation requires high power. Its technical features make the Redler type chain the most recommended technological solution for conveying or elevating granular products.<\/p>\n<p>We have a large stock of Redler type chain in our facilities. We have two configurations of Redler type chain: forged and stainless steel. Depending on the needs and requirements presented to us by our customers, our technical office advises and counsels as to which configuration is the most suitable for their needs. For our chain configurations, we have a series of plastic blades which, depending on the working circumstances, have the mechanical properties best suited to production, such as: hardness, size, detectable or non-detectable structure, ceramic structural configurations&#8230; among others.<\/p>\n<p>The study and control of quality is fundamental in the industry. This is why our R&amp;D department has designed a series of transmission systems that make the most of the physical and mechanical performance of the Palas &#8211; Redler system.<\/p>\n<p>[\/et_pb_text][\/et_pb_column][\/et_pb_row][\/et_pb_section]<\/p>\n","protected":false},"excerpt":{"rendered":"<p>Redler ChainRedler Chain &#8211; Plastic BladesWe are specialists in the calculation and design of industrial transport machinery. Part of the success in the design of transport machines, both for lifting and moving, is due to such fundamental elements as the chain with which the motor torque is transmitted and the blades with which its capacity [&hellip;]<\/p>\n","protected":false},"author":1,"featured_media":0,"parent":0,"menu_order":0,"comment_status":"closed","ping_status":"closed","template":"","meta":{"_et_pb_use_builder":"on","_et_pb_old_content":"<p>[et_pb_section fb_built=\"1\" _builder_version=\"4.16\" custom_margin=\"-58px|||||\" top_divider_color=\"#b3b3b3\" top_divider_height=\"40px\" bottom_divider_color=\"#b3b3b3\" bottom_divider_height=\"40px\" border_width_top=\"10px\" border_color_top=\"#b3b3b3\" global_colors_info=\"{}\"][et_pb_row _builder_version=\"4.16\" global_colors_info=\"{}\"][et_pb_column type=\"4_4\" _builder_version=\"4.16\" global_colors_info=\"{}\"][et_pb_text _builder_version=\"4.18.0\" header_font=\"Arial||||||||\" header_font_size=\"44px\" global_colors_info=\"{}\"]<\/p><h1 style=\"text-align: center;\">Cadena Redler<\/h1><p>[\/et_pb_text][\/et_pb_column][\/et_pb_row][et_pb_row column_structure=\"3_5,2_5\" _builder_version=\"4.18.0\" _module_preset=\"default\" global_colors_info=\"{}\"][et_pb_column type=\"3_5\" _builder_version=\"4.18.0\" _module_preset=\"default\" global_colors_info=\"{}\"][et_pb_image src=\"https:\/\/domfesasl.com\/wp-content\/uploads\/2022\/10\/Cadena-Redler900x500.jpg\" alt=\"Cadena Redler\" title_text=\"Cadena-Redler900x500\" _builder_version=\"4.18.0\" _module_preset=\"default\" global_colors_info=\"{}\"][\/et_pb_image][\/et_pb_column][et_pb_column type=\"2_5\" _builder_version=\"4.18.0\" _module_preset=\"default\" global_colors_info=\"{}\"][et_pb_text _builder_version=\"4.18.0\" text_font=\"Arial||||||||\" text_font_size=\"16px\" custom_margin=\"||50px||false|false\" hover_enabled=\"0\" global_colors_info=\"{}\" sticky_enabled=\"0\"]<\/p><p>Somos especialistas en el c\u00e1lculo y dise\u00f1o de maquinaria industrial de transporte. Parte del \u00e9xito en el dise\u00f1o de maquinas de transporte, tanto de elevaci\u00f3n como de transporte horizontal, se debe a elementos tan fundamentales como la cadena con la que se trasmite el par motor.<br \/>La cadena tipo Redler es un sistema de cadena especial que se utiliza para situaciones de mucha producci\u00f3n o donde la instalaci\u00f3n requiere de una potencia elevada. Sus prestaciones t\u00e9cnicas hacen de la cadena tipo Redler la soluci\u00f3n tecnol\u00f3gica mas aconsejada para el transporte o elevaci\u00f3n de producto granulado.<br \/>En nuestras instalaciones tenemos un amplio stock de cadena tipo Redler. Contamos con dos configuraciones de la cadena tipo Redler, forja e inoxidable. Dependiendo de las necesidades y requerimientos que nos presenten nuestros clientes, nuestra oficina t\u00e9cnica aconseja y asesora en cuanto a qu\u00e9 configuraci\u00f3n es la que mas se adec\u00faa a sus necesidades.<br \/>El estudio y control de calidad es fundamental en la industria. Es por ellos que nuestro departamento de I+D ha dise\u00f1ado una serie de sistemas de trasmisi\u00f3n motriz que aprovechan al m\u00e1ximo las prestaciones f\u00edsicas del sistema Redler..<\/p><p>[\/et_pb_text][\/et_pb_column][\/et_pb_row][\/et_pb_section]<\/p>","_et_gb_content_width":"","footnotes":""},"class_list":["post-1398","page","type-page","status-publish","hentry"],"yoast_head":"<!-- This site is optimized with the Yoast SEO Premium plugin v20.10 (Yoast SEO v25.4) - https:\/\/yoast.com\/wordpress\/plugins\/seo\/ -->\n<title>Redler Chain - Industrial Machinery and Boilermaking<\/title>\n<meta name=\"description\" content=\"Somos especialistas en el c\u00e1lculo y dise\u00f1o de maquinaria industrial de transporte. Parte del \u00e9xito en el dise\u00f1o de maquinas de transporte\" \/>\n<meta name=\"robots\" content=\"index, follow, max-snippet:-1, max-image-preview:large, max-video-preview:-1\" \/>\n<link rel=\"canonical\" href=\"https:\/\/domfesasl.com\/en\/redler-chain\/\" \/>\n<meta property=\"og:locale\" content=\"en_GB\" \/>\n<meta property=\"og:type\" content=\"article\" \/>\n<meta property=\"og:title\" content=\"Redler Chain\" \/>\n<meta property=\"og:description\" content=\"Somos especialistas en el c\u00e1lculo y dise\u00f1o de maquinaria industrial de transporte. Parte del \u00e9xito en el dise\u00f1o de maquinas de transporte\" \/>\n<meta property=\"og:url\" content=\"https:\/\/domfesasl.com\/en\/redler-chain\/\" \/>\n<meta property=\"og:site_name\" content=\"Industrial Machinery and Boilermaking\" \/>\n<meta property=\"article:modified_time\" content=\"2022-12-09T08:10:24+00:00\" \/>\n<meta name=\"twitter:card\" content=\"summary_large_image\" \/>\n<meta name=\"twitter:label1\" content=\"Estimated reading time\" \/>\n\t<meta name=\"twitter:data1\" content=\"2 minutes\" \/>\n<script type=\"application\/ld+json\" class=\"yoast-schema-graph\">{\"@context\":\"https:\/\/schema.org\",\"@graph\":[{\"@type\":\"WebPage\",\"@id\":\"https:\/\/domfesasl.com\/en\/redler-chain\/\",\"url\":\"https:\/\/domfesasl.com\/en\/redler-chain\/\",\"name\":\"Redler Chain - Industrial Machinery and Boilermaking\",\"isPartOf\":{\"@id\":\"https:\/\/domfesasl.com\/en\/#website\"},\"datePublished\":\"2022-10-13T08:36:27+00:00\",\"dateModified\":\"2022-12-09T08:10:24+00:00\",\"description\":\"Somos especialistas en el c\u00e1lculo y dise\u00f1o de maquinaria industrial de transporte. Parte del \u00e9xito en el dise\u00f1o de maquinas de transporte\",\"breadcrumb\":{\"@id\":\"https:\/\/domfesasl.com\/en\/redler-chain\/#breadcrumb\"},\"inLanguage\":\"en-GB\",\"potentialAction\":[{\"@type\":\"ReadAction\",\"target\":[\"https:\/\/domfesasl.com\/en\/redler-chain\/\"]}]},{\"@type\":\"BreadcrumbList\",\"@id\":\"https:\/\/domfesasl.com\/en\/redler-chain\/#breadcrumb\",\"itemListElement\":[{\"@type\":\"ListItem\",\"position\":1,\"name\":\"Portada\",\"item\":\"https:\/\/domfesasl.com\/en\/\"},{\"@type\":\"ListItem\",\"position\":2,\"name\":\"Redler Chain\"}]},{\"@type\":\"WebSite\",\"@id\":\"https:\/\/domfesasl.com\/en\/#website\",\"url\":\"https:\/\/domfesasl.com\/en\/\",\"name\":\"Industrial Machinery and Boilermaking\",\"description\":\"Domfesa is a company that designs and manufactures INDUSTRIAL MACHINERY and BOILERING\",\"potentialAction\":[{\"@type\":\"SearchAction\",\"target\":{\"@type\":\"EntryPoint\",\"urlTemplate\":\"https:\/\/domfesasl.com\/en\/?s={search_term_string}\"},\"query-input\":{\"@type\":\"PropertyValueSpecification\",\"valueRequired\":true,\"valueName\":\"search_term_string\"}}],\"inLanguage\":\"en-GB\"}]}<\/script>\n<!-- \/ Yoast SEO Premium plugin. -->","yoast_head_json":{"title":"Redler Chain - Industrial Machinery and Boilermaking","description":"Somos especialistas en el c\u00e1lculo y dise\u00f1o de maquinaria industrial de transporte. Parte del \u00e9xito en el dise\u00f1o de maquinas de transporte","robots":{"index":"index","follow":"follow","max-snippet":"max-snippet:-1","max-image-preview":"max-image-preview:large","max-video-preview":"max-video-preview:-1"},"canonical":"https:\/\/domfesasl.com\/en\/redler-chain\/","og_locale":"en_GB","og_type":"article","og_title":"Redler Chain","og_description":"Somos especialistas en el c\u00e1lculo y dise\u00f1o de maquinaria industrial de transporte. Parte del \u00e9xito en el dise\u00f1o de maquinas de transporte","og_url":"https:\/\/domfesasl.com\/en\/redler-chain\/","og_site_name":"Industrial Machinery and Boilermaking","article_modified_time":"2022-12-09T08:10:24+00:00","twitter_card":"summary_large_image","twitter_misc":{"Estimated reading time":"2 minutes"},"schema":{"@context":"https:\/\/schema.org","@graph":[{"@type":"WebPage","@id":"https:\/\/domfesasl.com\/en\/redler-chain\/","url":"https:\/\/domfesasl.com\/en\/redler-chain\/","name":"Redler Chain - Industrial Machinery and Boilermaking","isPartOf":{"@id":"https:\/\/domfesasl.com\/en\/#website"},"datePublished":"2022-10-13T08:36:27+00:00","dateModified":"2022-12-09T08:10:24+00:00","description":"Somos especialistas en el c\u00e1lculo y dise\u00f1o de maquinaria industrial de transporte. Parte del \u00e9xito en el dise\u00f1o de maquinas de transporte","breadcrumb":{"@id":"https:\/\/domfesasl.com\/en\/redler-chain\/#breadcrumb"},"inLanguage":"en-GB","potentialAction":[{"@type":"ReadAction","target":["https:\/\/domfesasl.com\/en\/redler-chain\/"]}]},{"@type":"BreadcrumbList","@id":"https:\/\/domfesasl.com\/en\/redler-chain\/#breadcrumb","itemListElement":[{"@type":"ListItem","position":1,"name":"Portada","item":"https:\/\/domfesasl.com\/en\/"},{"@type":"ListItem","position":2,"name":"Redler Chain"}]},{"@type":"WebSite","@id":"https:\/\/domfesasl.com\/en\/#website","url":"https:\/\/domfesasl.com\/en\/","name":"Industrial Machinery and Boilermaking","description":"Domfesa is a company that designs and manufactures INDUSTRIAL MACHINERY and BOILERING","potentialAction":[{"@type":"SearchAction","target":{"@type":"EntryPoint","urlTemplate":"https:\/\/domfesasl.com\/en\/?s={search_term_string}"},"query-input":{"@type":"PropertyValueSpecification","valueRequired":true,"valueName":"search_term_string"}}],"inLanguage":"en-GB"}]}},"_links":{"self":[{"href":"https:\/\/domfesasl.com\/en\/wp-json\/wp\/v2\/pages\/1398","targetHints":{"allow":["GET"]}}],"collection":[{"href":"https:\/\/domfesasl.com\/en\/wp-json\/wp\/v2\/pages"}],"about":[{"href":"https:\/\/domfesasl.com\/en\/wp-json\/wp\/v2\/types\/page"}],"author":[{"embeddable":true,"href":"https:\/\/domfesasl.com\/en\/wp-json\/wp\/v2\/users\/1"}],"replies":[{"embeddable":true,"href":"https:\/\/domfesasl.com\/en\/wp-json\/wp\/v2\/comments?post=1398"}],"version-history":[{"count":5,"href":"https:\/\/domfesasl.com\/en\/wp-json\/wp\/v2\/pages\/1398\/revisions"}],"predecessor-version":[{"id":1408,"href":"https:\/\/domfesasl.com\/en\/wp-json\/wp\/v2\/pages\/1398\/revisions\/1408"}],"wp:attachment":[{"href":"https:\/\/domfesasl.com\/en\/wp-json\/wp\/v2\/media?parent=1398"}],"curies":[{"name":"wp","href":"https:\/\/api.w.org\/{rel}","templated":true}]}}