{"id":1410,"date":"2022-12-09T13:54:25","date_gmt":"2022-12-09T12:54:25","guid":{"rendered":"https:\/\/domfesasl.com\/en\/?page_id=1410"},"modified":"2022-12-09T14:00:19","modified_gmt":"2022-12-09T13:00:19","slug":"solids-and-liquid-filter","status":"publish","type":"page","link":"https:\/\/domfesasl.com\/en\/solids-and-liquid-filter\/","title":{"rendered":"Solids and Liquid Filter"},"content":{"rendered":"<p>[et_pb_section fb_built=&#8221;1&#8243; _builder_version=&#8221;4.16&#8243; custom_margin=&#8221;-58px|||||&#8221; top_divider_color=&#8221;#b3b3b3&#8243; top_divider_height=&#8221;40px&#8221; bottom_divider_color=&#8221;#b3b3b3&#8243; bottom_divider_height=&#8221;40px&#8221; border_width_top=&#8221;10px&#8221; border_color_top=&#8221;#b3b3b3&#8243; global_colors_info=&#8221;{}&#8221;][et_pb_row _builder_version=&#8221;4.16&#8243; global_colors_info=&#8221;{}&#8221;][et_pb_column type=&#8221;4_4&#8243; _builder_version=&#8221;4.16&#8243; global_colors_info=&#8221;{}&#8221;][et_pb_text _builder_version=&#8221;4.18.1&#8243; header_font=&#8221;Arial||||||||&#8221; header_font_size=&#8221;44px&#8221; header_2_font_size=&#8221;27px&#8221; global_colors_info=&#8221;{}&#8221;]<\/p>\n<h1 style=\"text-align: center;\">Solids and Liquid Filter<\/h1>\n<p>[\/et_pb_text][\/et_pb_column][\/et_pb_row][et_pb_row column_structure=&#8221;3_5,2_5&#8243; _builder_version=&#8221;4.18.0&#8243; _module_preset=&#8221;default&#8221; custom_margin=&#8221;-10px|auto||auto||&#8221; global_colors_info=&#8221;{}&#8221;][et_pb_column type=&#8221;3_5&#8243; _builder_version=&#8221;4.18.0&#8243; _module_preset=&#8221;default&#8221; global_colors_info=&#8221;{}&#8221;][et_pb_image src=&#8221;https:\/\/domfesasl.com\/en\/wp-content\/uploads\/sites\/2\/2022\/12\/DOMFESA-FILTRO-DE-GRASA-700X700.jpg&#8221; alt=&#8221;SOLIDS AND LIQUIDS FILTER&#8221; title_text=&#8221;DOMFESA &#8211; FILTRO DE GRASA &#8211; 700X700&#8243; _builder_version=&#8221;4.18.1&#8243; _module_preset=&#8221;default&#8221; global_colors_info=&#8221;{}&#8221;][\/et_pb_image][\/et_pb_column][et_pb_column type=&#8221;2_5&#8243; _builder_version=&#8221;4.18.0&#8243; _module_preset=&#8221;default&#8221; global_colors_info=&#8221;{}&#8221;][et_pb_text _builder_version=&#8221;4.18.1&#8243; text_font=&#8221;Arial||||||||&#8221; text_font_size=&#8221;16px&#8221; custom_margin=&#8221;||50px||false|false&#8221; global_colors_info=&#8221;{}&#8221;]<\/p>\n<p>SOLIDS AND LIQUIDS FILTER<\/p>\n<p>With increasing urgency, society is becoming aware of the environmental problems facing our planet.<\/p>\n<p>These environmental challenges directly affect the need to look for technological improvements that have a positive impact on our environment.<\/p>\n<p>Environmental awareness in terms of air renewal and ventilation, utilisation of by-products in primary industrial processes, parallel industrialised procedures to improve energy efficiency in recycling plants, processes and rendering, are priorities in this new and much needed industrial vision. Where the legal requirements attached to this type of machinery and processes are increasingly strict.<\/p>\n<p>At Domfesa we are involved in the cause and we design machinery adapted to the management, transport, storage, channelling, filtering and recycling of all types of materials (both solids and liquids), without losing in its science, the sustainable character.<\/p>\n<p>[\/et_pb_text][\/et_pb_column][\/et_pb_row][\/et_pb_section]<\/p>\n","protected":false},"excerpt":{"rendered":"<p>Solids and Liquid FilterSOLIDS AND LIQUIDS FILTER With increasing urgency, society is becoming aware of the environmental problems facing our planet. These environmental challenges directly affect the need to look for technological improvements that have a positive impact on our environment. Environmental awareness in terms of air renewal and ventilation, utilisation of by-products in primary [&hellip;]<\/p>\n","protected":false},"author":1,"featured_media":0,"parent":0,"menu_order":0,"comment_status":"closed","ping_status":"closed","template":"","meta":{"_et_pb_use_builder":"on","_et_pb_old_content":"<p>[et_pb_section fb_built=\"1\" _builder_version=\"4.16\" custom_margin=\"-58px|||||\" top_divider_color=\"#b3b3b3\" top_divider_height=\"40px\" bottom_divider_color=\"#b3b3b3\" bottom_divider_height=\"40px\" border_width_top=\"10px\" border_color_top=\"#b3b3b3\" global_colors_info=\"{}\"][et_pb_row _builder_version=\"4.16\" global_colors_info=\"{}\"][et_pb_column type=\"4_4\" _builder_version=\"4.16\" global_colors_info=\"{}\"][et_pb_text _builder_version=\"4.18.1\" header_font=\"Arial||||||||\" header_font_size=\"44px\" header_2_font_size=\"27px\" global_colors_info=\"{}\"]<\/p><h1 style=\"text-align: center;\">Filtro de S\u00f3lidos y L\u00edquidos<\/h1><p>[\/et_pb_text][\/et_pb_column][\/et_pb_row][et_pb_row column_structure=\"3_5,2_5\" _builder_version=\"4.18.0\" _module_preset=\"default\" custom_margin=\"-10px|auto||auto||\" global_colors_info=\"{}\"][et_pb_column type=\"3_5\" _builder_version=\"4.18.0\" _module_preset=\"default\" global_colors_info=\"{}\"][et_pb_image src=\"https:\/\/domfesasl.com\/wp-content\/uploads\/2022\/12\/filtro-de-grasa-700x700-1.jpg\" alt=\"filtro de s\u00f3lidos y l\u00edquidos\" title_text=\"filtro-de-grasa-700x700\" _builder_version=\"4.18.1\" _module_preset=\"default\" global_colors_info=\"{}\"][\/et_pb_image][\/et_pb_column][et_pb_column type=\"2_5\" _builder_version=\"4.18.0\" _module_preset=\"default\" global_colors_info=\"{}\"][et_pb_text _builder_version=\"4.18.1\" text_font=\"Arial||||||||\" text_font_size=\"16px\" custom_margin=\"||50px||false|false\" hover_enabled=\"0\" global_colors_info=\"{}\" sticky_enabled=\"0\"]<\/p><p>FILTRO DE S\u00d3LIDOS Y L\u00cdQUIDOS<\/p><p>Con un car\u00e1cter cada vez m\u00e1s urgente, la sociedad se est\u00e1 concienciando de los problemas medioambientales que est\u00e1 afrontando nuestro planeta.<\/p><p>Estos desaf\u00edos medioambientales afectan de una forma muy directa a la necesidad de buscar mejoras tecnol\u00f3gicas que impacten de una forma positiva en nuestro entorno.<\/p><p>La conciencia medioambiental en cuanto a la renovaci\u00f3n y ventilaci\u00f3n de aire, aprovechar subproductos en procesos industriales primarios, procedimientos paralelos industrializados para mejorar la eficiencia energ\u00e9tica en plantas de reciclaje, procesos y rendering, son prioritarios en esta nueva y tan necesaria visi\u00f3n industrial. Donde los requerimientos legales adjuntos a este tipo de maquinaria y procesos, son cada vez m\u00e1s estrictos<\/p><p>Desde Domfesa nos implicamos en la causa y dise\u00f1amos maquinaria adaptada a la gesti\u00f3n, transporte, almacenaje, canalizaci\u00f3n, filtraje y reciclaje de todo tipo de materiales (tanto s\u00f3lidos, como l\u00edquidos), sin perder en su ciencia, el car\u00e1cter sostenible.<\/p><p>Contamos con filtros calculados y especialmente dise\u00f1ados para cumplir con las m\u00e1s altas exigencias y circunstancias que nos presentan nuestros clientes.<\/p><p>[\/et_pb_text][\/et_pb_column][\/et_pb_row][\/et_pb_section]<\/p>","_et_gb_content_width":"","footnotes":""},"class_list":["post-1410","page","type-page","status-publish","hentry"],"yoast_head":"<!-- This site is optimized with the Yoast SEO Premium plugin v20.10 (Yoast SEO v25.4) - https:\/\/yoast.com\/wordpress\/plugins\/seo\/ -->\n<title>Solids and Liquid Filter - Industrial Machinery and Boilermaking<\/title>\n<meta name=\"robots\" content=\"index, follow, max-snippet:-1, max-image-preview:large, max-video-preview:-1\" \/>\n<link rel=\"canonical\" href=\"https:\/\/domfesasl.com\/en\/solids-and-liquid-filter\/\" \/>\n<meta property=\"og:locale\" content=\"en_GB\" \/>\n<meta property=\"og:type\" content=\"article\" \/>\n<meta property=\"og:title\" content=\"Solids and Liquid Filter\" \/>\n<meta property=\"og:description\" content=\"Solids and Liquid FilterSOLIDS AND LIQUIDS FILTER With increasing urgency, society is becoming aware of the environmental problems facing our planet. These environmental challenges directly affect the need to look for technological improvements that have a positive impact on our environment. Environmental awareness in terms of air renewal and ventilation, utilisation of by-products in primary [&hellip;]\" \/>\n<meta property=\"og:url\" content=\"https:\/\/domfesasl.com\/en\/solids-and-liquid-filter\/\" \/>\n<meta property=\"og:site_name\" content=\"Industrial Machinery and Boilermaking\" \/>\n<meta property=\"article:modified_time\" content=\"2022-12-09T13:00:19+00:00\" \/>\n<meta name=\"twitter:card\" content=\"summary_large_image\" \/>\n<meta name=\"twitter:label1\" content=\"Estimated reading time\" \/>\n\t<meta name=\"twitter:data1\" content=\"1 minute\" \/>\n<script type=\"application\/ld+json\" class=\"yoast-schema-graph\">{\"@context\":\"https:\/\/schema.org\",\"@graph\":[{\"@type\":\"WebPage\",\"@id\":\"https:\/\/domfesasl.com\/en\/solids-and-liquid-filter\/\",\"url\":\"https:\/\/domfesasl.com\/en\/solids-and-liquid-filter\/\",\"name\":\"Solids and Liquid Filter - Industrial Machinery and Boilermaking\",\"isPartOf\":{\"@id\":\"https:\/\/domfesasl.com\/en\/#website\"},\"datePublished\":\"2022-12-09T12:54:25+00:00\",\"dateModified\":\"2022-12-09T13:00:19+00:00\",\"breadcrumb\":{\"@id\":\"https:\/\/domfesasl.com\/en\/solids-and-liquid-filter\/#breadcrumb\"},\"inLanguage\":\"en-GB\",\"potentialAction\":[{\"@type\":\"ReadAction\",\"target\":[\"https:\/\/domfesasl.com\/en\/solids-and-liquid-filter\/\"]}]},{\"@type\":\"BreadcrumbList\",\"@id\":\"https:\/\/domfesasl.com\/en\/solids-and-liquid-filter\/#breadcrumb\",\"itemListElement\":[{\"@type\":\"ListItem\",\"position\":1,\"name\":\"Portada\",\"item\":\"https:\/\/domfesasl.com\/en\/\"},{\"@type\":\"ListItem\",\"position\":2,\"name\":\"Solids and Liquid Filter\"}]},{\"@type\":\"WebSite\",\"@id\":\"https:\/\/domfesasl.com\/en\/#website\",\"url\":\"https:\/\/domfesasl.com\/en\/\",\"name\":\"Industrial Machinery and Boilermaking\",\"description\":\"Domfesa is a company that designs and manufactures INDUSTRIAL MACHINERY and BOILERING\",\"potentialAction\":[{\"@type\":\"SearchAction\",\"target\":{\"@type\":\"EntryPoint\",\"urlTemplate\":\"https:\/\/domfesasl.com\/en\/?s={search_term_string}\"},\"query-input\":{\"@type\":\"PropertyValueSpecification\",\"valueRequired\":true,\"valueName\":\"search_term_string\"}}],\"inLanguage\":\"en-GB\"}]}<\/script>\n<!-- \/ Yoast SEO Premium plugin. -->","yoast_head_json":{"title":"Solids and Liquid Filter - Industrial Machinery and Boilermaking","robots":{"index":"index","follow":"follow","max-snippet":"max-snippet:-1","max-image-preview":"max-image-preview:large","max-video-preview":"max-video-preview:-1"},"canonical":"https:\/\/domfesasl.com\/en\/solids-and-liquid-filter\/","og_locale":"en_GB","og_type":"article","og_title":"Solids and Liquid Filter","og_description":"Solids and Liquid FilterSOLIDS AND LIQUIDS FILTER With increasing urgency, society is becoming aware of the environmental problems facing our planet. These environmental challenges directly affect the need to look for technological improvements that have a positive impact on our environment. Environmental awareness in terms of air renewal and ventilation, utilisation of by-products in primary [&hellip;]","og_url":"https:\/\/domfesasl.com\/en\/solids-and-liquid-filter\/","og_site_name":"Industrial Machinery and Boilermaking","article_modified_time":"2022-12-09T13:00:19+00:00","twitter_card":"summary_large_image","twitter_misc":{"Estimated reading time":"1 minute"},"schema":{"@context":"https:\/\/schema.org","@graph":[{"@type":"WebPage","@id":"https:\/\/domfesasl.com\/en\/solids-and-liquid-filter\/","url":"https:\/\/domfesasl.com\/en\/solids-and-liquid-filter\/","name":"Solids and Liquid Filter - Industrial Machinery and Boilermaking","isPartOf":{"@id":"https:\/\/domfesasl.com\/en\/#website"},"datePublished":"2022-12-09T12:54:25+00:00","dateModified":"2022-12-09T13:00:19+00:00","breadcrumb":{"@id":"https:\/\/domfesasl.com\/en\/solids-and-liquid-filter\/#breadcrumb"},"inLanguage":"en-GB","potentialAction":[{"@type":"ReadAction","target":["https:\/\/domfesasl.com\/en\/solids-and-liquid-filter\/"]}]},{"@type":"BreadcrumbList","@id":"https:\/\/domfesasl.com\/en\/solids-and-liquid-filter\/#breadcrumb","itemListElement":[{"@type":"ListItem","position":1,"name":"Portada","item":"https:\/\/domfesasl.com\/en\/"},{"@type":"ListItem","position":2,"name":"Solids and Liquid Filter"}]},{"@type":"WebSite","@id":"https:\/\/domfesasl.com\/en\/#website","url":"https:\/\/domfesasl.com\/en\/","name":"Industrial Machinery and Boilermaking","description":"Domfesa is a company that designs and manufactures INDUSTRIAL MACHINERY and BOILERING","potentialAction":[{"@type":"SearchAction","target":{"@type":"EntryPoint","urlTemplate":"https:\/\/domfesasl.com\/en\/?s={search_term_string}"},"query-input":{"@type":"PropertyValueSpecification","valueRequired":true,"valueName":"search_term_string"}}],"inLanguage":"en-GB"}]}},"_links":{"self":[{"href":"https:\/\/domfesasl.com\/en\/wp-json\/wp\/v2\/pages\/1410","targetHints":{"allow":["GET"]}}],"collection":[{"href":"https:\/\/domfesasl.com\/en\/wp-json\/wp\/v2\/pages"}],"about":[{"href":"https:\/\/domfesasl.com\/en\/wp-json\/wp\/v2\/types\/page"}],"author":[{"embeddable":true,"href":"https:\/\/domfesasl.com\/en\/wp-json\/wp\/v2\/users\/1"}],"replies":[{"embeddable":true,"href":"https:\/\/domfesasl.com\/en\/wp-json\/wp\/v2\/comments?post=1410"}],"version-history":[{"count":5,"href":"https:\/\/domfesasl.com\/en\/wp-json\/wp\/v2\/pages\/1410\/revisions"}],"predecessor-version":[{"id":1417,"href":"https:\/\/domfesasl.com\/en\/wp-json\/wp\/v2\/pages\/1410\/revisions\/1417"}],"wp:attachment":[{"href":"https:\/\/domfesasl.com\/en\/wp-json\/wp\/v2\/media?parent=1410"}],"curies":[{"name":"wp","href":"https:\/\/api.w.org\/{rel}","templated":true}]}}