{"id":1472,"date":"2024-02-02T18:51:45","date_gmt":"2024-02-02T17:51:45","guid":{"rendered":"https:\/\/domfesasl.com\/en\/?page_id=1472"},"modified":"2024-02-08T17:41:43","modified_gmt":"2024-02-08T16:41:43","slug":"cyclone-particle-separator","status":"publish","type":"page","link":"https:\/\/domfesasl.com\/en\/cyclone-particle-separator\/","title":{"rendered":"CYCLONE \u2013 PARTICLE SEPARATOR"},"content":{"rendered":"<p>[et_pb_section fb_built=&#8221;1&#8243; disabled_on=&#8221;off|off|off&#8221; _builder_version=&#8221;4.23.1&#8243; _module_preset=&#8221;default&#8221; background_image=&#8221;https:\/\/domfesasl.com\/wp-content\/uploads\/2023\/11\/slider-separador-de-cidlones-2000x650px.jpg&#8221; height=&#8221;400px&#8221; custom_margin=&#8221;||-5px||false|false&#8221; custom_padding=&#8221;||||false|false&#8221; background_last_edited=&#8221;on|phone&#8221; background_image_phone=&#8221;https:\/\/domfesasl.com\/wp-content\/uploads\/2023\/12\/01-separador-de-particulas.jpg&#8221; background_enable_image_phone=&#8221;on&#8221; locked=&#8221;off&#8221; global_colors_info=&#8221;{}&#8221;][\/et_pb_section][et_pb_section fb_built=&#8221;1&#8243; _builder_version=&#8221;4.23.1&#8243; background_color=&#8221;#1428f1&#8243; custom_margin=&#8221;3px|||||&#8221; custom_padding=&#8221;7px|||||&#8221; top_divider_color=&#8221;#b3b3b3&#8243; top_divider_height=&#8221;40px&#8221; bottom_divider_color=&#8221;#b3b3b3&#8243; bottom_divider_height=&#8221;40px&#8221; border_color_top=&#8221;#b3b3b3&#8243; global_colors_info=&#8221;{}&#8221;][et_pb_row _builder_version=&#8221;4.16&#8243; custom_margin=&#8221;-4px|auto||auto||&#8221; custom_padding=&#8221;0px||13px|||&#8221; global_colors_info=&#8221;{}&#8221;][et_pb_column type=&#8221;4_4&#8243; _builder_version=&#8221;4.16&#8243; global_colors_info=&#8221;{}&#8221;][et_pb_text _builder_version=&#8221;4.24.0&#8243; header_font=&#8221;Arial|600||on|||||&#8221; header_text_color=&#8221;#1429f2&#8243; header_font_size=&#8221;24px&#8221; header_line_height=&#8221;1.1em&#8221; header_2_font_size=&#8221;47px&#8221; background_color=&#8221;#FFFFFF&#8221; custom_margin=&#8221;34px||||false|false&#8221; custom_padding=&#8221;8px||0px||false|false&#8221; hover_enabled=&#8221;0&#8243; locked=&#8221;off&#8221; global_colors_info=&#8221;{}&#8221; sticky_enabled=&#8221;0&#8243;]<\/p>\n<h1 style=\"text-align: center;\">CYCLONE &#8211; PARTICLE SEPARATOR<\/h1>\n<p>[\/et_pb_text][et_pb_text _builder_version=&#8221;4.24.0&#8243; _module_preset=&#8221;default&#8221; text_text_color=&#8221;#FFFFFF&#8221; text_font_size=&#8221;16px&#8221; global_colors_info=&#8221;{}&#8221;]<\/p>\n<p>Particle separators are devices used in industrial processes to separate suspended solids. Their operation is based on the principle of separation by specific weight and their internal design with tangential inlet allows for greater efficiency in the removal of particles. These separators, made in Domfesa, are manufactured with materials resistant to erosion and friction, which allows them to function optimally. They are also easy to maintain, with the option of automatic discharge of accumulated sediment. In combination with other filters, the particle separators offer optimal cleaning and are used in various industrial sectors.<\/p>\n<p>[\/et_pb_text][et_pb_text _builder_version=&#8221;4.24.0&#8243; _module_preset=&#8221;default&#8221; text_text_color=&#8221;#FFFFFF&#8221; text_font_size=&#8221;16px&#8221; header_2_text_color=&#8221;#FFFFFF&#8221; header_3_text_color=&#8221;#FFFFFF&#8221; global_colors_info=&#8221;{}&#8221;]<\/p>\n<h2><a href=\"https:\/\/domfesasl.com\/wp-content\/uploads\/2023\/12\/02-separador-de-particulas-1.jpg\"><img loading=\"lazy\" decoding=\"async\" class=\"wp-image-2094 alignleft size-full\" src=\"https:\/\/domfesasl.com\/wp-content\/uploads\/2023\/12\/02-separador-de-particulas-1.jpg\" alt=\"Separador de part\u00edculas de Domfesa\" width=\"450\" height=\"800\" \/><\/a><\/h2>\n<h3><strong>Operation of particle separators<\/strong><\/h3>\n<p>Particle separators are devices used in industrial processes to separate suspended solids. Their operation is based on the principle of separation by specific gravity, internal design and tangential inlet, as well as on the materials of construction and strength of which they are composed.<\/p>\n<h3><strong>Separation principle based on specific gravity<\/strong><\/h3>\n<p>Particle separators use the principle of specific gravity separation to separate solids from a mixture. This principle is based on the difference in density between the solid particles and the air. When the specific gravity of the solids is greater than that of the air, they tend to separate and accumulate at the bottom of the separator.<\/p>\n<h3><strong>Interior design and tangential inlet<\/strong><\/h3>\n<p>Domfesa has a study and design department adapted to each type of raw material. A highlight of the particle separators is their interior design and tangential inlet. Each different design is optimised to get the maximum performance in terms of filtering and particle separation, saving maximum energy and time for the users of this equipment.<\/p>\n<p>Always thinking and respecting the environment in a sustainable way.<\/p>\n<h3><strong>Manufacturing materials and resistance<\/strong><\/h3>\n<p>The particle separators are manufactured with high quality and resistant materials, depending on the requirements of each different material, avoiding corrosion as much as possible and extending the useful life of the machine in question.<\/p>\n<h3><strong>R+D+I +C<\/strong><\/h3>\n<p>Domfesa has the four most important acronyms to be able to take control from the beginning of the project to the end (LCA) taking care of even the smallest detail.<\/p>\n<p>We have internal engineering + the team in charge of development + continuous innovation + our own manufacturing line, which allows us to be more competitive and efficient, improving day by day in order to provide a better service to our customers.<\/p>\n<p>[\/et_pb_text][\/et_pb_column][\/et_pb_row][et_pb_row use_custom_gutter=&#8221;on&#8221; gutter_width=&#8221;2&#8243; _builder_version=&#8221;4.23.1&#8243; custom_margin=&#8221;-10px|auto|-30px|auto||&#8221; global_colors_info=&#8221;{}&#8221;][et_pb_column type=&#8221;4_4&#8243; _builder_version=&#8221;4.21.0&#8243; _module_preset=&#8221;default&#8221; global_colors_info=&#8221;{}&#8221;][et_pb_button button_url=&#8221;https:\/\/domfesasl.com\/en\/contact\/&#8221; button_text=&#8221;Do you want to discover all the secrets of our particle separator? Contact Domfesa and enter a world of innovation and technology without limits!&#8221; _builder_version=&#8221;4.24.0&#8243; _module_preset=&#8221;default&#8221; custom_button=&#8221;on&#8221; button_text_color=&#8221;#FFFFFF&#8221; global_colors_info=&#8221;{}&#8221;][\/et_pb_button][\/et_pb_column][\/et_pb_row][\/et_pb_section]<\/p>\n","protected":false},"excerpt":{"rendered":"<p>CYCLONE &#8211; PARTICLE SEPARATORParticle separators are devices used in industrial processes to separate suspended solids. Their operation is based on the principle of separation by specific weight and their internal design with tangential inlet allows for greater efficiency in the removal of particles. These separators, made in Domfesa, are manufactured with materials resistant to erosion [&hellip;]<\/p>\n","protected":false},"author":2,"featured_media":1473,"parent":0,"menu_order":0,"comment_status":"closed","ping_status":"closed","template":"","meta":{"_et_pb_use_builder":"on","_et_pb_old_content":"<p>[et_pb_section fb_built=\"1\" disabled_on=\"off|off|off\" _builder_version=\"4.23.1\" _module_preset=\"default\" background_image=\"https:\/\/domfesasl.com\/wp-content\/uploads\/2023\/11\/slider-separador-de-cidlones-2000x650px.jpg\" height=\"400px\" custom_margin=\"||-5px||false|false\" custom_padding=\"||||false|false\" background_last_edited=\"on|phone\" background_image_phone=\"https:\/\/domfesasl.com\/wp-content\/uploads\/2023\/12\/01-separador-de-particulas.jpg\" background_enable_image_phone=\"on\" locked=\"off\" global_colors_info=\"{}\"][\/et_pb_section][et_pb_section fb_built=\"1\" _builder_version=\"4.23.1\" background_color=\"#1428f1\" custom_margin=\"3px|||||\" custom_padding=\"7px|||||\" top_divider_color=\"#b3b3b3\" top_divider_height=\"40px\" bottom_divider_color=\"#b3b3b3\" bottom_divider_height=\"40px\" border_color_top=\"#b3b3b3\" global_colors_info=\"{}\"][et_pb_row _builder_version=\"4.16\" custom_margin=\"-4px|auto||auto||\" custom_padding=\"0px||13px|||\" global_colors_info=\"{}\"][et_pb_column type=\"4_4\" _builder_version=\"4.16\" global_colors_info=\"{}\"][et_pb_text _builder_version=\"4.23.4\" header_font=\"Arial|600||on|||||\" header_text_color=\"#1429f2\" header_font_size=\"24px\" header_line_height=\"1.1em\" header_2_font_size=\"47px\" background_color=\"#FFFFFF\" custom_margin=\"34px||||false|false\" custom_padding=\"8px||0px||false|false\" locked=\"off\" global_colors_info=\"{}\"]<\/p><h1 style=\"text-align: center;\">Separador de part\u00edculas:<br \/>innovaci\u00f3n y eficiencia en la separaci\u00f3n de s\u00f3lidos<\/h1><p>[\/et_pb_text][et_pb_text _builder_version=\"4.23.1\" _module_preset=\"default\" text_text_color=\"#FFFFFF\" text_font_size=\"16px\" global_colors_info=\"{}\"]<\/p><p>Los separadores de part\u00edculas son dispositivos utilizados en procesos industriales para separar s\u00f3lidos en suspensi\u00f3n. Su funcionamiento se basa en el principio de separaci\u00f3n por peso espec\u00edfico y su dise\u00f1o interior con entrada tangencial permite una mayor eficiencia en la eliminaci\u00f3n de part\u00edculas. Estos separadores, made in Domfesa, est\u00e1n fabricados con materiales resistentes a la erosi\u00f3n y fricci\u00f3n, lo que les permite funcionar de manera \u00f3ptima. Adem\u00e1s, su mantenimiento es sencillo, con la opci\u00f3n de descarga autom\u00e1tica de sedimentos acumulados. En combinaci\u00f3n con otros filtros, los separadores de part\u00edculas ofrecen una limpieza \u00f3ptima y se utilizan en diversos sectores industriales.<\/p><p>[\/et_pb_text][et_pb_text _builder_version=\"4.23.1\" _module_preset=\"default\" text_text_color=\"#FFFFFF\" text_font_size=\"16px\" header_2_text_color=\"#FFFFFF\" header_3_text_color=\"#FFFFFF\" global_colors_info=\"{}\"]<\/p><h2><a href=\"https:\/\/domfesasl.com\/wp-content\/uploads\/2023\/12\/02-separador-de-particulas-1.jpg\"><img class=\"wp-image-2094 alignleft size-full\" src=\"https:\/\/domfesasl.com\/wp-content\/uploads\/2023\/12\/02-separador-de-particulas-1.jpg\" alt=\"Separador de part\u00edculas de Domfesa\" width=\"450\" height=\"800\" \/><\/a>Funcionamiento de los separadores de part\u00edculas<\/h2><p>Los separadores de part\u00edculas son dispositivos utilizados en procesos industriales para separar s\u00f3lidos en suspensi\u00f3n. Su funcionamiento se basa en el principio de separaci\u00f3n por peso espec\u00edfico, el dise\u00f1o interior y la entrada tangencial, as\u00ed como en los materiales de fabricaci\u00f3n y resistencia que los componen.<\/p><h3><strong>Principio de separaci\u00f3n basado en el peso espec\u00edfico<\/strong><\/h3><p>Los separadores de part\u00edculas utilizan el principio de separaci\u00f3n por peso espec\u00edfico para separar los s\u00f3lidos de una mezcla. Este principio se basa en la diferencia de densidad entre las part\u00edculas s\u00f3lidas y el aire. Cuando el peso espec\u00edfico de los s\u00f3lidos es mayor al del aire, estos tienden a separarse y acumularse en el fondo del separador.<\/p><h3><strong>Dise\u00f1o interior y entrada tangencial<\/strong><\/h3><p>Domfesa contiene un departamento de estudio y dise\u00f1o adaptado a cada tipo de materia prima. Un aspecto destacado de los separadores de part\u00edculas es su dise\u00f1o interior y la entrada tangencial. Cada distinto dise\u00f1o est\u00e1 optimizado para sacar el m\u00e1ximo rendimiento en t\u00e9rminos de filtrado y separaci\u00f3n de part\u00edculas ahorrando la m\u00e1xima energ\u00eda y tiempo a los usuarios de estos equipos.<\/p><p>Siempre pensando y respetando el medio ambiente con car\u00e1cter sostenible.<\/p><h3><strong>Materiales de fabricaci\u00f3n y resistencia<\/strong><\/h3><p>Los separadores de part\u00edculas est\u00e1n fabricados con materiales de alta calidad y resistencia, dependiendo de los requerimientos que requiere cada distinto material evitando la corrosi\u00f3n al m\u00e1ximo y alargando la vida \u00fatil de la m\u00e1quina en cuesti\u00f3n.<\/p><h3>I+D+I +C<\/h3><p>La empresa Domfesa dispone de las cuatro m\u00e1s importantes siglas para poder llevar el control desde el principo del proyecto hasta el final (LCA) cuidando hasta el m\u00e1s peque\u00f1o detalle.<\/p><p>Disponemos de una ingenier\u00eda interna + el equipo al cargo del desarrollo + una continuada innovaci\u00f3n + l\u00ednea propia de fabricaci\u00f3n, Lo que nos permite ser m\u00e1s competitivos y eficientes, mejorando d\u00eda a dia para poder dar un mejor servicio a nuestros clientes.<\/p><p>[\/et_pb_text][\/et_pb_column][\/et_pb_row][et_pb_row use_custom_gutter=\"on\" gutter_width=\"2\" _builder_version=\"4.23.1\" custom_margin=\"-10px|auto|-30px|auto||\" global_colors_info=\"{}\"][et_pb_column type=\"4_4\" _builder_version=\"4.21.0\" _module_preset=\"default\" global_colors_info=\"{}\"][et_pb_button button_url=\"https:\/\/domfesasl.com\/contacto\/\" button_text=\"\u00bfQuieres descubrir todos los secretos de nuestro separador de part\u00edculas? \u00a1Contacta con Domfesa y ad\u00e9ntrate en un mundo de innovaci\u00f3n y tecnolog\u00eda sin l\u00edmites!\" _builder_version=\"4.23.1\" _module_preset=\"default\" custom_button=\"on\" button_text_color=\"#FFFFFF\" global_colors_info=\"{}\"][\/et_pb_button][\/et_pb_column][\/et_pb_row][\/et_pb_section]<\/p>","_et_gb_content_width":"","footnotes":""},"class_list":["post-1472","page","type-page","status-publish","has-post-thumbnail","hentry"],"yoast_head":"<!-- This site is optimized with the Yoast SEO Premium plugin v20.10 (Yoast SEO v25.4) - https:\/\/yoast.com\/wordpress\/plugins\/seo\/ -->\n<title>CYCLONE \u2013 PARTICLE SEPARATOR - Industrial Machinery and Boilermaking<\/title>\n<meta name=\"robots\" content=\"index, follow, max-snippet:-1, max-image-preview:large, max-video-preview:-1\" \/>\n<link rel=\"canonical\" href=\"https:\/\/domfesasl.com\/en\/cyclone-particle-separator\/\" \/>\n<meta property=\"og:locale\" content=\"en_GB\" \/>\n<meta property=\"og:type\" content=\"article\" \/>\n<meta property=\"og:title\" content=\"CYCLONE \u2013 PARTICLE SEPARATOR\" \/>\n<meta property=\"og:description\" content=\"CYCLONE - PARTICLE SEPARATORParticle separators are devices used in industrial processes to separate suspended solids. Their operation is based on the principle of separation by specific weight and their internal design with tangential inlet allows for greater efficiency in the removal of particles. These separators, made in Domfesa, are manufactured with materials resistant to erosion [&hellip;]\" \/>\n<meta property=\"og:url\" content=\"https:\/\/domfesasl.com\/en\/cyclone-particle-separator\/\" \/>\n<meta property=\"og:site_name\" content=\"Industrial Machinery and Boilermaking\" \/>\n<meta property=\"article:modified_time\" content=\"2024-02-08T16:41:43+00:00\" \/>\n<meta property=\"og:image\" content=\"https:\/\/domfesasl.com\/en\/wp-content\/uploads\/sites\/2\/2024\/02\/slider-ciclones-1000x600px.jpg\" \/>\n\t<meta property=\"og:image:width\" content=\"1000\" \/>\n\t<meta property=\"og:image:height\" content=\"600\" \/>\n\t<meta property=\"og:image:type\" content=\"image\/jpeg\" \/>\n<meta name=\"twitter:card\" content=\"summary_large_image\" \/>\n<meta name=\"twitter:label1\" content=\"Estimated reading time\" \/>\n\t<meta name=\"twitter:data1\" content=\"3 minutes\" \/>\n<script type=\"application\/ld+json\" class=\"yoast-schema-graph\">{\"@context\":\"https:\/\/schema.org\",\"@graph\":[{\"@type\":\"WebPage\",\"@id\":\"https:\/\/domfesasl.com\/en\/cyclone-particle-separator\/\",\"url\":\"https:\/\/domfesasl.com\/en\/cyclone-particle-separator\/\",\"name\":\"CYCLONE \u2013 PARTICLE SEPARATOR - Industrial Machinery and Boilermaking\",\"isPartOf\":{\"@id\":\"https:\/\/domfesasl.com\/en\/#website\"},\"primaryImageOfPage\":{\"@id\":\"https:\/\/domfesasl.com\/en\/cyclone-particle-separator\/#primaryimage\"},\"image\":{\"@id\":\"https:\/\/domfesasl.com\/en\/cyclone-particle-separator\/#primaryimage\"},\"thumbnailUrl\":\"https:\/\/domfesasl.com\/en\/wp-content\/uploads\/sites\/2\/2024\/02\/slider-ciclones-1000x600px.jpg\",\"datePublished\":\"2024-02-02T17:51:45+00:00\",\"dateModified\":\"2024-02-08T16:41:43+00:00\",\"breadcrumb\":{\"@id\":\"https:\/\/domfesasl.com\/en\/cyclone-particle-separator\/#breadcrumb\"},\"inLanguage\":\"en-GB\",\"potentialAction\":[{\"@type\":\"ReadAction\",\"target\":[\"https:\/\/domfesasl.com\/en\/cyclone-particle-separator\/\"]}]},{\"@type\":\"ImageObject\",\"inLanguage\":\"en-GB\",\"@id\":\"https:\/\/domfesasl.com\/en\/cyclone-particle-separator\/#primaryimage\",\"url\":\"https:\/\/domfesasl.com\/en\/wp-content\/uploads\/sites\/2\/2024\/02\/slider-ciclones-1000x600px.jpg\",\"contentUrl\":\"https:\/\/domfesasl.com\/en\/wp-content\/uploads\/sites\/2\/2024\/02\/slider-ciclones-1000x600px.jpg\",\"width\":1000,\"height\":600,\"caption\":\"Separador de part\u00edculas de Domfesa\"},{\"@type\":\"BreadcrumbList\",\"@id\":\"https:\/\/domfesasl.com\/en\/cyclone-particle-separator\/#breadcrumb\",\"itemListElement\":[{\"@type\":\"ListItem\",\"position\":1,\"name\":\"Portada\",\"item\":\"https:\/\/domfesasl.com\/en\/\"},{\"@type\":\"ListItem\",\"position\":2,\"name\":\"CYCLONE \u2013 PARTICLE SEPARATOR\"}]},{\"@type\":\"WebSite\",\"@id\":\"https:\/\/domfesasl.com\/en\/#website\",\"url\":\"https:\/\/domfesasl.com\/en\/\",\"name\":\"Industrial Machinery and Boilermaking\",\"description\":\"Domfesa is a company that designs and manufactures INDUSTRIAL MACHINERY and BOILERING\",\"potentialAction\":[{\"@type\":\"SearchAction\",\"target\":{\"@type\":\"EntryPoint\",\"urlTemplate\":\"https:\/\/domfesasl.com\/en\/?s={search_term_string}\"},\"query-input\":{\"@type\":\"PropertyValueSpecification\",\"valueRequired\":true,\"valueName\":\"search_term_string\"}}],\"inLanguage\":\"en-GB\"}]}<\/script>\n<!-- \/ Yoast SEO Premium plugin. -->","yoast_head_json":{"title":"CYCLONE \u2013 PARTICLE SEPARATOR - Industrial Machinery and Boilermaking","robots":{"index":"index","follow":"follow","max-snippet":"max-snippet:-1","max-image-preview":"max-image-preview:large","max-video-preview":"max-video-preview:-1"},"canonical":"https:\/\/domfesasl.com\/en\/cyclone-particle-separator\/","og_locale":"en_GB","og_type":"article","og_title":"CYCLONE \u2013 PARTICLE SEPARATOR","og_description":"CYCLONE - PARTICLE SEPARATORParticle separators are devices used in industrial processes to separate suspended solids. Their operation is based on the principle of separation by specific weight and their internal design with tangential inlet allows for greater efficiency in the removal of particles. These separators, made in Domfesa, are manufactured with materials resistant to erosion [&hellip;]","og_url":"https:\/\/domfesasl.com\/en\/cyclone-particle-separator\/","og_site_name":"Industrial Machinery and Boilermaking","article_modified_time":"2024-02-08T16:41:43+00:00","og_image":[{"width":1000,"height":600,"url":"https:\/\/domfesasl.com\/en\/wp-content\/uploads\/sites\/2\/2024\/02\/slider-ciclones-1000x600px.jpg","type":"image\/jpeg"}],"twitter_card":"summary_large_image","twitter_misc":{"Estimated reading time":"3 minutes"},"schema":{"@context":"https:\/\/schema.org","@graph":[{"@type":"WebPage","@id":"https:\/\/domfesasl.com\/en\/cyclone-particle-separator\/","url":"https:\/\/domfesasl.com\/en\/cyclone-particle-separator\/","name":"CYCLONE \u2013 PARTICLE SEPARATOR - Industrial Machinery and Boilermaking","isPartOf":{"@id":"https:\/\/domfesasl.com\/en\/#website"},"primaryImageOfPage":{"@id":"https:\/\/domfesasl.com\/en\/cyclone-particle-separator\/#primaryimage"},"image":{"@id":"https:\/\/domfesasl.com\/en\/cyclone-particle-separator\/#primaryimage"},"thumbnailUrl":"https:\/\/domfesasl.com\/en\/wp-content\/uploads\/sites\/2\/2024\/02\/slider-ciclones-1000x600px.jpg","datePublished":"2024-02-02T17:51:45+00:00","dateModified":"2024-02-08T16:41:43+00:00","breadcrumb":{"@id":"https:\/\/domfesasl.com\/en\/cyclone-particle-separator\/#breadcrumb"},"inLanguage":"en-GB","potentialAction":[{"@type":"ReadAction","target":["https:\/\/domfesasl.com\/en\/cyclone-particle-separator\/"]}]},{"@type":"ImageObject","inLanguage":"en-GB","@id":"https:\/\/domfesasl.com\/en\/cyclone-particle-separator\/#primaryimage","url":"https:\/\/domfesasl.com\/en\/wp-content\/uploads\/sites\/2\/2024\/02\/slider-ciclones-1000x600px.jpg","contentUrl":"https:\/\/domfesasl.com\/en\/wp-content\/uploads\/sites\/2\/2024\/02\/slider-ciclones-1000x600px.jpg","width":1000,"height":600,"caption":"Separador de part\u00edculas de Domfesa"},{"@type":"BreadcrumbList","@id":"https:\/\/domfesasl.com\/en\/cyclone-particle-separator\/#breadcrumb","itemListElement":[{"@type":"ListItem","position":1,"name":"Portada","item":"https:\/\/domfesasl.com\/en\/"},{"@type":"ListItem","position":2,"name":"CYCLONE \u2013 PARTICLE SEPARATOR"}]},{"@type":"WebSite","@id":"https:\/\/domfesasl.com\/en\/#website","url":"https:\/\/domfesasl.com\/en\/","name":"Industrial Machinery and Boilermaking","description":"Domfesa is a company that designs and manufactures INDUSTRIAL MACHINERY and BOILERING","potentialAction":[{"@type":"SearchAction","target":{"@type":"EntryPoint","urlTemplate":"https:\/\/domfesasl.com\/en\/?s={search_term_string}"},"query-input":{"@type":"PropertyValueSpecification","valueRequired":true,"valueName":"search_term_string"}}],"inLanguage":"en-GB"}]}},"_links":{"self":[{"href":"https:\/\/domfesasl.com\/en\/wp-json\/wp\/v2\/pages\/1472","targetHints":{"allow":["GET"]}}],"collection":[{"href":"https:\/\/domfesasl.com\/en\/wp-json\/wp\/v2\/pages"}],"about":[{"href":"https:\/\/domfesasl.com\/en\/wp-json\/wp\/v2\/types\/page"}],"author":[{"embeddable":true,"href":"https:\/\/domfesasl.com\/en\/wp-json\/wp\/v2\/users\/2"}],"replies":[{"embeddable":true,"href":"https:\/\/domfesasl.com\/en\/wp-json\/wp\/v2\/comments?post=1472"}],"version-history":[{"count":7,"href":"https:\/\/domfesasl.com\/en\/wp-json\/wp\/v2\/pages\/1472\/revisions"}],"predecessor-version":[{"id":1550,"href":"https:\/\/domfesasl.com\/en\/wp-json\/wp\/v2\/pages\/1472\/revisions\/1550"}],"wp:featuredmedia":[{"embeddable":true,"href":"https:\/\/domfesasl.com\/en\/wp-json\/wp\/v2\/media\/1473"}],"wp:attachment":[{"href":"https:\/\/domfesasl.com\/en\/wp-json\/wp\/v2\/media?parent=1472"}],"curies":[{"name":"wp","href":"https:\/\/api.w.org\/{rel}","templated":true}]}}